{"id":11,"date":"2013-02-27T17:21:18","date_gmt":"2013-02-27T16:21:18","guid":{"rendered":"http:\/\/www.ffzg.unizg.hr\/umjetnostrijeci\/?page_id=11"},"modified":"2024-07-08T19:33:41","modified_gmt":"2024-07-08T18:33:41","slug":"urednistvo","status":"publish","type":"page","link":"https:\/\/umjetnostrijeci.ffzg.unizg.hr\/?page_id=11","title":{"rendered":"O \u010dasopisu"},"content":{"rendered":"<table border=\"0\">\n<tbody>\n<tr>\n<td style=\"text-align: center; border: 1px solid #ffffff;\"><a href=\"http:\/\/www.ffzg.unizg.hr\/umjetnostrijeci\/wp-content\/uploads\/2013\/03\/Umjetnost-rijeci-br.-4-1957.jpg\"><img loading=\"lazy\" decoding=\"async\" class=\"aligncenter\" src=\"http:\/\/www.ffzg.unizg.hr\/umjetnostrijeci\/wp-content\/uploads\/2013\/03\/Umjetnost-rijeci-br.-4-1957.jpg\" alt=\"Umjetnost rijeci br. 4 1957\" width=\"134\" height=\"195\" \/><\/a><\/td>\n<td style=\"text-align: center; border: 1px solid #ffffff;\"><a href=\"http:\/\/www.ffzg.unizg.hr\/umjetnostrijeci\/wp-content\/uploads\/2013\/03\/UR-br.-4-1981.jpg\"><img loading=\"lazy\" decoding=\"async\" class=\"aligncenter\" src=\"http:\/\/www.ffzg.unizg.hr\/umjetnostrijeci\/wp-content\/uploads\/2013\/03\/UR-br.-4-1981.jpg\" alt=\"UR br. 4 1981\" width=\"127\" height=\"194\" \/><\/a><\/td>\n<td style=\"text-align: center; border: 1px solid #ffffff;\"><a href=\"http:\/\/www.ffzg.unizg.hr\/umjetnostrijeci\/wp-content\/uploads\/2013\/02\/Naslovnica-UR-1-2-2012.jpg\"><img loading=\"lazy\" decoding=\"async\" class=\"aligncenter\" src=\"http:\/\/www.ffzg.unizg.hr\/umjetnostrijeci\/wp-content\/uploads\/2013\/02\/Naslovnica-UR-1-2-2012.jpg\" alt=\"Naslovnica-UR-1-2-2012\" width=\"129\" height=\"195\" \/><\/a><\/td>\n<td style=\"text-align: center; border: 1px solid #ffffff;\"><a href=\"http:\/\/www.ffzg.unizg.hr\/umjetnostrijeci\/wp-content\/uploads\/2013\/12\/UR-1-2-2013.png\"><img loading=\"lazy\" decoding=\"async\" class=\"aligncenter\" src=\"http:\/\/www.ffzg.unizg.hr\/umjetnostrijeci\/wp-content\/uploads\/2013\/12\/UR-1-2-2013-198x300.png\" alt=\"UR 1-2-2013\" width=\"129\" height=\"196\" \/><\/a><\/td>\n<\/tr>\n<tr>\n<td style=\"text-align: center; border: 1px solid #ffffff;\"><span style=\"color: #000000;\">1957 &#8211; 1973.<\/span><\/td>\n<td style=\"text-align: center; border: 1px solid #ffffff;\"><span style=\"color: #000000;\">1974 &#8211; 2009.<\/span><\/td>\n<td style=\"text-align: center; border: 1px solid #ffffff;\"><span style=\"color: #000000;\"> 2009 &#8211; 2012.<\/span><\/td>\n<td style=\"text-align: center; border: 1px solid #ffffff;\"><span style=\"color: #000000;\"> 2013 &#8211;<\/span><\/td>\n<\/tr>\n<\/tbody>\n<\/table>\n<p style=\"text-align: justify;\"><span style=\"font-size: small; font-family: trebuchet ms,geneva;\">\u010casopis <i>Umjetnost rije\u010di<\/i> kontinuirano izlazi od 1957. godine. Na svojim je stranicama objavljivao izvorne knji\u017eevnoznanstvene rasprave, recenzije, diskusijske priloge, izlaganja s kongresa i simpozija te bibliografije s podru\u010dja knji\u017eevne znanosti.<\/span><br \/>\n<span style=\"font-size: small; font-family: trebuchet ms,geneva;\">Rije\u010d je o hrvatskoj periodi\u010dnoj publikaciji s podru\u010dja znanosti o knji\u017eevnosti koja je prepoznatljiva u me\u0111unarodnim stru\u010dnim krugovima. Godine 2006., kada je proslavljena 50. obljetnica postojanja <i>Umjetnosti rije\u010di<\/i>, objavljen je svezak s cjelokupnom bibliografijom \u010dasopisa (1957 &#8212; 2005) te sve\u010dani dvobroj; 2009. objavljen je u broju 3 &#8212; 4 temat o &#8220;Zagreba\u010dkoj knji\u017eevnoznanstvenoj \u0161koli&#8221;. Upravo iz te skupine znanstvenika, koja je poznata i pod imenom &#8220;Zagreba\u010dka stilisti\u010dka \u0161kola&#8221; i \u010diji su glavni predstavnici bili Zdenko \u0160kreb, Ivo Frange\u0161, Aleksandar Flaker i Viktor \u017dmega\u010d, proizi\u0161la je inicijativa za pokretanje \u010dasopisa <i>Umjetnost rije\u010di<\/i> sredinom 1950-ih godina. <br \/>\nPotkraj 2012. <i>Umjetnost rije\u010di<\/i> dobila je novo uredni\u0161tvo, koje je uvelo nekoliko bitnih promjena u ure\u0111ivanju \u010dasopisa. \u010casopis je dobio novi podnaslov: znanosti o knji\u017eevnosti pridodani su izvedbena umjetnost i film, \u0161to je vjerojatno najve\u0107a \u201cprogramska\u201d promjena, te je po\u010deo objavljivati radove na engleskom, srpskom, crnogorskom i bosanskom standardnom jeziku. U prvih pola godine rada novo je uredni\u0161tvo uspostavilo bazu doma\u0107ih i me\u0111unarodnih recenzenata, pokrenulo dvojezi\u010dnu internetsku stranicu \u010dasopisa i omogu\u0107ilo slobodan pristup prilozima \u010dasopisa preko portala <i>Hr\u010dak: Portal znanstvenih \u010dasopisa Republike Hrvatske. <\/i>U me\u0111uvremenu smo pro\u0161iliri mre\u017eu suradnika iz Europe na Zapadni Balkan, SAD, Kanadu, Australiju i Aziju, stoga na\u0161i autori i recenzenti dolazi s nekoliko kontinenata.<\/span><br \/>\n<span style=\"font-size: small; font-family: trebuchet ms,geneva;\"><br \/>\n<\/span><br \/>\n<span style=\"font-size: small; font-family: book antiqua,palatino;\"><br \/>\n<\/span><\/p>\n","protected":false},"excerpt":{"rendered":"<p>1957 &#8211; 1973. 1974 &#8211; 2009. 2009 &#8211; 2012. 2013 &#8211; \u010casopis Umjetnost rije\u010di kontinuirano izlazi od 1957. godine. Na svojim je stranicama objavljivao izvorne knji\u017eevnoznanstvene rasprave, recenzije, diskusijske priloge, izlaganja s kongresa i simpozija te bibliografije s podru\u010dja knji\u017eevne znanosti. Rije\u010d je o hrvatskoj periodi\u010dnoj publikaciji s podru\u010dja znanosti o knji\u017eevnosti koja je prepoznatljiva [&hellip;]<\/p>\n","protected":false},"author":2,"featured_media":0,"parent":0,"menu_order":0,"comment_status":"closed","ping_status":"open","template":"","meta":{"footnotes":""},"class_list":["post-11","page","type-page","status-publish","hentry"],"_links":{"self":[{"href":"https:\/\/umjetnostrijeci.ffzg.unizg.hr\/index.php?rest_route=\/wp\/v2\/pages\/11","targetHints":{"allow":["GET"]}}],"collection":[{"href":"https:\/\/umjetnostrijeci.ffzg.unizg.hr\/index.php?rest_route=\/wp\/v2\/pages"}],"about":[{"href":"https:\/\/umjetnostrijeci.ffzg.unizg.hr\/index.php?rest_route=\/wp\/v2\/types\/page"}],"author":[{"embeddable":true,"href":"https:\/\/umjetnostrijeci.ffzg.unizg.hr\/index.php?rest_route=\/wp\/v2\/users\/2"}],"replies":[{"embeddable":true,"href":"https:\/\/umjetnostrijeci.ffzg.unizg.hr\/index.php?rest_route=%2Fwp%2Fv2%2Fcomments&post=11"}],"version-history":[{"count":40,"href":"https:\/\/umjetnostrijeci.ffzg.unizg.hr\/index.php?rest_route=\/wp\/v2\/pages\/11\/revisions"}],"predecessor-version":[{"id":2848,"href":"https:\/\/umjetnostrijeci.ffzg.unizg.hr\/index.php?rest_route=\/wp\/v2\/pages\/11\/revisions\/2848"}],"wp:attachment":[{"href":"https:\/\/umjetnostrijeci.ffzg.unizg.hr\/index.php?rest_route=%2Fwp%2Fv2%2Fmedia&parent=11"}],"curies":[{"name":"wp","href":"https:\/\/api.w.org\/{rel}","templated":true}]}}