{"id":1144,"date":"2015-02-25T18:34:10","date_gmt":"2015-02-25T17:34:10","guid":{"rendered":"http:\/\/www.ffzg.unizg.hr\/umjetnostrijeci\/?page_id=1144"},"modified":"2015-03-08T11:57:51","modified_gmt":"2015-03-08T10:57:51","slug":"2014-lviii-br-1","status":"publish","type":"page","link":"https:\/\/umjetnostrijeci.ffzg.unizg.hr\/?page_id=1144","title":{"rendered":"2014. (LVIII) Br. 1"},"content":{"rendered":"<table>\n<tbody>\n<tr>\n<td><a href=\"http:\/\/www.ffzg.unizg.hr\/umjetnostrijeci\/wp-content\/uploads\/2015\/03\/001-Drenjancevic-za-web.pdf\" target=\"_blank\">Nemogu\u0107i zahtjev: o\u010duvati le\u0161 teksta. \u010citanje pjesme <em>\u010cuvajte moj po\u0161tovani le\u0161<\/em> Tina Ujevi\u0107a<\/a><br \/> Ivana Drenjan\u010devi\u0107 (Odsjek za kroatistiku Filozofskog fakulteta Sveu\u010dil\u0161ta u Zagrebu)<\/td>\n<td>1&#8211;16.<\/td>\n<\/tr>\n<tr>\n<td><a href=\"http:\/\/www.ffzg.unizg.hr\/umjetnostrijeci\/wp-content\/uploads\/2015\/03\/002-Obad-za-web.pdf\" target=\"_blank\">&#8220;Dokumentarne&#8221; tendencije u hrvatskom i svjetskom eksperimentalnom filmu<\/a><br \/> Vanja Obad (Zagreb)<\/td>\n<td>17&#8211;40.<\/td>\n<\/tr>\n<tr>\n<td><a href=\"http:\/\/www.ffzg.unizg.hr\/umjetnostrijeci\/wp-content\/uploads\/2015\/03\/003-Icin-za-web.pdf\" target=\"_blank\">Faktura u razmi\u0161ljanjima V. Matveja, N. Burljuka i A. Kru\u010doniha<\/a><br \/> Kornelija I\u010din (Katedra za slavistiku Filolo\u0161kog fakulteta Sveu\u010dili\u0161ta u Beogradu)<\/td>\n<td>41&#8211;54.<\/td>\n<\/tr>\n<tr>\n<td><a href=\"http:\/\/www.ffzg.unizg.hr\/umjetnostrijeci\/wp-content\/uploads\/2015\/03\/004-Ryznar-za-web.pdf\" target=\"_blank\">Interdiskurzivnost: stilisti\u010dki prilog teoriji knji\u017eevnoga diskurza<\/a><br \/> Anera Ryznar (Odsjek za kroatistiku Filozofskog fakulteta Sveu\u010dili\u0161ta u Zagrebu)<\/td>\n<td>55&#8211;74.<\/td>\n<\/tr>\n<tr>\n<td><a href=\"http:\/\/www.ffzg.unizg.hr\/umjetnostrijeci\/wp-content\/uploads\/2015\/03\/005-Oblucar-za-web.pdf\" target=\"_blank\">&#8220;Kondicionalna istina&#8221; &#8211; esej kao knji\u017eevni \u017eanr<\/a><br \/> Branislav Oblu\u010dar (Odsjek za komparativnu knji\u017eevnost Filozofskog fakulteta Sveu\u010dili\u0161ta u Zagrebu)<\/td>\n<td>75&#8211;90.<\/td>\n<\/tr>\n<tr>\n<td><a href=\"http:\/\/www.ffzg.unizg.hr\/umjetnostrijeci\/wp-content\/uploads\/2015\/03\/006-Gvozden-za-web.pdf\" target=\"_blank\">Komparativna knji\u017eevnost bez granica<\/a><br \/> Vladimir Gvozden (Odsjek za komparativnu knji\u017eevnost Filozofskog fakulteta Sveu\u010dili\u0161ta u Novom Sadu)<\/td>\n<td>91&#8211;99.<\/td>\n<\/tr>\n<tr>\n<td><a href=\"http:\/\/www.ffzg.unizg.hr\/umjetnostrijeci\/wp-content\/uploads\/2015\/03\/009-Car-za-web.pdf\" target=\"_blank\">Imperijalne, postkolonijalne i nacionalne paradigme i razvoj knji\u017eevnoga polja<\/a><br \/> Milka Car (Odsjek za germanistiku Filozofskog fakulteta Sveu\u010dili\u0161ta u Zagrebu)<\/td>\n<td>99&#8211;105.<\/td>\n<\/tr>\n<tr>\n<td><a href=\"http:\/\/www.ffzg.unizg.hr\/umjetnostrijeci\/wp-content\/uploads\/2015\/03\/008-Jovanovic-za-web.pdf\" target=\"_blank\">In memoriam Vladimir Vratovi\u0107 (23. 5. 1917. &#8211; 2. 2. 2014)<\/a><br \/> Neven Jovanovi\u0107 (Odsjek za klasi\u010dnu filologiju Filozofskog fakulteta Sveu\u010dil\u0161ta u Zagrebu)<\/td>\n<td>105&#8211;107.<\/td>\n<\/tr>\n<\/tbody>\n<\/table>\n<p>&nbsp;<\/p>\n","protected":false},"excerpt":{"rendered":"<p>Nemogu\u0107i zahtjev: o\u010duvati le\u0161 teksta. \u010citanje pjesme \u010cuvajte moj po\u0161tovani le\u0161 Tina Ujevi\u0107a Ivana Drenjan\u010devi\u0107 (Odsjek za kroatistiku Filozofskog fakulteta Sveu\u010dil\u0161ta u Zagrebu) 1&#8211;16. &#8220;Dokumentarne&#8221; tendencije u hrvatskom i svjetskom eksperimentalnom filmu Vanja Obad (Zagreb) 17&#8211;40. Faktura u razmi\u0161ljanjima V. Matveja, N. Burljuka i A. Kru\u010doniha Kornelija I\u010din (Katedra za slavistiku Filolo\u0161kog fakulteta Sveu\u010dili\u0161ta u [&hellip;]<\/p>\n","protected":false},"author":2,"featured_media":0,"parent":228,"menu_order":0,"comment_status":"closed","ping_status":"open","template":"","meta":{"footnotes":""},"class_list":["post-1144","page","type-page","status-publish","hentry"],"_links":{"self":[{"href":"https:\/\/umjetnostrijeci.ffzg.unizg.hr\/index.php?rest_route=\/wp\/v2\/pages\/1144","targetHints":{"allow":["GET"]}}],"collection":[{"href":"https:\/\/umjetnostrijeci.ffzg.unizg.hr\/index.php?rest_route=\/wp\/v2\/pages"}],"about":[{"href":"https:\/\/umjetnostrijeci.ffzg.unizg.hr\/index.php?rest_route=\/wp\/v2\/types\/page"}],"author":[{"embeddable":true,"href":"https:\/\/umjetnostrijeci.ffzg.unizg.hr\/index.php?rest_route=\/wp\/v2\/users\/2"}],"replies":[{"embeddable":true,"href":"https:\/\/umjetnostrijeci.ffzg.unizg.hr\/index.php?rest_route=%2Fwp%2Fv2%2Fcomments&post=1144"}],"version-history":[{"count":7,"href":"https:\/\/umjetnostrijeci.ffzg.unizg.hr\/index.php?rest_route=\/wp\/v2\/pages\/1144\/revisions"}],"predecessor-version":[{"id":1221,"href":"https:\/\/umjetnostrijeci.ffzg.unizg.hr\/index.php?rest_route=\/wp\/v2\/pages\/1144\/revisions\/1221"}],"up":[{"embeddable":true,"href":"https:\/\/umjetnostrijeci.ffzg.unizg.hr\/index.php?rest_route=\/wp\/v2\/pages\/228"}],"wp:attachment":[{"href":"https:\/\/umjetnostrijeci.ffzg.unizg.hr\/index.php?rest_route=%2Fwp%2Fv2%2Fmedia&parent=1144"}],"curies":[{"name":"wp","href":"https:\/\/api.w.org\/{rel}","templated":true}]}}