{"id":1273,"date":"2016-01-11T22:57:48","date_gmt":"2016-01-11T21:57:48","guid":{"rendered":"http:\/\/umjetnostrijeci.ffzg.unizg.hr\/?page_id=1273"},"modified":"2018-07-09T06:56:06","modified_gmt":"2018-07-09T05:56:06","slug":"2014-lviii-br-3-4-engleski-broj","status":"publish","type":"page","link":"https:\/\/umjetnostrijeci.ffzg.unizg.hr\/?page_id=1273","title":{"rendered":"2014. (LVIII) Br. 3&#8211;4 Engleski broj"},"content":{"rendered":"<table>\n<tbody>\n<tr>\n<td><a href=\"http:\/\/umjetnostrijeci.ffzg.unizg.hr\/wp-content\/uploads\/2016\/01\/001-Uvod-za-web.pdf\" target=\"_blank\" rel=\"noopener\">Introduction to the First English (Double) Issue<\/a><br \/>\nUvodnik na engleskom<\/td>\n<td>275&#8211;276<\/td>\n<\/tr>\n<tr>\n<td><a href=\"http:\/\/umjetnostrijeci.ffzg.unizg.hr\/wp-content\/uploads\/2016\/01\/002-Biti-za-web.pdf\" target=\"_blank\" rel=\"noopener\">Disaggregating Territories: Literature, Emancipation, and Resistance<\/a><br \/>\n\u010clanak i sa\u017eetak na engleskom<br \/>\nVladimir Biti (Universit\u00e4t Wien)<\/td>\n<td>\u00a0277&#8211;308<\/td>\n<\/tr>\n<tr>\n<td><a href=\"http:\/\/umjetnostrijeci.ffzg.unizg.hr\/wp-content\/uploads\/2016\/01\/003-Banjanin-za-web.pdf\" target=\"_blank\" rel=\"noopener\">&#8220;Reflection&#8221;<\/a><br \/>\n\u010clanak i sa\u017eetak na engleskom<br \/>\nMilica Banjanin (Washington University in St. Louis)<\/td>\n<td>\u00a0309&#8211;329<\/td>\n<\/tr>\n<tr>\n<td><a href=\"http:\/\/umjetnostrijeci.ffzg.unizg.hr\/wp-content\/uploads\/2016\/01\/004-MetzlerSawin-za-web.pdf\" target=\"_blank\" rel=\"noopener\">Making <em>Contact<\/em>: William Carlos William&#8217;s American Literary Aesthetics<\/a><br \/>\n\u010clanak i sa\u017eetak na engleskom<br \/>\nMark Metzler Sawin (Eastern Mennonite University)<\/td>\n<td>\n<p>\u00a0331&#8211;353<\/p>\n<\/td>\n<\/tr>\n<tr>\n<td><a href=\"http:\/\/umjetnostrijeci.ffzg.unizg.hr\/wp-content\/uploads\/2016\/01\/005-Blazevic-za-web.pdf\" target=\"_blank\" rel=\"noopener\">Global Challenge: The (Im)possibilities of Transcultural Imagology<\/a><br \/>\n\u010clanak i sa\u017eetak na engleskom<br \/>\nZrinka Bla\u017eevi\u0107 (Sveu\u010dili\u0161te u Zagrebu)<\/td>\n<td>\u00a0355&#8211;367<\/td>\n<\/tr>\n<tr>\n<td><a href=\"http:\/\/umjetnostrijeci.ffzg.unizg.hr\/wp-content\/uploads\/2016\/01\/006-Polic-za-web.pdf\" target=\"_blank\" rel=\"noopener\">Of West, Quests and Bullwhips: George Bowering&#8217;s <em>Caprice<\/em> Rides through the Western Genre<\/a><br \/>\n\u010clanak i sa\u017eetak na engleskom<br \/>\nVanja Poli\u0107 (Sveu\u010dili\u0161te u Zagrebu)<\/td>\n<td>\u00a0369&#8211;389<\/td>\n<\/tr>\n<tr>\n<td><a href=\"http:\/\/umjetnostrijeci.ffzg.unizg.hr\/wp-content\/uploads\/2016\/01\/007-CaleFeldman-za-web.pdf\" target=\"_blank\" rel=\"noopener\">Uncanny Affinities<\/a> <br \/>\nRustom Bharusha, <em>Terror and Performance<\/em>, London and New York: Routledge, 2014<br \/>\nPrikaz knjige na engleskom<br \/>\nLada \u010cale Feldman (Sveu\u010dili\u0161te u Zagrebu)<\/td>\n<td>\u00a0391&#8211;395<\/td>\n<\/tr>\n<\/tbody>\n<\/table>\n<p>&nbsp;<\/p>\n","protected":false},"excerpt":{"rendered":"<p>Introduction to the First English (Double) Issue Uvodnik na engleskom 275&#8211;276 Disaggregating Territories: Literature, Emancipation, and Resistance \u010clanak i sa\u017eetak na engleskom Vladimir Biti (Universit\u00e4t Wien) \u00a0277&#8211;308 &#8220;Reflection&#8221; \u010clanak i sa\u017eetak na engleskom Milica Banjanin (Washington University in St. Louis) \u00a0309&#8211;329 Making Contact: William Carlos William&#8217;s American Literary Aesthetics \u010clanak i sa\u017eetak na engleskom Mark [&hellip;]<\/p>\n","protected":false},"author":2,"featured_media":0,"parent":228,"menu_order":0,"comment_status":"closed","ping_status":"closed","template":"","meta":{"footnotes":""},"class_list":["post-1273","page","type-page","status-publish","hentry"],"_links":{"self":[{"href":"https:\/\/umjetnostrijeci.ffzg.unizg.hr\/index.php?rest_route=\/wp\/v2\/pages\/1273","targetHints":{"allow":["GET"]}}],"collection":[{"href":"https:\/\/umjetnostrijeci.ffzg.unizg.hr\/index.php?rest_route=\/wp\/v2\/pages"}],"about":[{"href":"https:\/\/umjetnostrijeci.ffzg.unizg.hr\/index.php?rest_route=\/wp\/v2\/types\/page"}],"author":[{"embeddable":true,"href":"https:\/\/umjetnostrijeci.ffzg.unizg.hr\/index.php?rest_route=\/wp\/v2\/users\/2"}],"replies":[{"embeddable":true,"href":"https:\/\/umjetnostrijeci.ffzg.unizg.hr\/index.php?rest_route=%2Fwp%2Fv2%2Fcomments&post=1273"}],"version-history":[{"count":10,"href":"https:\/\/umjetnostrijeci.ffzg.unizg.hr\/index.php?rest_route=\/wp\/v2\/pages\/1273\/revisions"}],"predecessor-version":[{"id":1747,"href":"https:\/\/umjetnostrijeci.ffzg.unizg.hr\/index.php?rest_route=\/wp\/v2\/pages\/1273\/revisions\/1747"}],"up":[{"embeddable":true,"href":"https:\/\/umjetnostrijeci.ffzg.unizg.hr\/index.php?rest_route=\/wp\/v2\/pages\/228"}],"wp:attachment":[{"href":"https:\/\/umjetnostrijeci.ffzg.unizg.hr\/index.php?rest_route=%2Fwp%2Fv2%2Fmedia&parent=1273"}],"curies":[{"name":"wp","href":"https:\/\/api.w.org\/{rel}","templated":true}]}}