{"id":1410,"date":"2016-07-19T19:24:46","date_gmt":"2016-07-19T18:24:46","guid":{"rendered":"http:\/\/umjetnostrijeci.ffzg.unizg.hr\/?page_id=1410&#038;lang=en"},"modified":"2017-01-25T10:57:32","modified_gmt":"2017-01-25T09:57:32","slug":"2015-lix-br-1-2","status":"publish","type":"page","link":"https:\/\/umjetnostrijeci.ffzg.unizg.hr\/?page_id=1410&lang=en","title":{"rendered":"2015 (LIX) No. 1&#8211;2"},"content":{"rendered":"<table>\n<tbody>\n<tr style=\"height: 48px;\">\n<td style=\"height: 48px;\"><a href=\"http:\/\/umjetnostrijeci.ffzg.unizg.hr\/wp-content\/uploads\/2016\/07\/001-Vojvodic-za-web.pdf\" target=\"_blank\">Introduction to the Thematic Section on Body Studies<\/a><br \/>Article in Croatian; abstract in English<br \/>Jasmina Vojvodi\u0107 (University of Zagreb)<\/td>\n<td style=\"height: 48px;\">1&#8211;6<\/td>\n<\/tr>\n<tr style=\"height: 48px;\">\n<td style=\"height: 48px;\"><a href=\"http:\/\/umjetnostrijeci.ffzg.unizg.hr\/wp-content\/uploads\/2016\/07\/002-Uzarevic-za-web.pdf\" target=\"_blank\">The Idea of the Body (exemplified on <em>The Kukotsky Enigma<\/em> by Lyudmila Ulitskaya)<\/a><br \/>Article in Croatian; abstract in English<br \/>Josip U\u017earevi\u0107 (University of Zagreb)<\/td>\n<td style=\"height: 48px;\">7&#8211;20<\/td>\n<\/tr>\n<tr style=\"height: 48px;\">\n<td style=\"height: 48px;\"><a href=\"http:\/\/umjetnostrijeci.ffzg.unizg.hr\/wp-content\/uploads\/2016\/07\/003-Gunther-za-web.pdf\" target=\"_blank\">The Mechanization of Man and the Animation of the Machine in Italian Futurism and Russian Proletarian Literature<\/a><br \/>Article in Croatian; abstract in English<br \/>Hans G\u00fcnther (University of Bielefeld)<\/td>\n<td style=\"height: 48px;\">21&#8211;35<\/td>\n<\/tr>\n<tr style=\"height: 48px;\">\n<td style=\"height: 48px;\"><a href=\"http:\/\/umjetnostrijeci.ffzg.unizg.hr\/wp-content\/uploads\/2016\/07\/004-Zlydneva-za-web-korigiran.pdf\" target=\"_blank\">Body\/Organism in the 1920s Art: on the Electroorganism Group <\/a><br \/>Article in Croatian; abstract in English<br \/>Natalija Zlydneva (Russian Academy of Science, Moscow)<\/td>\n<td style=\"height: 48px;\">37&#8211;51<\/td>\n<\/tr>\n<tr style=\"height: 48px;\">\n<td style=\"height: 48px;\"><a href=\"http:\/\/umjetnostrijeci.ffzg.unizg.hr\/wp-content\/uploads\/2016\/07\/005-Hetenyi-za-web.pdf\" target=\"_blank\">Two Faces of Paradise &#8212; Pornography in Theory,\u00a0 Pornography in Nabokov&#8217;s Texts<\/a><br \/>Article in Croatian; abstract in English<br \/>Zsuzsa Het\u00e9ny (<span class=\"st\">E\u00f6tv\u00f6s Lor\u00e1nd University<\/span>, Budapest)<\/td>\n<td style=\"height: 48px;\">53&#8211;64<\/td>\n<\/tr>\n<tr style=\"height: 48px;\">\n<td style=\"height: 48px;\"><a href=\"http:\/\/umjetnostrijeci.ffzg.unizg.hr\/wp-content\/uploads\/2016\/07\/006-Zanic-za-web.pdf\" target=\"_blank\">A warum you nicth ballare?! Macaronics, Linguistic MImetics and Witticism in Popular Music in Croatia<\/a><br \/>Article in Croatian; abstract in English<br \/>Ivo \u017dani\u0107 (University of Zagreb)<\/td>\n<td style=\"height: 48px;\">65&#8211;92<\/td>\n<\/tr>\n<tr style=\"height: 48px;\">\n<td style=\"height: 48px;\"><a href=\"http:\/\/umjetnostrijeci.ffzg.unizg.hr\/wp-content\/uploads\/2016\/07\/007-Katusic-web.pdf\" target=\"_blank\">Feri\u0107&#8217;s Heterogenous Subversion of Fairy Tale<\/a><br \/>Article in Croatian; abstract in English<br \/>Bernarda Katu\u0161i\u0107 (University of Vienna)<\/td>\n<td style=\"height: 48px;\">93&#8211;110<\/td>\n<\/tr>\n<tr style=\"height: 48px;\">\n<td style=\"height: 48px;\"><a href=\"http:\/\/umjetnostrijeci.ffzg.unizg.hr\/wp-content\/uploads\/2016\/07\/008-Lujanovic-za-web.pdf\" target=\"_blank\">An Ironic Game of the Narrator&#8217;s Truth, and the Implicit Author in Andri\u0107&#8217;s <em>The Damned Yard<\/em><\/a><br \/>Article in Croatian; abstract in English<br \/>Neboj\u0161a Lujanovi\u0107 (University of Split)<\/td>\n<td style=\"height: 48px;\">111&#8211;131<\/td>\n<\/tr>\n<tr style=\"height: 48px;\">\n<td style=\"height: 48px;\"><a href=\"http:\/\/umjetnostrijeci.ffzg.unizg.hr\/wp-content\/uploads\/2016\/07\/009-Brozovic-za-web.pdf\" target=\"_blank\">Conflict on the Literary Left through the Lens of New Historicism<\/a><br \/>Article in Croatian; abstract in English<br \/>Domagoj Brozovi\u0107 (University of Zagreb)<\/td>\n<td style=\"height: 48px;\">133&#8211;154<\/td>\n<\/tr>\n<tr style=\"height: 48px;\">\n<td style=\"height: 48px;\"><a href=\"http:\/\/umjetnostrijeci.ffzg.unizg.hr\/wp-content\/uploads\/2016\/07\/010-Parezanin-za-web.pdf\" target=\"_blank\">The Poetry of Josip Sever and the Problems of Studying Neo-avant-garde Literature<\/a><br \/>Article in Croatian; abstract in English<br \/>Lujo Pare\u017eanin (Zagreb)<\/td>\n<td style=\"height: 48px;\">155&#8211;176<\/td>\n<\/tr>\n<tr style=\"height: 72px;\">\n<td style=\"height: 72px;\"><a href=\"http:\/\/umjetnostrijeci.ffzg.unizg.hr\/wp-content\/uploads\/2016\/07\/011-Prikaz-Leksikografija-tijela-za-web.pdf\" target=\"_blank\">Lexicography of the Body<\/a><br \/>Anja Nikoli\u0107-Hoyte,<em> Tezaurusni portret \u010dovje\u010djega tijela<\/em>. Zagreb: Hrvatska sveu\u010dili\u0161na naklada, 2014.<br \/>Book review in Croatian<br \/>Anera Ryznar (University of Zagreb)<\/td>\n<td style=\"height: 72px;\">177&#8211;180<\/td>\n<\/tr>\n<tr style=\"height: 72px;\">\n<td style=\"height: 72px;\"><a href=\"http:\/\/umjetnostrijeci.ffzg.unizg.hr\/wp-content\/uploads\/2016\/07\/012-Prikaz-Leksikografski-putokaz...-za-web.pdf\" target=\"_blank\">A Lexicographical Guideline for Social (Re)construction of the Body<\/a><br \/><em>Re\u010dnik tela,<\/em> ed. Bernard Andrieu i Gilles Bo\u00ebtch. Trans. by Olgica Stefanovi\u0107. Beograd: Slu\u017ebeni glasnik, 2010.<br \/>Book review in Croatian<br \/>Iva Rogulja Pra\u0161talo (Zagreb)<\/td>\n<td style=\"height: 72px;\">180&#8211;186<\/td>\n<\/tr>\n<tr style=\"height: 72px;\">\n<td style=\"height: 72px;\"><a href=\"http:\/\/umjetnostrijeci.ffzg.unizg.hr\/wp-content\/uploads\/2016\/07\/013-Prikaz-Neverbalni-duhovni-realizam-Dostoevskog-za-web.pdf\" target=\"_blank\">Dostoyevsky&#8217;s Nonverbal Spiritual Realism<\/a><br \/>Ur\u0161a Zabukovec, <em>Neverbalni Dostoevskij<\/em>. LJubljana: literarno-umetni\u0161ko dru\u0161tvo Literatura, 2014.<br \/>Book review in Croatian<br \/>Jasmina Vojvodi\u0107 (University of Zagreb)<\/td>\n<td style=\"height: 72px;\">186&#8211;191<\/td>\n<\/tr>\n<tr style=\"height: 72px;\">\n<td style=\"height: 72px;\"><a href=\"http:\/\/umjetnostrijeci.ffzg.unizg.hr\/wp-content\/uploads\/2016\/07\/014-Prikaz-Konstrukcija-kulturne-vrijednosti-za-web.pdf\" target=\"_blank\">Construction of a Cultural Value<\/a><br \/>Lukas Erne, <em>Shakespeare as Literary Dramatist<\/em>. Cambridge: Cambridge UP, 2013.<br \/>Lucas Erne, <em>Shakespeare and the Book Trade<\/em>. Cambridge: Cambridge UP, 2013.<br \/>Book reviews in Croatian<br \/>David \u0160porer (University of Zagreb)<\/td>\n<td style=\"height: 72px;\">191&#8211;196<\/td>\n<\/tr>\n<tr style=\"height: 72px;\">\n<td style=\"height: 72px;\"><a href=\"http:\/\/umjetnostrijeci.ffzg.unizg.hr\/wp-content\/uploads\/2016\/07\/015-Prikaz-Charles-Dickens-kao-europski-autor-za-web.pdf\" target=\"_blank\">Charles Dickens as a European Author<\/a><br \/><em>The Reception of Charles Dickens in Europe<\/em>. Vols. 1-2., ed. MIchael Hollington, London, New Delhi, New York, Sydney: Bloomsbury, 2013.<br \/>Book review in Croatian<br \/>Kristina Grgi\u0107 (University of Zagreb)<\/td>\n<td style=\"height: 72px;\">197&#8211;202<\/td>\n<\/tr>\n<tr style=\"height: 48px;\">\n<td style=\"height: 48px;\"><a href=\"http:\/\/umjetnostrijeci.ffzg.unizg.hr\/wp-content\/uploads\/2016\/07\/016-Vuletic-in-memoriam-za-web.pdf\" target=\"_blank\">In memoriam Branko Vuleti\u0107 (1937&#8211;2014) Phonetics and Poetics<\/a><br \/>In Croatian<br \/>Davor Nikoli\u0107 (University of Zagreb)<\/td>\n<td style=\"height: 48px;\">203&#8211;207<\/td>\n<\/tr>\n<tr style=\"height: 48px;\">\n<td style=\"height: 48px;\">\n<p><a href=\"http:\/\/umjetnostrijeci.ffzg.unizg.hr\/wp-content\/uploads\/2016\/07\/017-Pranjic-in-memoriam-za-web.pdf\" target=\"_blank\">In memoriam Krunoslav Pranji\u0107 (193&#8211;2015) From Stylemes to <em>Krunemes<\/em><\/a><br \/>In Croatian<br \/>Kre\u0161imir Bagi\u0107 (University of Zagreb)<\/p>\n<\/td>\n<td style=\"height: 48px;\">209&#8211;213<\/td>\n<\/tr>\n<\/tbody>\n<\/table>\n","protected":false},"excerpt":{"rendered":"<p>Introduction to the Thematic Section on Body StudiesArticle in Croatian; abstract in EnglishJasmina Vojvodi\u0107 (University of Zagreb) 1&#8211;6 The Idea of the Body (exemplified on The Kukotsky Enigma by Lyudmila Ulitskaya)Article in Croatian; abstract in EnglishJosip U\u017earevi\u0107 (University of Zagreb) 7&#8211;20 The Mechanization of Man and the Animation of the Machine in Italian Futurism and [&hellip;]<\/p>\n","protected":false},"author":2,"featured_media":0,"parent":490,"menu_order":0,"comment_status":"closed","ping_status":"closed","template":"","meta":{"footnotes":""},"class_list":["post-1410","page","type-page","status-publish","hentry"],"_links":{"self":[{"href":"https:\/\/umjetnostrijeci.ffzg.unizg.hr\/index.php?rest_route=\/wp\/v2\/pages\/1410","targetHints":{"allow":["GET"]}}],"collection":[{"href":"https:\/\/umjetnostrijeci.ffzg.unizg.hr\/index.php?rest_route=\/wp\/v2\/pages"}],"about":[{"href":"https:\/\/umjetnostrijeci.ffzg.unizg.hr\/index.php?rest_route=\/wp\/v2\/types\/page"}],"author":[{"embeddable":true,"href":"https:\/\/umjetnostrijeci.ffzg.unizg.hr\/index.php?rest_route=\/wp\/v2\/users\/2"}],"replies":[{"embeddable":true,"href":"https:\/\/umjetnostrijeci.ffzg.unizg.hr\/index.php?rest_route=%2Fwp%2Fv2%2Fcomments&post=1410"}],"version-history":[{"count":9,"href":"https:\/\/umjetnostrijeci.ffzg.unizg.hr\/index.php?rest_route=\/wp\/v2\/pages\/1410\/revisions"}],"predecessor-version":[{"id":1551,"href":"https:\/\/umjetnostrijeci.ffzg.unizg.hr\/index.php?rest_route=\/wp\/v2\/pages\/1410\/revisions\/1551"}],"up":[{"embeddable":true,"href":"https:\/\/umjetnostrijeci.ffzg.unizg.hr\/index.php?rest_route=\/wp\/v2\/pages\/490"}],"wp:attachment":[{"href":"https:\/\/umjetnostrijeci.ffzg.unizg.hr\/index.php?rest_route=%2Fwp%2Fv2%2Fmedia&parent=1410"}],"curies":[{"name":"wp","href":"https:\/\/api.w.org\/{rel}","templated":true}]}}