{"id":1434,"date":"2016-07-19T20:02:53","date_gmt":"2016-07-19T19:02:53","guid":{"rendered":"http:\/\/umjetnostrijeci.ffzg.unizg.hr\/?page_id=1434"},"modified":"2018-07-09T07:19:58","modified_gmt":"2018-07-09T06:19:58","slug":"2015-lix-br-3-4-engleski-broj","status":"publish","type":"page","link":"https:\/\/umjetnostrijeci.ffzg.unizg.hr\/?page_id=1434","title":{"rendered":"2015. (LIX) Br. 3&#8211;4 Engleski broj"},"content":{"rendered":"<table>\n<tbody>\n<tr style=\"height: 72px;\">\n<td style=\"height: 72px;\"><a href=\"http:\/\/umjetnostrijeci.ffzg.unizg.hr\/wp-content\/uploads\/2016\/07\/Umjetnost-rijeci-3-4-2015-0001-Grubel.pdf\" target=\"_blank\" rel=\"noopener\">Bakhtin&#8217;s Theory of Speech Genres and the Addressivity in Cultural Pragmatics of Genres in Literature: &#8220;Genus&#8221; vs. &#8220;Genre&#8221;<\/a><br \/>\n\u010clanak i sa\u017eetak na engleskom<br \/>\nRainer Gr\u00fcbel (Carl von Ossietzsky Universit\u00e4t Oldenburg)<\/td>\n<td style=\"height: 72px;\">215&#8211;238<\/td>\n<\/tr>\n<tr style=\"height: 48px;\">\n<td style=\"height: 48px;\"><a href=\"http:\/\/umjetnostrijeci.ffzg.unizg.hr\/wp-content\/uploads\/2016\/07\/Umjetnost-rijeci-3-4-2015-0002-Bobinac.pdf\" target=\"_blank\" rel=\"noopener\">The Habsburg Legacy from a Postcolonial and Postimperial Perspective<\/a><br \/>\n\u010clanak i sa\u017eetak na engleskom<br \/>\nMarijan Bobinac (Sveu\u010dili\u0161te u Zagrebu)<\/td>\n<td style=\"height: 48px;\">239&#8211;260<\/td>\n<\/tr>\n<tr style=\"height: 48px;\">\n<td style=\"height: 48px;\"><a href=\"http:\/\/umjetnostrijeci.ffzg.unizg.hr\/wp-content\/uploads\/2016\/07\/Umjetnost-rijeci-3-4-2015-0003-Petlevski.pdf\" target=\"_blank\" rel=\"noopener\">New Insights into the Concept of Decadence<\/a><br \/>\n\u010clanak i sa\u017eetak na engleskom<br \/>\nSibila Petlevski (Akademija dramskih umjetnosti, Zagreb)<\/td>\n<td style=\"height: 48px;\">261&#8211;295<\/td>\n<\/tr>\n<tr style=\"height: 48px;\">\n<td style=\"height: 48px;\"><a href=\"http:\/\/umjetnostrijeci.ffzg.unizg.hr\/wp-content\/uploads\/2016\/07\/Umjetnost-rijeci-3-4-2015-0004-Grgas.pdf\" target=\"_blank\" rel=\"noopener\">What Goes on Behind Mason and Dixon&#8217;s Backs in Pynchon&#8217;s Novel?<\/a><br \/>\n\u010clanak i sa\u017eetak na engleskom<br \/>\nStipe Grgas (Sveu\u010dili\u0161te u Zagrebu)<\/td>\n<td style=\"height: 48px;\">297&#8211;308<\/td>\n<\/tr>\n<tr style=\"height: 72px;\">\n<td style=\"height: 72px;\"><a href=\"http:\/\/umjetnostrijeci.ffzg.unizg.hr\/wp-content\/uploads\/2016\/07\/Umjetnost-rijeci-3-4-2015-0005-Jelaca.pdf\" target=\"_blank\" rel=\"noopener\">Feminist, Postmodern, Violent: Postwar<em> Film Noir<\/em> Romance, and the Undoing of Truth and Subjectivity<\/a><br \/>\n\u010clanak i sa\u017eetak na engleskom<br \/>\nDijana Jela\u010da (New York City College of Technology)<\/td>\n<td style=\"height: 72px;\">309&#8211;332<\/td>\n<\/tr>\n<tr style=\"height: 96px;\">\n<td style=\"height: 96px;\"><a href=\"http:\/\/umjetnostrijeci.ffzg.unizg.hr\/wp-content\/uploads\/2016\/07\/Umjetnost-rijeci-3-4-2015-0006-Prikaz.pdf\" target=\"_blank\" rel=\"noopener\">Book of America<\/a><br \/>\nStipe Grgas, <em>Ameri\u010dki studiji danas: identitet, kapital, spacijalnost,\u00a0<\/em> Zagreb: Meandar Media, 2014.<br \/>\nPrikaz knjige na engleskom<br \/>\nSven Cvek (Sveu\u010dili\u0161te u Zagrebu)<\/td>\n<td style=\"height: 96px;\">333&#8211;338<\/td>\n<\/tr>\n<tr style=\"height: 96px;\">\n<td style=\"height: 96px;\"><a href=\"http:\/\/umjetnostrijeci.ffzg.unizg.hr\/wp-content\/uploads\/2016\/07\/Umjetnost-rijeci-3-4-2015-0007-Prikaz-02.pdf\" target=\"_blank\" rel=\"noopener\">Literary Theory and the Challenges of the Present<\/a><br \/>\nVladimir Biti, <em>Tracing Global Democracy: LIterature, Theory, and the Politics of Trauma<\/em>, Berlin and Boston: De Gruyter, 2016.<br \/>\nPrikaz knjige na engleskom<br \/>\nStipe Grgas (Sveu\u010dili\u0161te u Zagrebu)<\/td>\n<td style=\"height: 96px;\">339&#8211;342<\/td>\n<\/tr>\n<\/tbody>\n<\/table>\n<p>&nbsp;<\/p>\n","protected":false},"excerpt":{"rendered":"<p>Bakhtin&#8217;s Theory of Speech Genres and the Addressivity in Cultural Pragmatics of Genres in Literature: &#8220;Genus&#8221; vs. &#8220;Genre&#8221; \u010clanak i sa\u017eetak na engleskom Rainer Gr\u00fcbel (Carl von Ossietzsky Universit\u00e4t Oldenburg) 215&#8211;238 The Habsburg Legacy from a Postcolonial and Postimperial Perspective \u010clanak i sa\u017eetak na engleskom Marijan Bobinac (Sveu\u010dili\u0161te u Zagrebu) 239&#8211;260 New Insights into the [&hellip;]<\/p>\n","protected":false},"author":2,"featured_media":0,"parent":228,"menu_order":0,"comment_status":"closed","ping_status":"closed","template":"","meta":{"footnotes":""},"class_list":["post-1434","page","type-page","status-publish","hentry"],"_links":{"self":[{"href":"https:\/\/umjetnostrijeci.ffzg.unizg.hr\/index.php?rest_route=\/wp\/v2\/pages\/1434","targetHints":{"allow":["GET"]}}],"collection":[{"href":"https:\/\/umjetnostrijeci.ffzg.unizg.hr\/index.php?rest_route=\/wp\/v2\/pages"}],"about":[{"href":"https:\/\/umjetnostrijeci.ffzg.unizg.hr\/index.php?rest_route=\/wp\/v2\/types\/page"}],"author":[{"embeddable":true,"href":"https:\/\/umjetnostrijeci.ffzg.unizg.hr\/index.php?rest_route=\/wp\/v2\/users\/2"}],"replies":[{"embeddable":true,"href":"https:\/\/umjetnostrijeci.ffzg.unizg.hr\/index.php?rest_route=%2Fwp%2Fv2%2Fcomments&post=1434"}],"version-history":[{"count":5,"href":"https:\/\/umjetnostrijeci.ffzg.unizg.hr\/index.php?rest_route=\/wp\/v2\/pages\/1434\/revisions"}],"predecessor-version":[{"id":1757,"href":"https:\/\/umjetnostrijeci.ffzg.unizg.hr\/index.php?rest_route=\/wp\/v2\/pages\/1434\/revisions\/1757"}],"up":[{"embeddable":true,"href":"https:\/\/umjetnostrijeci.ffzg.unizg.hr\/index.php?rest_route=\/wp\/v2\/pages\/228"}],"wp:attachment":[{"href":"https:\/\/umjetnostrijeci.ffzg.unizg.hr\/index.php?rest_route=%2Fwp%2Fv2%2Fmedia&parent=1434"}],"curies":[{"name":"wp","href":"https:\/\/api.w.org\/{rel}","templated":true}]}}