{"id":1644,"date":"2018-02-12T18:12:44","date_gmt":"2018-02-12T17:12:44","guid":{"rendered":"http:\/\/umjetnostrijeci.ffzg.unizg.hr\/?page_id=1644"},"modified":"2018-02-17T09:59:55","modified_gmt":"2018-02-17T08:59:55","slug":"2017-lxi-br-1-2","status":"publish","type":"page","link":"https:\/\/umjetnostrijeci.ffzg.unizg.hr\/?page_id=1644","title":{"rendered":"2017. (LXI) Br. 1&#8211;2"},"content":{"rendered":"<table>\n<tbody>\n<tr>\n<td><a href=\"http:\/\/umjetnostrijeci.ffzg.unizg.hr\/wp-content\/uploads\/2018\/02\/UR-2017-1-2-001-Biti.pdf\" target=\"_blank\" rel=\"noopener\">Miroslav Krle\u017ea i povijest hrvatskoga razvla\u0161tenja<\/a><br \/>\n Vladimir Biti (Institut f\u00fcr Slavistik, Universit\u00e4t Wien)<\/td>\n<td>1&#8211;26.<\/td>\n<\/tr>\n<tr>\n<td><a href=\"http:\/\/umjetnostrijeci.ffzg.unizg.hr\/wp-content\/uploads\/2018\/02\/UR-2017-1-2-002-Brajovic.pdf\" target=\"_blank\" rel=\"noopener\">Godine u\u010denja i sloma Ivice Ki\u010dmanovi\u0107a:<em> U registraturi<\/em> Ante Kova\u010di\u0107a i \u017eanr Bildungsromana<\/a><br \/>\n Tihomir Brajovi\u0107 (Filolo\u0161ki fakultet, Univerzitet u Beogradu)<\/td>\n<td>27&#8211;65.<\/td>\n<\/tr>\n<tr>\n<td><a href=\"http:\/\/umjetnostrijeci.ffzg.unizg.hr\/wp-content\/uploads\/2018\/02\/UR-2017-1-2-003-Kujundzic.pdf\" target=\"_blank\" rel=\"noopener\">Discipliniranje pripovjedne i \u010ditateljske \u017eudnje u romanu <em>K\u0107i Lotr\u0161\u0107aka<\/em> Marije Juri\u0107 Zagorke<\/a><br \/>\n Nada Kujund\u017ei\u0107 (Filozofski fakultet, SVeu\u010dili\u0161te Turku; Filozofski faklutet, Sveu\u010dili\u0161te u Zagrebu)<\/td>\n<td>67&#8211;86.<\/td>\n<\/tr>\n<tr>\n<td><a href=\"http:\/\/umjetnostrijeci.ffzg.unizg.hr\/wp-content\/uploads\/2018\/02\/UR-2017-1-2-004-Medic.pdf\" target=\"_blank\" rel=\"noopener\">Zavodljivi jezici &#8211; Krle\u017eina Saloma i vajldovski esteticizam<\/a><br \/>\n Igor Medi\u0107 (Klasi\u010dna gimnazija, Zagreb)<\/td>\n<td>87&#8211;111.<\/td>\n<\/tr>\n<tr>\n<td><a href=\"http:\/\/umjetnostrijeci.ffzg.unizg.hr\/wp-content\/uploads\/2018\/02\/UR-2017-1-2-005-Okrugli-stol.pdf\" target=\"_blank\" rel=\"noopener\">Regresivne tendencije u humanisti\u010dkom obrazovanju<\/a><br \/>\n Okrugli stol u organizaciji Umjetnosti rije\u010di, 16 o\u017eujka 2017.<\/td>\n<td>113&#8211;136.<\/td>\n<\/tr>\n<tr>\n<td><a href=\"http:\/\/umjetnostrijeci.ffzg.unizg.hr\/wp-content\/uploads\/2018\/02\/UR-2017-1-2-006-Tomljenovic.pdf\" target=\"_blank\" rel=\"noopener\">Spoji\u0161te s rezom<\/a><br \/>\n Prikaz knjige: Morana \u010cale, <em>O du\u0161i i tijelu teksta: Poli\u0107 Kamov, Krle\u017ea, Marinkovi\u0107<\/em>. Zagreb: Disput. 2016. 310 str.<br \/>\n Ana Tomljenovi\u0107 (Filozofski fakultet, Sveu\u010dili\u0161te u Zagrebu)<\/td>\n<td>137&#8211;140.<\/td>\n<\/tr>\n<tr>\n<td><a href=\"http:\/\/umjetnostrijeci.ffzg.unizg.hr\/wp-content\/uploads\/2018\/02\/UR-2017-1-2-007-Lacko-Vidulic.pdf\" target=\"_blank\" rel=\"noopener\">Povijesna poetika dokumentarizma<\/a><br \/>\n Prikaz knjige: MIlka Car, <em>Uvod u dokumentarnu knji\u017eevnost<\/em>. Zagreb: Leykam International. 2016. 388 str.<br \/>\n Svjetlan Lacko Viduli\u0107 (Filozofski fakultet, Sveu\u010dil\u0161te u Zagrebu)<\/td>\n<td>140&#8211;143.<\/td>\n<\/tr>\n<tr>\n<td><a href=\"http:\/\/umjetnostrijeci.ffzg.unizg.hr\/wp-content\/uploads\/2018\/02\/UR-2017-1-2-008-Tomasic.pdf\" target=\"_blank\" rel=\"noopener\">Kako nastaje suvisla pri\u010da<\/a><br \/>\n Prikaz knjige: Evelina Rudan, <em>Vile s U\u010dke. \u017darn, kontekst, izvedba i nadnaravna bi\u0107a predaja<\/em>. Zagreb\/Pula: Hrvatska sveu\u010dili\u0161na naklada, Povijesni i pomorski muzej Istre. 2016. 599 str.<br \/>\n Josipa Toma\u0161i\u0107 (Filozofski fakultet, Sveu\u010dili\u0161te u Zagrebu)<\/td>\n<td>144&#8211;147.<\/td>\n<\/tr>\n<tr>\n<td><a href=\"http:\/\/umjetnostrijeci.ffzg.unizg.hr\/wp-content\/uploads\/2018\/02\/UR-2017-1-2-009-Atanasijevic.pdf\" target=\"_blank\" rel=\"noopener\">\u010cItanje vidljivog<\/a><br \/>\n Prikaz knjige: Achim Herscher, <em>Reading Graphic Novels: Genre and Narration<\/em>. Berlin\/Boston: Walder de Gruyter Inc. 2016. 219. str.<br \/>\n Irina Atanasijevi\u0107 (Filolo\u0161ki fakultet, Univerzitet u Beogradu)<\/td>\n<td>147&#8211;150.<\/td>\n<\/tr>\n<tr>\n<td><a href=\"http:\/\/umjetnostrijeci.ffzg.unizg.hr\/wp-content\/uploads\/2018\/02\/UR-2017-1-2-010-Maroevic.pdf\" target=\"_blank\" rel=\"noopener\">In memoriam Ante Stama\u0107<\/a> (1939 &#8211; 2016)<br \/>\n Tonko Maroevi\u0107 (HAZU)<\/td>\n<td>151&#8211;155.<\/td>\n<\/tr>\n<\/tbody>\n<\/table>\n<p>&nbsp;<\/p>\n","protected":false},"excerpt":{"rendered":"<p>Miroslav Krle\u017ea i povijest hrvatskoga razvla\u0161tenja Vladimir Biti (Institut f\u00fcr Slavistik, Universit\u00e4t Wien) 1&#8211;26. Godine u\u010denja i sloma Ivice Ki\u010dmanovi\u0107a: U registraturi Ante Kova\u010di\u0107a i \u017eanr Bildungsromana Tihomir Brajovi\u0107 (Filolo\u0161ki fakultet, Univerzitet u Beogradu) 27&#8211;65. Discipliniranje pripovjedne i \u010ditateljske \u017eudnje u romanu K\u0107i Lotr\u0161\u0107aka Marije Juri\u0107 Zagorke Nada Kujund\u017ei\u0107 (Filozofski fakultet, SVeu\u010dili\u0161te Turku; Filozofski faklutet, [&hellip;]<\/p>\n","protected":false},"author":2,"featured_media":0,"parent":228,"menu_order":0,"comment_status":"closed","ping_status":"closed","template":"","meta":{"footnotes":""},"class_list":["post-1644","page","type-page","status-publish","hentry"],"_links":{"self":[{"href":"https:\/\/umjetnostrijeci.ffzg.unizg.hr\/index.php?rest_route=\/wp\/v2\/pages\/1644","targetHints":{"allow":["GET"]}}],"collection":[{"href":"https:\/\/umjetnostrijeci.ffzg.unizg.hr\/index.php?rest_route=\/wp\/v2\/pages"}],"about":[{"href":"https:\/\/umjetnostrijeci.ffzg.unizg.hr\/index.php?rest_route=\/wp\/v2\/types\/page"}],"author":[{"embeddable":true,"href":"https:\/\/umjetnostrijeci.ffzg.unizg.hr\/index.php?rest_route=\/wp\/v2\/users\/2"}],"replies":[{"embeddable":true,"href":"https:\/\/umjetnostrijeci.ffzg.unizg.hr\/index.php?rest_route=%2Fwp%2Fv2%2Fcomments&post=1644"}],"version-history":[{"count":8,"href":"https:\/\/umjetnostrijeci.ffzg.unizg.hr\/index.php?rest_route=\/wp\/v2\/pages\/1644\/revisions"}],"predecessor-version":[{"id":1665,"href":"https:\/\/umjetnostrijeci.ffzg.unizg.hr\/index.php?rest_route=\/wp\/v2\/pages\/1644\/revisions\/1665"}],"up":[{"embeddable":true,"href":"https:\/\/umjetnostrijeci.ffzg.unizg.hr\/index.php?rest_route=\/wp\/v2\/pages\/228"}],"wp:attachment":[{"href":"https:\/\/umjetnostrijeci.ffzg.unizg.hr\/index.php?rest_route=%2Fwp%2Fv2%2Fmedia&parent=1644"}],"curies":[{"name":"wp","href":"https:\/\/api.w.org\/{rel}","templated":true}]}}