{"id":1748,"date":"2018-07-09T07:09:21","date_gmt":"2018-07-09T06:09:21","guid":{"rendered":"http:\/\/umjetnostrijeci.ffzg.unizg.hr\/?page_id=1748"},"modified":"2018-07-09T07:21:19","modified_gmt":"2018-07-09T06:21:19","slug":"2018-lxii-1","status":"publish","type":"page","link":"https:\/\/umjetnostrijeci.ffzg.unizg.hr\/?page_id=1748","title":{"rendered":"2018. (LXII) Br. 1 Engleski broj"},"content":{"rendered":"<table style=\"border-collapse: collapse; width: 100%;\" border=\"1\">\n<tbody>\n<tr style=\"height: 96px;\">\n<td style=\"width: 89.6035%; height: 96px;\"><a href=\"http:\/\/umjetnostrijeci.ffzg.unizg.hr\/wp-content\/uploads\/2018\/07\/UR-2018-1-001-Magerski.pdf\" target=\"_blank\" rel=\"noopener\">Shifting from Business to Art: Zygmunt Bauman and the Intellectual Challenge of Modernity<\/a> <br \/>\n\u010clanak i sa\u017eetak na engleskom<br \/>\nChristine Magerski (Sveu\u010dili\u0161te u Zagrebu)<\/td>\n<td style=\"width: 10.3964%; height: 96px;\">1&#8211;15.<\/td>\n<\/tr>\n<tr style=\"height: 72px;\">\n<td style=\"width: 89.6035%; height: 72px;\"><a href=\"http:\/\/umjetnostrijeci.ffzg.unizg.hr\/wp-content\/uploads\/2018\/07\/UR-2018-1-002-Ryle.pdf\" target=\"_blank\" rel=\"noopener\">Poetics of Miasma: Nuclear Waste and <em>Antigone<\/em> in the Anthropocene<\/a><br \/>\n\u010clanak i sa\u017eetak na engleskom<br \/>\nSimon Ryle (Sveu\u010dili\u0161te u Splitu)<\/td>\n<td style=\"width: 10.3964%; height: 72px;\">17&#8211;50.<\/td>\n<\/tr>\n<tr style=\"height: 72px;\">\n<td style=\"width: 89.6035%; height: 72px;\"><a href=\"http:\/\/umjetnostrijeci.ffzg.unizg.hr\/wp-content\/uploads\/2018\/07\/UR-2018-1-003-Willems.pdf\" target=\"_blank\" rel=\"noopener\">Things that Go Nowhere: Scale, City and the List in Richard Price\u2019s <em>Lush Life<\/em><\/a><br \/>\n\u010clanak i sa\u017eetak na engleskom<br \/>\nBrian Willems (Sveu\u010dili\u0161te u Splitu)<\/td>\n<td style=\"width: 10.3964%; height: 72px;\">51&#8211;70.<\/td>\n<\/tr>\n<tr style=\"height: 72px;\">\n<td style=\"width: 89.6035%; height: 72px;\"><a href=\"http:\/\/umjetnostrijeci.ffzg.unizg.hr\/wp-content\/uploads\/2018\/07\/UR-2018-1-004-Klepac.pdf\" target=\"_blank\" rel=\"noopener\">Henry Lawson\u2019s Womanish Wail<\/a><br \/>\n\u010clanak i sa\u017eetak na engleskom<br \/>\nTihana Klepa\u010d (Sveu\u010dili\u0161te u Zagrebu)<\/td>\n<td style=\"width: 10.3964%; height: 72px;\">71&#8211;99.<\/td>\n<\/tr>\n<tr style=\"height: 72px;\">\n<td style=\"width: 89.6035%; height: 72px;\"><a href=\"http:\/\/umjetnostrijeci.ffzg.unizg.hr\/wp-content\/uploads\/2018\/07\/UR-2018-1-005-Kondali.pdf\" target=\"_blank\" rel=\"noopener\">Migration, Globalization, and Divided Identity in Kiran Desai\u2019s <em>The Inheritance Of Loss<\/em><\/a><br \/>\n\u010clanak i sa\u017eetak na engleskom<br \/>\nKsenija Kondali (Sveu\u010dili\u0161te u Sarajevu)<\/td>\n<td style=\"width: 10.3964%; height: 72px;\">101&#8211;116.<\/td>\n<\/tr>\n<tr style=\"height: 120px;\">\n<td style=\"width: 89.6035%; height: 120px;\"><a href=\"http:\/\/umjetnostrijeci.ffzg.unizg.hr\/wp-content\/uploads\/2018\/07\/UR-2018-1-006-Recenzija-01.pdf\" target=\"_blank\" rel=\"noopener\">Socialism revisited<\/a><br \/>\n<em>Branislav Jakovljevi\u0107, Alienation Effects: Performance\u00a0and Self-Management in Yugoslavia,\u00a01945\u201391<\/em>, Ann Arbor: University of Michigan\u00a0Press, 2016.<br \/>\nPrikaz knjige na engleskom<br \/>\nLada \u010cale Feldman (Sveu\u010dili\u0161te u Zagrebu)<\/td>\n<td style=\"width: 10.3964%; height: 120px;\">117&#8211;121.<\/td>\n<\/tr>\n<tr style=\"height: 24px;\">\n<td style=\"width: 89.6035%; height: 24px;\"><a href=\"http:\/\/umjetnostrijeci.ffzg.unizg.hr\/wp-content\/uploads\/2018\/07\/UR-2018-1-007-Recenzija-02.pdf\" target=\"_blank\" rel=\"noopener\">Women Writers on American History and Space<\/a><br \/>\n<em>Ksenija Kondali: Prepleti paradigmi: pro\u0161lost,\u00a0pam\u0107enje i prostor u ameri\u010dkoj \u017eenskoj prozi<\/em>, Sarajevo: Filozofski fakultet\u00a0Univerziteta u Sarajevu, 2017.<br \/>\nPrikaz knjige na engleskom<br \/>\nJelena \u0160esni\u0107 (Sveu\u010dili\u0161te u Zagrebu)<\/td>\n<td style=\"width: 10.3964%; height: 24px;\">122&#8211;125.<\/td>\n<\/tr>\n<\/tbody>\n<\/table>\n","protected":false},"excerpt":{"rendered":"<p>Shifting from Business to Art: Zygmunt Bauman and the Intellectual Challenge of Modernity \u010clanak i sa\u017eetak na engleskom Christine Magerski (Sveu\u010dili\u0161te u Zagrebu) 1&#8211;15. Poetics of Miasma: Nuclear Waste and Antigone in the Anthropocene \u010clanak i sa\u017eetak na engleskom Simon Ryle (Sveu\u010dili\u0161te u Splitu) 17&#8211;50. Things that Go Nowhere: Scale, City and the List in [&hellip;]<\/p>\n","protected":false},"author":2,"featured_media":0,"parent":228,"menu_order":0,"comment_status":"closed","ping_status":"closed","template":"","meta":{"footnotes":""},"class_list":["post-1748","page","type-page","status-publish","hentry"],"_links":{"self":[{"href":"https:\/\/umjetnostrijeci.ffzg.unizg.hr\/index.php?rest_route=\/wp\/v2\/pages\/1748","targetHints":{"allow":["GET"]}}],"collection":[{"href":"https:\/\/umjetnostrijeci.ffzg.unizg.hr\/index.php?rest_route=\/wp\/v2\/pages"}],"about":[{"href":"https:\/\/umjetnostrijeci.ffzg.unizg.hr\/index.php?rest_route=\/wp\/v2\/types\/page"}],"author":[{"embeddable":true,"href":"https:\/\/umjetnostrijeci.ffzg.unizg.hr\/index.php?rest_route=\/wp\/v2\/users\/2"}],"replies":[{"embeddable":true,"href":"https:\/\/umjetnostrijeci.ffzg.unizg.hr\/index.php?rest_route=%2Fwp%2Fv2%2Fcomments&post=1748"}],"version-history":[{"count":4,"href":"https:\/\/umjetnostrijeci.ffzg.unizg.hr\/index.php?rest_route=\/wp\/v2\/pages\/1748\/revisions"}],"predecessor-version":[{"id":1759,"href":"https:\/\/umjetnostrijeci.ffzg.unizg.hr\/index.php?rest_route=\/wp\/v2\/pages\/1748\/revisions\/1759"}],"up":[{"embeddable":true,"href":"https:\/\/umjetnostrijeci.ffzg.unizg.hr\/index.php?rest_route=\/wp\/v2\/pages\/228"}],"wp:attachment":[{"href":"https:\/\/umjetnostrijeci.ffzg.unizg.hr\/index.php?rest_route=%2Fwp%2Fv2%2Fmedia&parent=1748"}],"curies":[{"name":"wp","href":"https:\/\/api.w.org\/{rel}","templated":true}]}}