{"id":1835,"date":"2019-05-20T18:53:34","date_gmt":"2019-05-20T17:53:34","guid":{"rendered":"http:\/\/umjetnostrijeci.ffzg.unizg.hr\/?page_id=1835"},"modified":"2019-05-20T18:57:42","modified_gmt":"2019-05-20T17:57:42","slug":"2018-lxii-br-3-4","status":"publish","type":"page","link":"https:\/\/umjetnostrijeci.ffzg.unizg.hr\/?page_id=1835","title":{"rendered":"2018 (LXII) Br. 3&#8211;4 Engleski broj"},"content":{"rendered":"<table style=\"border-collapse: collapse; width: 100%; height: 273px;\" border=\"1\">\n<tbody>\n<tr style=\"height: 63px;\">\n<td style=\"width: 91.9355%; height: 63px;\"><a href=\"http:\/\/umjetnostrijeci.ffzg.unizg.hr\/wp-content\/uploads\/2019\/05\/001-Versic-za-web.pdf\" target=\"_blank\" rel=\"noopener\">Energy Effect in Pavel Florensky&#8217;s Writings: Energy Communication, Language, Art and Energy Reading<\/a><br \/>\n\u010clanak i sa\u017eetak na engleskom<br \/>\nSanja Ver\u0161i\u0107 (Sveu\u010dili\u0161te u Zagrebu)<\/td>\n<td style=\"width: 8.06449%; height: 63px;\">293-314.<\/td>\n<\/tr>\n<tr style=\"height: 84px;\">\n<td style=\"width: 91.9355%; height: 84px;\"><a href=\"http:\/\/umjetnostrijeci.ffzg.unizg.hr\/wp-content\/uploads\/2019\/05\/002-Kovtun\u2013Klimovich-za-web.pdf\" target=\"_blank\" rel=\"noopener\">The Traditionalist Discourse of Contemporary Russian Literature: From Neo-traditionalism to &#8220;New Realism&#8221;<\/a><br \/>\n\u010clanak i sa\u017eetak na engleskom<br \/>\nNatalia Kovtun (Krasnoyarsk State Pedagogical University named after V. P. Astafyev)<br \/>\nNatalya Klimovich (Krasnoyarskiy Gosudarstvennyy Pedagogicheskiy Universitet Im. V.p. Astaf&#8217;yeva)<\/td>\n<td style=\"width: 8.06449%; height: 84px;\">315-337.<\/td>\n<\/tr>\n<tr style=\"height: 63px;\">\n<td style=\"width: 91.9355%; height: 63px;\"><a href=\"http:\/\/umjetnostrijeci.ffzg.unizg.hr\/wp-content\/uploads\/2019\/05\/003-Moretti\u2013Grbic-za-web.pdf\" target=\"_blank\" rel=\"noopener\">Paulus Ritter&#8217;s &#8220;False&#8221; Etymologies in <em>Plorantis chroatiae saeculae duo<\/em><\/a><br \/>\n\u010clanak i sa\u017eetak na engleskom<br \/>\nVioleta Moretti (Sveu\u010dili\u0161te Jurja Dobrile u Puli)<br \/>\nIgor Grbi\u0107 (Sveu\u010dili\u0161te Jurja Dobrile u Puli)<\/td>\n<td style=\"width: 8.06449%; height: 63px;\">339-359.<\/td>\n<\/tr>\n<tr style=\"height: 21px;\">\n<td style=\"width: 91.9355%; height: 21px;\"><a href=\"http:\/\/umjetnostrijeci.ffzg.unizg.hr\/wp-content\/uploads\/2019\/05\/004-Spreicer-za-web.pdf\" target=\"_blank\" rel=\"noopener\">The Utopian Potential in Hannes Stein&#8217;s Novel <em>Der Komet<\/em> (2014)<\/a><br \/>\n\u010clanak i sa\u017eetak na engleskom<br \/>\nJelena Spreicer (Sveu\u010dili\u0161te u Zagrebu)<\/td>\n<td style=\"width: 8.06449%; height: 21px;\">361-377.<\/td>\n<\/tr>\n<tr style=\"height: 21px;\">\n<td style=\"width: 91.9355%; height: 21px;\"><a href=\"http:\/\/umjetnostrijeci.ffzg.unizg.hr\/wp-content\/uploads\/2019\/05\/005-Polak-za-web.pdf\" target=\"_blank\" rel=\"noopener\">Stubborn Dark Objects of the Future<\/a><br \/>\nPrikaz knjige na engleskom<br \/>\nBrian Willems, <em>Speculative Realism and Science Fiction<\/em>, Edinburgh: Edinburgh University Press, 2017.<br \/>\nIva Polak (Sveu\u010dili\u0161te u Zagrebu)<\/td>\n<td style=\"width: 8.06449%; height: 21px;\">379-382.<\/td>\n<\/tr>\n<tr style=\"height: 21px;\">\n<td style=\"width: 91.9355%; height: 21px;\">\n<p><a href=\"http:\/\/umjetnostrijeci.ffzg.unizg.hr\/wp-content\/uploads\/2019\/05\/006-Klepac-za-web.pdf\" target=\"_blank\" rel=\"noopener\">Indigenos Mothers, Sisters, and Girlfriends, and Their Self-Inscription in the Female\/Feminist Canon<\/a><br \/>\nPrikaz knjige na engleskom<br \/>\nMartina Hor\u00e1kov\u00e1,<em> Inscribing Difference and Resistance: Indigenous Women&#8217;s Personal Non-fiction and Life Writing in Australia and North America,<\/em> Brno: MuniPress, 2017.<br \/>\nTihana Klepa\u010d (Sveu\u010dili\u0161te u Zagrebu)<\/p>\n<\/td>\n<td style=\"width: 8.06449%; height: 21px;\">383-387.<\/td>\n<\/tr>\n<\/tbody>\n<\/table>\n","protected":false},"excerpt":{"rendered":"<p>Energy Effect in Pavel Florensky&#8217;s Writings: Energy Communication, Language, Art and Energy Reading \u010clanak i sa\u017eetak na engleskom Sanja Ver\u0161i\u0107 (Sveu\u010dili\u0161te u Zagrebu) 293-314. The Traditionalist Discourse of Contemporary Russian Literature: From Neo-traditionalism to &#8220;New Realism&#8221; \u010clanak i sa\u017eetak na engleskom Natalia Kovtun (Krasnoyarsk State Pedagogical University named after V. P. Astafyev) Natalya Klimovich (Krasnoyarskiy [&hellip;]<\/p>\n","protected":false},"author":2,"featured_media":0,"parent":228,"menu_order":0,"comment_status":"closed","ping_status":"closed","template":"","meta":{"footnotes":""},"class_list":["post-1835","page","type-page","status-publish","hentry"],"_links":{"self":[{"href":"https:\/\/umjetnostrijeci.ffzg.unizg.hr\/index.php?rest_route=\/wp\/v2\/pages\/1835","targetHints":{"allow":["GET"]}}],"collection":[{"href":"https:\/\/umjetnostrijeci.ffzg.unizg.hr\/index.php?rest_route=\/wp\/v2\/pages"}],"about":[{"href":"https:\/\/umjetnostrijeci.ffzg.unizg.hr\/index.php?rest_route=\/wp\/v2\/types\/page"}],"author":[{"embeddable":true,"href":"https:\/\/umjetnostrijeci.ffzg.unizg.hr\/index.php?rest_route=\/wp\/v2\/users\/2"}],"replies":[{"embeddable":true,"href":"https:\/\/umjetnostrijeci.ffzg.unizg.hr\/index.php?rest_route=%2Fwp%2Fv2%2Fcomments&post=1835"}],"version-history":[{"count":2,"href":"https:\/\/umjetnostrijeci.ffzg.unizg.hr\/index.php?rest_route=\/wp\/v2\/pages\/1835\/revisions"}],"predecessor-version":[{"id":1839,"href":"https:\/\/umjetnostrijeci.ffzg.unizg.hr\/index.php?rest_route=\/wp\/v2\/pages\/1835\/revisions\/1839"}],"up":[{"embeddable":true,"href":"https:\/\/umjetnostrijeci.ffzg.unizg.hr\/index.php?rest_route=\/wp\/v2\/pages\/228"}],"wp:attachment":[{"href":"https:\/\/umjetnostrijeci.ffzg.unizg.hr\/index.php?rest_route=%2Fwp%2Fv2%2Fmedia&parent=1835"}],"curies":[{"name":"wp","href":"https:\/\/api.w.org\/{rel}","templated":true}]}}