{"id":1940,"date":"2020-12-28T13:42:51","date_gmt":"2020-12-28T12:42:51","guid":{"rendered":"http:\/\/umjetnostrijeci.ffzg.unizg.hr\/?page_id=1940"},"modified":"2020-12-28T14:48:13","modified_gmt":"2020-12-28T13:48:13","slug":"2019-lxiv-1-2","status":"publish","type":"page","link":"https:\/\/umjetnostrijeci.ffzg.unizg.hr\/?page_id=1940","title":{"rendered":"2020. (LXIV) Br. 1&#8211;2"},"content":{"rendered":"<table style=\"border-collapse: collapse; width: 100%; height: 495px;\" border=\"1\">\n<tbody>\n<tr style=\"height: 33px;\">\n<td style=\"width: 91.6%; height: 33px;\">\n<p><a href=\"http:\/\/umjetnostrijeci.ffzg.unizg.hr\/wp-content\/uploads\/2020\/12\/UR-2020-1-2-01-Katunaric-za-WEB.pdf\" target=\"_blank\" rel=\"noopener\">Dru\u0161tvene predod\u017ebe, slojevi vremena i anticipacija u tri poznata umjetni\u010dka djela<\/a><br \/>\nVjeran Katunari\u0107 (Zagreb)<\/p>\n<\/td>\n<td style=\"width: 8.4%; height: 33px;\">1-30.<\/td>\n<\/tr>\n<tr style=\"height: 42px;\">\n<td style=\"width: 91.6%; height: 42px;\"><a href=\"http:\/\/umjetnostrijeci.ffzg.unizg.hr\/wp-content\/uploads\/2020\/12\/UR-2020-1-2-02-Bencic-za-WEB.pdf\" target=\"_blank\" rel=\"noopener\"><em>Lavr<\/em> Evgenija Vodolazkina kao roman o vje\u010dnoj ljubavi<\/a><br \/>\n\u017diva Ben\u010di\u0107 (Sveu\u010dili\u0161te u Zagrebu)<\/td>\n<td style=\"width: 8.4%; height: 42px;\">31-49.<\/td>\n<\/tr>\n<tr style=\"height: 42px;\">\n<td style=\"width: 91.6%; height: 42px;\"><a href=\"http:\/\/umjetnostrijeci.ffzg.unizg.hr\/wp-content\/uploads\/2020\/12\/UR-2020-1-2-03-Stepanovic-za-WEB.pdf\" target=\"_blank\" rel=\"noopener\">\u201cIz ormara na police\u201d: o odrastanju i izlasku iz ormara u hrvatskoj <em>queer<\/em> knji\u017eevnosti<\/a><br \/>\nNatalija Stepanovi\u0107 (Central European University)<\/td>\n<td style=\"width: 8.4%; height: 42px;\">51-71.<\/td>\n<\/tr>\n<tr style=\"height: 42px;\">\n<td style=\"width: 91.6%; height: 42px;\"><a href=\"http:\/\/umjetnostrijeci.ffzg.unizg.hr\/wp-content\/uploads\/2020\/12\/UR-2020-1-2-04-Cankovic-za-WEB.pdf\" target=\"_blank\" rel=\"noopener\">Anti\u010dki i mitolo\u0161ki motivi u zbirci <em>Carmina Burana<\/em><\/a><br \/>\nTomislav \u010cankovi\u0107 (Zagreb)<\/td>\n<td style=\"width: 8.4%; height: 42px;\">73-113.<\/td>\n<\/tr>\n<tr style=\"height: 42px;\">\n<td style=\"width: 91.6%; height: 42px;\"><a href=\"http:\/\/umjetnostrijeci.ffzg.unizg.hr\/wp-content\/uploads\/2020\/12\/UR-2020-1-2-05-Grabovac-za-WEB.pdf\" target=\"_blank\" rel=\"noopener\">Buddha u prvom i tre\u0107em pripovjednom licu<\/a> <br \/>\nVi\u0161nja Grabovac (Sveu\u010dili\u0161te u Zagrebu)<\/td>\n<td style=\"width: 8.4%; height: 42px;\">115-134.<\/td>\n<\/tr>\n<tr style=\"height: 42px;\">\n<td style=\"width: 91.6%; height: 42px;\"><a href=\"http:\/\/umjetnostrijeci.ffzg.unizg.hr\/wp-content\/uploads\/2020\/12\/UR-2020-1-2-06-Tribina-za-WEB.pdf\" target=\"_blank\" rel=\"noopener\">Knji\u017eevne revolucije: naslije\u0111e avangarde u hrvatskoj knji\u017eevnosti<\/a><br \/>\nTribina projekta Hrvatske zaklade za znanost<\/td>\n<td style=\"width: 8.4%; height: 42px;\">135-173.<\/td>\n<\/tr>\n<tr style=\"height: 63px;\">\n<td style=\"width: 91.6%; height: 63px;\"><a href=\"http:\/\/umjetnostrijeci.ffzg.unizg.hr\/wp-content\/uploads\/2020\/12\/UR-2020-1-2-07-Badurina-za-WEB.pdf\" target=\"_blank\" rel=\"noopener\">U\u010dinak interpretacije<\/a><br \/>\nPrikaz knjige Lada \u010cale Feldman, <em>Onkraj pozornice<\/em>. Zagreb: Disput, 2019.<br \/>\nNatka Badurina (Universit\u00e0 degli Studi di Udine<i>)<\/i><\/td>\n<td style=\"width: 8.4%; height: 63px;\">175-179.<\/td>\n<\/tr>\n<tr style=\"height: 63px;\">\n<td style=\"width: 91.6%; height: 63px;\"><a href=\"http:\/\/umjetnostrijeci.ffzg.unizg.hr\/wp-content\/uploads\/2020\/12\/UR-2020-1-2-08-Brajovic-za-WEB.pdf\" target=\"_blank\" rel=\"noopener\">Diskurzivni povratak subjekta<\/a><br \/>\nPrikaz knjige Varja Bal\u017ealorsky Anti\u0107, <em>Lirski subjekt: rekonceptualizacija<\/em>. Ljubljana: ZRC SAZU, In\u0161titut za slovensko literaturo in literarne vede. 2019.<br \/>\nTihomir Brajovi\u0107 (Univerzitet u Beogradu)<\/td>\n<td style=\"width: 8.4%; height: 63px;\">179-183.<\/td>\n<\/tr>\n<tr style=\"height: 63px;\">\n<td style=\"width: 91.6%; height: 63px;\"><a href=\"http:\/\/umjetnostrijeci.ffzg.unizg.hr\/wp-content\/uploads\/2020\/12\/UR-2020-1-2-09-Lugaric-za-WEB.pdf\" target=\"_blank\" rel=\"noopener\">Istra\u017eivanje dugog trajanja (O prijevodu knjige M. Bahtina na hrvatski jezik)<\/a><br \/>\nPrikaz knjige Mihail M. Bahtin,<em> Problemi poetike Dostojevskoga<\/em>. Prevele Zdenka Matek \u0160mit i Eugenija \u0106uto. Zadar: Sveu\u010dili\u0161te u Zadru. 2020.<br \/>\nDanijela Lugari\u0107 Vukas (Sveu\u010dili\u0161te u Zagrebu)<\/td>\n<td style=\"width: 8.4%; height: 63px;\">184-190.<\/td>\n<\/tr>\n<tr style=\"height: 63px;\">\n<td style=\"width: 91.6%; height: 63px;\"><a href=\"http:\/\/umjetnostrijeci.ffzg.unizg.hr\/wp-content\/uploads\/2020\/12\/UR-2020-1-2-10-Dulibic-Paljar-za-WEB.pdf\" target=\"_blank\" rel=\"noopener\">\u201cFemine erranti\u201d: biblijske \u017eene u djelima talijanskih renesansnih umjetnica<\/a><br \/>\nPrikaz knjige Francesca Maria Gabrielli, <em>Evine k\u0107eri: \u017eene o biblijskim \u017eenama u talijanskoj renesansi<\/em>. Zagreb: Disput. 2019.<br \/>\nDubravka Dulibi\u0107 Paljar (Sveu\u010dili\u0161te Jurja Dobrile u Puli)<\/td>\n<td style=\"width: 8.4%; height: 63px;\">190-197.<\/td>\n<\/tr>\n<\/tbody>\n<\/table>\n","protected":false},"excerpt":{"rendered":"<p>Dru\u0161tvene predod\u017ebe, slojevi vremena i anticipacija u tri poznata umjetni\u010dka djela Vjeran Katunari\u0107 (Zagreb) 1-30. Lavr Evgenija Vodolazkina kao roman o vje\u010dnoj ljubavi \u017diva Ben\u010di\u0107 (Sveu\u010dili\u0161te u Zagrebu) 31-49. \u201cIz ormara na police\u201d: o odrastanju i izlasku iz ormara u hrvatskoj queer knji\u017eevnosti Natalija Stepanovi\u0107 (Central European University) 51-71. Anti\u010dki i mitolo\u0161ki motivi u zbirci [&hellip;]<\/p>\n","protected":false},"author":2,"featured_media":0,"parent":228,"menu_order":0,"comment_status":"closed","ping_status":"closed","template":"","meta":{"footnotes":""},"class_list":["post-1940","page","type-page","status-publish","hentry"],"_links":{"self":[{"href":"https:\/\/umjetnostrijeci.ffzg.unizg.hr\/index.php?rest_route=\/wp\/v2\/pages\/1940","targetHints":{"allow":["GET"]}}],"collection":[{"href":"https:\/\/umjetnostrijeci.ffzg.unizg.hr\/index.php?rest_route=\/wp\/v2\/pages"}],"about":[{"href":"https:\/\/umjetnostrijeci.ffzg.unizg.hr\/index.php?rest_route=\/wp\/v2\/types\/page"}],"author":[{"embeddable":true,"href":"https:\/\/umjetnostrijeci.ffzg.unizg.hr\/index.php?rest_route=\/wp\/v2\/users\/2"}],"replies":[{"embeddable":true,"href":"https:\/\/umjetnostrijeci.ffzg.unizg.hr\/index.php?rest_route=%2Fwp%2Fv2%2Fcomments&post=1940"}],"version-history":[{"count":5,"href":"https:\/\/umjetnostrijeci.ffzg.unizg.hr\/index.php?rest_route=\/wp\/v2\/pages\/1940\/revisions"}],"predecessor-version":[{"id":1960,"href":"https:\/\/umjetnostrijeci.ffzg.unizg.hr\/index.php?rest_route=\/wp\/v2\/pages\/1940\/revisions\/1960"}],"up":[{"embeddable":true,"href":"https:\/\/umjetnostrijeci.ffzg.unizg.hr\/index.php?rest_route=\/wp\/v2\/pages\/228"}],"wp:attachment":[{"href":"https:\/\/umjetnostrijeci.ffzg.unizg.hr\/index.php?rest_route=%2Fwp%2Fv2%2Fmedia&parent=1940"}],"curies":[{"name":"wp","href":"https:\/\/api.w.org\/{rel}","templated":true}]}}