{"id":1975,"date":"2021-02-16T18:37:40","date_gmt":"2021-02-16T17:37:40","guid":{"rendered":"http:\/\/umjetnostrijeci.ffzg.unizg.hr\/?page_id=1975"},"modified":"2025-03-19T16:56:37","modified_gmt":"2025-03-19T15:56:37","slug":"izjava-o-izdavackoj-etici","status":"publish","type":"page","link":"https:\/\/umjetnostrijeci.ffzg.unizg.hr\/?page_id=1975","title":{"rendered":"Ure\u0111iva\u010dka politika"},"content":{"rendered":"<p><span style=\"font-size: 10pt; font-family: helvetica, arial, sans-serif;\">\u010casopis promi\u010de najvi\u0161e eti\u010dke standarde u izdava\u0161tvu i zagovara pridr\u017eavanje eti\u010dkih, pravnih i profesionalnih uzusa znanstvenog istra\u017eivanja i akademskog pisma. \u010casopis insistira na akademskoj transparentnosti i \u010destitosti, uz nultu toleranciju prema zloupotrebama u znanstvenom izdava\u0161tvu kako bi zadr\u017eao status platforme za otvoreni i nepristrani dijalog izme\u0111u autora, recenzenata, \u010ditatelja i \u0161ire akademske javnosti. Izdava\u010dka politika i eti\u010dka na\u010dela \u010dasopisa o\u010dituju se kroz jasno definirati postupak povla\u010denja radova u skladu s COPE-ovim smjernicama, kroz strogi recenzentski postupak te kroz jasno definirane odgovornosti uredni\u010dkog odbora, autora i recenzenata.<\/span><br \/>\n<span style=\"font-size: 10pt; font-family: helvetica, arial, sans-serif;\"><strong><br \/>\nPOSTUPAK POVLA\u010cENJA RADA<br \/>\n<\/strong><\/span><span style=\"font-size: 10pt; font-family: helvetica, arial, sans-serif;\">\u010casopis zadr\u017eava pravo povu\u0107i rad u skladu s COPE-ovim smjernicama za povla\u010denje radova. Uredni\u010dki odbor \u0107e povu\u0107i rad u sljede\u0107im slu\u010dajevima:<\/span><br \/>\n<span style=\"font-size: 10pt; font-family: helvetica, arial, sans-serif;\">\u2013 ako postoje jasni dokazi o zna\u010dajnim pogre\u0161kama ili la\u017eiranju rezultata istra\u017eivanja;<\/span><br \/>\n<span style=\"font-size: 10pt; font-family: helvetica, arial, sans-serif;\">\u2013 ako se utvrdi da je rije\u010d o plagijatu, uklju\u010duju\u0107i uporabu AI alata;<\/span><br \/>\n<span style=\"font-size: 10pt; font-family: helvetica, arial, sans-serif;\">\u2013 ako uklju\u010duje neeti\u010dko istra\u017eivanje;<\/span><br \/>\n<span style=\"font-size: 10pt; font-family: helvetica, arial, sans-serif;\">\u2013 ako kr\u0161i autorska prava;<\/span><br \/>\n<span style=\"font-size: 10pt; font-family: helvetica, arial, sans-serif;\">\u2013 ako je djelomi\u010dno ve\u0107 objavljen drugdje bez odgovaraju\u0107eg navo\u0111enja, dopu\u0161tenja ili opravdanja (autoplagijat);<\/span><br \/>\n<span style=\"font-size: 10pt; font-family: helvetica, arial, sans-serif;\">\u2013 ako je ve\u0107 u cijelosti objavljen drugdje (dvostruko objavljivanje). \u010casopis ne prihva\u0107a i ne objavljuje radove prethodno objavljene u drugim publikacijama.<\/span><\/p>\n<p><span style=\"font-size: 10pt; font-family: helvetica, arial, sans-serif;\">Uredni\u010dki odbor \u0107e obavijestiti autora(e) o postupku povla\u010denja rada. Obavijest o povla\u010denju, koja sadr\u017ei naslov povu\u010denog rada, njegovog autora(e) i razloge povla\u010denja, bit \u0107e objavljena u sljede\u0107em mre\u017enom i tiskanom izdanju \u010dasopisa.<\/span><br \/>\n<span style=\"font-size: 10pt; font-family: helvetica, arial, sans-serif;\">Uredni\u010dki odbor tako\u0111er zadr\u017eava pravo povla\u010denja rada tijekom postupka recenzije ako se autor ne osvrne na ve\u0107inu komentara recenzenata. U tom \u0107e slu\u010daju autoru biti poslana obavijest o povla\u010denju.<\/span><\/p>\n<p><span style=\"font-size: 10pt; font-family: helvetica, arial, sans-serif;\"><strong>RECENZENTSKI POSTUPAK<br \/>\n<\/strong>Svi zaprimljeni radovi najprije procjenjuje glavni urednik i najmanje dva \u010dlana uredni\u010dkog odbora kako bi se utvrdilo odgovaraju li rad podru\u010dju \u010dasopisa i je li se autor pridr\u017eavao uputa za autore. \u010casopis prihva\u0107a samo neobjavljene izvorne znanstvene radove, pregledne radove i prikaze knjiga. Ako \u010dlanovi uredni\u010dkog odbora pozitivno ocijene rad, rad se \u0161alje na recenziju dvama vanjskim recenzentima. Ako oba recenzenta daju pozitivnu ocjenu, rad se prihva\u0107a za objavu, pod uvjetom da se autor osvrnuo na ve\u0107inu komentara recenzenata. Ako je jedna recenzija negativna, rad se \u0161alje tre\u0107em recenzentu. Postupak dvostruke recenzije traje tri tjedna.<\/span><\/p>\n<p><span style=\"font-size: 10pt; font-family: helvetica, arial, sans-serif;\"><strong>ODGOVORNOSTI UREDNI\u010cKOG ODBORA<\/strong><\/span><br \/>\n<span style=\"font-size: 10pt; font-family: helvetica, arial, sans-serif;\">Uredni\u0161tvo je odgovorno za sav sadr\u017eaj objavljen u \u010dasopisu te jam\u010di da radove recenziraju kvalificirani recenzenti te da je recenzentski postupak pravedan, nepristran i pravovremen. <br \/>\n<\/span><span style=\"font-size: 10pt; font-family: helvetica, arial, sans-serif;\">Odgovornosti uredni\u010dkog odbora su sljede\u0107e:<\/span><br \/>\n<span style=\"font-size: 10pt; font-family: helvetica, arial, sans-serif;\">\u2013 <strong>Po\u010detna evaluacija.<\/strong> Procjena zaprimljenih radova kojom se utvr\u0111uje originalnosti, pridr\u017eavanja stilskih smjernica \u010dasopisa te se inicijalno provjerava prisutnost plagijata i kori\u0161tenja AI alata. Kako bi se izbjegli sukobi interesa, \u010dlan odbora koji poznaje autora izuzet je iz ove faze i zamjenjuje ga drugi \u010dlan.<\/span><br \/>\n<span style=\"font-size: 10pt; font-family: helvetica, arial, sans-serif;\">\u2013 <strong>Povjerljivost podataka.<\/strong> Svi podaci vezani uz zaprimljene radove smatraju se povjerljivim podacima te se anonimnost autora i recenzenata mora o\u010duvati tijekom cijelog postupka pripreme rada za tisak.<\/span><br \/>\n<span style=\"font-size: 10pt; font-family: helvetica, arial, sans-serif;\">\u2013 <strong>Nepristrana evaluacija i recenzentski postupak.<\/strong> Uredni\u010dka evaluacija rada i recenzentski postupak temelje se isklju\u010divo na kakvo\u0107i sadr\u017eaja, bez obzira na spol, rod, rasu, religiju, etnicitet, nacionalnost ili druga osobna obilje\u017eja autora.<\/span><br \/>\n<span style=\"font-size: 10pt; font-family: helvetica, arial, sans-serif;\">\u2013 <strong>Profesionalnost recenzentskog postupka.<\/strong> Uredni\u0161tvo pronalazi recenzente s odgovaraju\u0107om stru\u010dno\u0161\u0107u i jam\u010di da ne postoji sukob interesa izme\u0111u recenzenata i autora. Recenzentski postupak ne smije trajati dulje od tri tjedna kad se radi o dvostrukoj recenziji, odnosno pet tjedana ako je potreban tre\u0107i recenzent.<\/span><br \/>\n<span style=\"font-size: 10pt; font-family: helvetica, arial, sans-serif;\">\u2013 <strong>Objavljivanje podataka i sukob interesa.<\/strong> \u010clanovi uredni\u010dkog odbora ne smiju koristiti neobjavljeni materijal iz zaprimljenih radova za vlastita istra\u017eivanja bez prethodnog pisanog pristanka autora.<\/span><br \/>\n<span style=\"font-size: 10pt; font-family: helvetica, arial, sans-serif;\">\u2013 <strong>Objavljivanje ispravaka i povla\u010denja radova <\/strong>kada je to potrebno.<\/span><\/p>\n<p><span style=\"font-size: 10pt; font-family: helvetica, arial, sans-serif;\"><strong>ODGOVORNOSTI AUTORA<br \/>\n<\/strong>Slanjem rada, autor se obvezuje na sljede\u0107e:<\/span><br \/>\n<span style=\"font-size: 10pt; font-family: helvetica, arial, sans-serif;\">\u2013 <strong>Originalnost rada<\/strong>. Poslani rad je autorovo originalno djelo za koje preuzima punu znanstvenu i eti\u010dku odgovornost.<\/span><br \/>\n<span style=\"font-size: 10pt; font-family: helvetica, arial, sans-serif;\">\u2013 <strong>Znanstvenu \u010destitost<\/strong>. Poslani rad ne uklju\u010duje plagijat (uklju\u010duju\u0107i i sadr\u017eaj generiran pomo\u0107u AI alata), la\u017eirane podatke, neeti\u010dno pripisivanje autorstva niti bilo koji drugi oblik znanstvene ili istra\u017eiva\u010dke zloupotrebe.<\/span><br \/>\n<span style=\"font-size: 10pt; font-family: helvetica, arial, sans-serif;\">\u2013 <strong>Pridr\u017eavanje stilskih smjernica \u010dasopisa<\/strong>. Rad je u skladu sa stilskim smjernicama \u010dasopisa.<\/span><br \/>\n<span style=\"font-size: 10pt; font-family: helvetica, arial, sans-serif;\">\u2013 <strong>Slanje rada isklju\u010divo <em>Umjetnosti rije\u010di<\/em><\/strong>. Rad nije prethodno objavljen niti poslan za objavu u drugu publikaciju.<\/span><br \/>\n<span style=\"font-size: 10pt; font-family: helvetica, arial, sans-serif;\">\u2013 <strong>Navo\u0111enje izvora<\/strong>. Svi izvori, uklju\u010duju\u0107i citate u tekstu, fusnote, upu\u0107ivanje na vlastiti rad i bibliografija, ispravno su nazna\u010deni u radu.<\/span><br \/>\n<span style=\"font-size: 10pt; font-family: helvetica, arial, sans-serif;\">\u2013 <strong>Recenzentski postupak<\/strong>. Autor se mora osvrnuti na ve\u0107inu komentara recenzenata. U suprotnom, uredni\u010dki odbor zadr\u017eava pravo povla\u010denja rada. Autor ima na raspolaganju dva do tri tjedna za reviziju rada nakon postupka recenzije.<\/span><br \/>\n<span style=\"font-size: 10pt; font-family: helvetica, arial, sans-serif;\">\u2013 <strong>Prijava pogre\u0161aka<\/strong>. Ako autor uo\u010di pogre\u0161ku ili neto\u010dnost u svom poslanom ili objavljenom radu, mora odmah obavijestiti Uredni\u010dki odbor.<\/span><\/p>\n<p><span style=\"font-size: 10pt; font-family: helvetica, arial, sans-serif;\"><strong>ODGOVORNOSTI RECENZENTA<br \/>\n<\/strong>\u2013 <strong>Povjerljivost<\/strong>. Recenzent mora po\u0161tovati povjerljivost recenzentskog postupka i ne smije otkrivati nikakve pojedinosti o radu ili svojoj recenziji tijekom ili recenzentskog postupka.<\/span><br \/>\n<span style=\"font-size: 10pt; font-family: helvetica, arial, sans-serif;\">\u2013 <strong>Stru\u010dnost<\/strong>. Recenzent treba prihva\u0107ati samo radove iz podru\u010dja svoje struke i pridr\u017eavati se rokova recenzentskog postupka. Ako nema potrebnu stru\u010dnost ili ne mo\u017ee ispo\u0161tovati rok, mora odmah obavijestiti uredni\u010dki odbor.<\/span><br \/>\n<span style=\"font-size: 10pt; font-family: helvetica, arial, sans-serif;\">\u2013 <strong>Sukob interesa<\/strong>. Recenzent ne smije imati sukob interesa s istra\u017eivanjem, autorima ili izvorima financiranja poslanog rada.<\/span><br \/>\n<span style=\"font-size: 10pt; font-family: helvetica, arial, sans-serif;\">\u2013 <strong>Objektivnost<\/strong>. Recenzent treba jasno i argumentirano procijeniti relevantnosti teme te kvalitetu strukture rada, argumenta, metodologije istra\u017eivanja, kori\u0161tenja izvora i citiranja.<\/span><br \/>\n<span style=\"font-size: 10pt; font-family: helvetica, arial, sans-serif;\">\u2013 <strong>Objavljivanje podataka i sukob interesa<\/strong>. Recenzent ne smije koristiti informacije dobivene tijekom recenzije za vlastitu ili tu\u0111u korist niti za diskreditaciju pojedinaca ili organizacija.<br \/>\n\u2013 <strong>Povreda znanstvene \u010destitosti.<\/strong> Recenzent treba odmah obavijestiti uredni\u0161tvo ako uo\u010di eti\u010dke nepravilnosti, sumnja na zloupotrebu ili primijeti zna\u010dajnu sli\u010dnost izme\u0111u rada kojeg recenzira i drugog poslanog ili objavljenog rada.<br \/>\n<\/span><br \/>\n<span style=\"font-size: 10pt; font-family: helvetica, arial, sans-serif;\"><strong>AUTORSKO PRAVO I PRAVO IZDAVA\u010cA <br \/>\n<\/strong>\u010casopis zadr\u017eava autorska i izdava\u010dka prava za sve objavljene priloge. Me\u0111utim, autori mogu ponovno objaviti svoj rad u drugoj publikaciji \u010diji su autori (npr. kao poglavlje u knjizi). Radovi ili izvatci objavljeni u \u010dasopisu mogu se bez naknade koristiti u sve nekomercijalne svrhe, pod uvjetom da se po\u0161tuju i ispravno navode prava izdava\u010da i autora. \u010casopis radi u skladu s licencom CC BY-NC-ND 4.0 (<a href=\"https:\/\/creativecommons.org\/licenses\/by-nc-nd\/4.0\/deed.hr\" target=\"_blank\" rel=\"noopener\">Creative Commons Attribution-NonCommercial-NoDerivatives 4.0 International License<\/a>) koja dopu\u0161ta besplatnu i nekomercijalnu uporabu bilo kojeg rada uz pravilno navo\u0111enje autora i izvora.<\/span><\/p>\n<p><span style=\"font-size: 10pt; font-family: helvetica, arial, sans-serif;\"><strong>SLOBODNI PRISTUP SADR\u017dAJU \u010cASOPISA<\/strong><\/span><br \/>\n<span style=\"font-size: 10pt; font-family: helvetica, arial, sans-serif;\">\u010casopis omogu\u0107uje slobodni pristup svome sadr\u017eaju u pdf formatu preko poveznice <a href=\"http:\/\/umjetnostrijeci.ffzg.unizg.hr\/?page_id=228\">Pro\u0161li brojevi<\/a> i preko portala <a href=\"https:\/\/hrcak.srce.hr\/umjetnost-rijeci\" target=\"_blank\" rel=\"noopener\">Hr\u010dak<\/a>. Korisnici mogu \u010ditati, preuzimati, kopirati, distribuirati, ispisivati, pretra\u017eivati ili mre\u017eno povezivati \u010dlanke objavljene u \u010dasopisu u skladu s definicijom slobodnog pristupa znanstvenoj literaturi <a href=\"http:\/\/www.budapestopenaccessinitiative.org\/boai-10-recommendations\">Budimpe\u0161tanske inicijative (BOAI)<\/a>. Autori su du\u017eni pridr\u017eavati se navedene definicije prilikom slobodnog pristupanja sadr\u017eaju \u010dasopisa.<\/span><\/p>\n","protected":false},"excerpt":{"rendered":"<p>\u010casopis promi\u010de najvi\u0161e eti\u010dke standarde u izdava\u0161tvu i zagovara pridr\u017eavanje eti\u010dkih, pravnih i profesionalnih uzusa znanstvenog istra\u017eivanja i akademskog pisma. \u010casopis insistira na akademskoj transparentnosti i \u010destitosti, uz nultu toleranciju prema zloupotrebama u znanstvenom izdava\u0161tvu kako bi zadr\u017eao status platforme za otvoreni i nepristrani dijalog izme\u0111u autora, recenzenata, \u010ditatelja i \u0161ire akademske javnosti. Izdava\u010dka politika [&hellip;]<\/p>\n","protected":false},"author":3,"featured_media":0,"parent":0,"menu_order":0,"comment_status":"closed","ping_status":"closed","template":"","meta":{"footnotes":""},"class_list":["post-1975","page","type-page","status-publish","hentry"],"_links":{"self":[{"href":"https:\/\/umjetnostrijeci.ffzg.unizg.hr\/index.php?rest_route=\/wp\/v2\/pages\/1975","targetHints":{"allow":["GET"]}}],"collection":[{"href":"https:\/\/umjetnostrijeci.ffzg.unizg.hr\/index.php?rest_route=\/wp\/v2\/pages"}],"about":[{"href":"https:\/\/umjetnostrijeci.ffzg.unizg.hr\/index.php?rest_route=\/wp\/v2\/types\/page"}],"author":[{"embeddable":true,"href":"https:\/\/umjetnostrijeci.ffzg.unizg.hr\/index.php?rest_route=\/wp\/v2\/users\/3"}],"replies":[{"embeddable":true,"href":"https:\/\/umjetnostrijeci.ffzg.unizg.hr\/index.php?rest_route=%2Fwp%2Fv2%2Fcomments&post=1975"}],"version-history":[{"count":20,"href":"https:\/\/umjetnostrijeci.ffzg.unizg.hr\/index.php?rest_route=\/wp\/v2\/pages\/1975\/revisions"}],"predecessor-version":[{"id":2983,"href":"https:\/\/umjetnostrijeci.ffzg.unizg.hr\/index.php?rest_route=\/wp\/v2\/pages\/1975\/revisions\/2983"}],"wp:attachment":[{"href":"https:\/\/umjetnostrijeci.ffzg.unizg.hr\/index.php?rest_route=%2Fwp%2Fv2%2Fmedia&parent=1975"}],"curies":[{"name":"wp","href":"https:\/\/api.w.org\/{rel}","templated":true}]}}