{"id":2174,"date":"2022-07-30T11:41:02","date_gmt":"2022-07-30T10:41:02","guid":{"rendered":"http:\/\/umjetnostrijeci.ffzg.unizg.hr\/?page_id=2174"},"modified":"2022-07-30T12:12:02","modified_gmt":"2022-07-30T11:12:02","slug":"2022-lxvi-1-2","status":"publish","type":"page","link":"https:\/\/umjetnostrijeci.ffzg.unizg.hr\/?page_id=2174","title":{"rendered":"2022. (LXVI) 1"},"content":{"rendered":"<table style=\"border-collapse: collapse; width: 100%; height: 288px;\" border=\"1\">\n<tbody>\n<tr style=\"height: 48px;\">\n<td style=\"width: 73.84%; height: 48px;\"><a href=\"http:\/\/umjetnostrijeci.ffzg.unizg.hr\/wp-content\/uploads\/2022\/07\/UR-2022-01-001-Brebanovic-za-web.pdf\" target=\"_blank\" rel=\"noopener\">Sreten Mari\u0107 i sukob na knji\u017eevnoj ljevici<\/a><br \/>\nPredrag Brebanovi\u0107 (Filolo\u0161ki fakultet, Beograd)<\/td>\n<td style=\"width: 26.16%; height: 48px;\">1&#8211;25.<\/td>\n<\/tr>\n<tr style=\"height: 72px;\">\n<td style=\"width: 73.84%; height: 72px;\"><a href=\"http:\/\/umjetnostrijeci.ffzg.unizg.hr\/wp-content\/uploads\/2022\/07\/UR-2022-01-002-Badurina-za-web.pdf\" target=\"_blank\" rel=\"noopener\">Zaboravljeni hrvatski \u017eidovski pisac Hinko Gottlieb: znanstvena fantastika, humor i holokaust<\/a><br \/>\nNatka Badurina (Sveu\u010dili\u0161te u Udinama, Italija)<\/td>\n<td style=\"width: 26.16%; height: 72px;\">27&#8211;52.<\/td>\n<\/tr>\n<tr style=\"height: 48px;\">\n<td style=\"width: 73.84%; height: 48px;\"><a href=\"http:\/\/umjetnostrijeci.ffzg.unizg.hr\/wp-content\/uploads\/2022\/07\/UR-2022-01-003-Skopljanac-za-web.pdf\" target=\"_blank\" rel=\"noopener\"><em>Waka<\/em> Ton\u010dija Petrasovi\u0107a Marovi\u0107a<\/a><br \/>\nLovro \u0160kopljanac (Filozofski fakultet, Zagreb)<\/td>\n<td style=\"width: 26.16%; height: 48px;\">53&#8211;78.<\/td>\n<\/tr>\n<tr style=\"height: 24px;\">\n<td style=\"width: 73.84%; height: 24px;\"><a href=\"http:\/\/umjetnostrijeci.ffzg.unizg.hr\/wp-content\/uploads\/2022\/07\/UR-2022-01-004-Kuvac-Levacic-i-Tomas-za-web.pdf\" target=\"_blank\" rel=\"noopener\">Metafori\u010dka konceptualizacija tjelesnosti patnje u pjesni\u0161tvu Nade Grubi\u0161i\u0107<\/a><br \/>\nKornelija Kuva\u010d-Leva\u010di\u0107 (Odjel za kroatistiku, Zadar)<br \/>\nVladimir Toma\u0161 (Odjel za kroatistiku, Zadar)<\/td>\n<td style=\"width: 26.16%; height: 24px;\">79&#8211;99.<\/td>\n<\/tr>\n<tr style=\"height: 24px;\">\n<td style=\"width: 73.84%; height: 24px;\"><a href=\"http:\/\/umjetnostrijeci.ffzg.unizg.hr\/wp-content\/uploads\/2022\/07\/UR-2022-01-005-Prikazi-Feldman-za-web.pdf\" target=\"_blank\" rel=\"noopener\">Putanje putenosti<\/a><br \/>\nPrikaz knjige: Michel Foucault, <em>Povijest seksualnosti 4, Priznanja puti<\/em>, Zagreb: Domino, 2021.<br \/>\nLada \u010cale Feldman (Sveu\u010dili\u0161te u Zagrebu)<\/td>\n<td style=\"width: 26.16%; height: 24px;\">101&#8211;107.<\/td>\n<\/tr>\n<tr style=\"height: 24px;\">\n<td style=\"width: 73.84%; height: 24px;\"><a href=\"http:\/\/umjetnostrijeci.ffzg.unizg.hr\/wp-content\/uploads\/2022\/07\/UR-2022-01-006-Prikazi-Lugaric-Vukas-za-web.pdf\" target=\"_blank\" rel=\"noopener\">Hladni rat na knji\u017eevnome polju<\/a><br \/>\nPrikaz knjige: Tematski broj \u010dasopisa <em>Wiener Slawistischer Almanach<\/em>, ur. Yasha Klots, br. 86, <em>Tamizdat: Publishing Russian Literature Across Borders<\/em>, M\u00fcnchen: Peter Lang, 2021.<br \/>\nDanijela Lugari\u0107 Vukas (Sveu\u010dili\u0161te u Zagrebu)<\/td>\n<td style=\"width: 26.16%; height: 24px;\">107&#8211;111.<\/td>\n<\/tr>\n<tr style=\"height: 24px;\">\n<td style=\"width: 73.84%; height: 24px;\"><a href=\"http:\/\/umjetnostrijeci.ffzg.unizg.hr\/wp-content\/uploads\/2022\/07\/UR-2022-01-007-Prikazi-Protrka-Stimec-za-web.pdf\" target=\"_blank\" rel=\"noopener\">Pripovijedanje hrabrosti<\/a><br \/>\nPrikaz knjige: Natka Badurina, Una Bauer, Renata Jambre\u0161i\u0107-Kirin i Jelena Markovi\u0107, <em>Encountering Fear<\/em>, Zagreb: Institut za etnologiju i folkloristiku, 2020.<br \/>\nMarina Protrka \u0160timec (Sveu\u010dili\u0161te u Zagrebu)<\/td>\n<td style=\"width: 26.16%; height: 24px;\">111&#8211;114.<\/td>\n<\/tr>\n<tr style=\"height: 24px;\">\n<td style=\"width: 73.84%; height: 24px;\"><a href=\"http:\/\/umjetnostrijeci.ffzg.unizg.hr\/wp-content\/uploads\/2022\/07\/UR-2022-01-008-Prikazi-Grebenac-za-web.pdf\" target=\"_blank\" rel=\"noopener\">Dostoevskij o\u010dima Filozofskog<\/a><br \/>\nPrikaz knjige: Jasmina Vojvodi\u0107 (ur.), <em>Dvjesto godina Dostoevskog<\/em>, Zagreb: Disput, 2021.<br \/>\nPetra Grebenac (Sveu\u010dili\u0161te u Zagrebu)<\/td>\n<td style=\"width: 26.16%; height: 24px;\">114&#8211;119.<\/td>\n<\/tr>\n<\/tbody>\n<\/table>\n","protected":false},"excerpt":{"rendered":"<p>Sreten Mari\u0107 i sukob na knji\u017eevnoj ljevici Predrag Brebanovi\u0107 (Filolo\u0161ki fakultet, Beograd) 1&#8211;25. Zaboravljeni hrvatski \u017eidovski pisac Hinko Gottlieb: znanstvena fantastika, humor i holokaust Natka Badurina (Sveu\u010dili\u0161te u Udinama, Italija) 27&#8211;52. Waka Ton\u010dija Petrasovi\u0107a Marovi\u0107a Lovro \u0160kopljanac (Filozofski fakultet, Zagreb) 53&#8211;78. Metafori\u010dka konceptualizacija tjelesnosti patnje u pjesni\u0161tvu Nade Grubi\u0161i\u0107 Kornelija Kuva\u010d-Leva\u010di\u0107 (Odjel za kroatistiku, Zadar) [&hellip;]<\/p>\n","protected":false},"author":2,"featured_media":0,"parent":228,"menu_order":0,"comment_status":"closed","ping_status":"closed","template":"","meta":{"footnotes":""},"class_list":["post-2174","page","type-page","status-publish","hentry"],"_links":{"self":[{"href":"https:\/\/umjetnostrijeci.ffzg.unizg.hr\/index.php?rest_route=\/wp\/v2\/pages\/2174","targetHints":{"allow":["GET"]}}],"collection":[{"href":"https:\/\/umjetnostrijeci.ffzg.unizg.hr\/index.php?rest_route=\/wp\/v2\/pages"}],"about":[{"href":"https:\/\/umjetnostrijeci.ffzg.unizg.hr\/index.php?rest_route=\/wp\/v2\/types\/page"}],"author":[{"embeddable":true,"href":"https:\/\/umjetnostrijeci.ffzg.unizg.hr\/index.php?rest_route=\/wp\/v2\/users\/2"}],"replies":[{"embeddable":true,"href":"https:\/\/umjetnostrijeci.ffzg.unizg.hr\/index.php?rest_route=%2Fwp%2Fv2%2Fcomments&post=2174"}],"version-history":[{"count":4,"href":"https:\/\/umjetnostrijeci.ffzg.unizg.hr\/index.php?rest_route=\/wp\/v2\/pages\/2174\/revisions"}],"predecessor-version":[{"id":2193,"href":"https:\/\/umjetnostrijeci.ffzg.unizg.hr\/index.php?rest_route=\/wp\/v2\/pages\/2174\/revisions\/2193"}],"up":[{"embeddable":true,"href":"https:\/\/umjetnostrijeci.ffzg.unizg.hr\/index.php?rest_route=\/wp\/v2\/pages\/228"}],"wp:attachment":[{"href":"https:\/\/umjetnostrijeci.ffzg.unizg.hr\/index.php?rest_route=%2Fwp%2Fv2%2Fmedia&parent=2174"}],"curies":[{"name":"wp","href":"https:\/\/api.w.org\/{rel}","templated":true}]}}