{"id":2179,"date":"2022-07-30T11:56:47","date_gmt":"2022-07-30T10:56:47","guid":{"rendered":"http:\/\/umjetnostrijeci.ffzg.unizg.hr\/?page_id=2179&#038;lang=en"},"modified":"2022-07-30T12:12:13","modified_gmt":"2022-07-30T11:12:13","slug":"2022-lxvi-no-1-2","status":"publish","type":"page","link":"https:\/\/umjetnostrijeci.ffzg.unizg.hr\/?page_id=2179&lang=en","title":{"rendered":"2022 (LXVI) No. 1"},"content":{"rendered":"<table style=\"border-collapse: collapse; width: 100%; height: 288px;\" border=\"1\">\n<tbody>\n<tr style=\"height: 48px;\">\n<td style=\"width: 73.84%; height: 48px;\"><a href=\"http:\/\/umjetnostrijeci.ffzg.unizg.hr\/wp-content\/uploads\/2022\/07\/UR-2022-01-001-Brebanovic-za-web.pdf\" target=\"_blank\" rel=\"noopener\">Sreten Mari\u0107 and the Conflict on the Literary Left<\/a><br \/>\nArticle in Serbian, abstract in English<br \/>\nPredrag Brebanovi\u0107 (Faculty of Philology, Belgrade)<\/td>\n<td style=\"width: 26.16%; height: 48px;\">1&#8211;25<\/td>\n<\/tr>\n<tr style=\"height: 72px;\">\n<td style=\"width: 73.84%; height: 72px;\"><a href=\"http:\/\/umjetnostrijeci.ffzg.unizg.hr\/wp-content\/uploads\/2022\/07\/UR-2022-01-002-Badurina-za-web.pdf\" target=\"_blank\" rel=\"noopener\">The Forgotten Croatian Jewish Writer Hinko Gottlieb: Science Fiction, Humour and the Holocaust<\/a><br \/>\nArticle in Croatian, abstract in English<br \/>\nNatka Badurina (University of Udine, Italy)<\/td>\n<td style=\"width: 26.16%; height: 72px;\">27&#8211;52<\/td>\n<\/tr>\n<tr style=\"height: 48px;\">\n<td style=\"width: 73.84%; height: 48px;\"><a href=\"http:\/\/umjetnostrijeci.ffzg.unizg.hr\/wp-content\/uploads\/2022\/07\/UR-2022-01-003-Skopljanac-za-web.pdf\" target=\"_blank\" rel=\"noopener\">Ton\u010di Petrasov Marovi\u0107\u2019s <em>Waka<\/em><\/a><br \/>\nArticle in Croatian, abstract in English<br \/>\nLovro \u0160kopljanac (Faculty of Humanities and Social Sciences, Zagreb)<\/td>\n<td style=\"width: 26.16%; height: 48px;\">53&#8211;78<\/td>\n<\/tr>\n<tr style=\"height: 24px;\">\n<td style=\"width: 73.84%; height: 24px;\"><a href=\"http:\/\/umjetnostrijeci.ffzg.unizg.hr\/wp-content\/uploads\/2022\/07\/UR-2022-01-004-Kuvac-Levacic-i-Tomas-za-web.pdf\" target=\"_blank\" rel=\"noopener\">Metaphoric Conceptualisation of Corporal Suffering in Nada Grubi\u0161i\u0107\u2019s Poetry<\/a><br \/>\nArticle in Croatian, abstract in English<br \/>\nKornelija Kuva\u010d-Leva\u010di\u0107 (Department of Croatian Studies, Zadar)<br \/>\nVladimir Toma\u0161 (Department of Croatian Studies, Zadar)<\/td>\n<td style=\"width: 26.16%; height: 24px;\">79&#8211;99<\/td>\n<\/tr>\n<tr style=\"height: 24px;\">\n<td style=\"width: 73.84%; height: 24px;\"><a href=\"http:\/\/umjetnostrijeci.ffzg.unizg.hr\/wp-content\/uploads\/2022\/07\/UR-2022-01-005-Prikazi-Feldman-za-web.pdf\" target=\"_blank\" rel=\"noopener\">Trails of Sensuality<\/a><br \/>\nBook review in Croatian<br \/>\nMichel Foucault, <em>Povijest seksualnosti 4, Priznanja puti<\/em>, Zagreb: Domino, 2021.<br \/>\nLada \u010cale Feldman (University of Zagreb)<\/td>\n<td style=\"width: 26.16%; height: 24px;\">101&#8211;107<\/td>\n<\/tr>\n<tr style=\"height: 24px;\">\n<td style=\"width: 73.84%; height: 24px;\"><a href=\"http:\/\/umjetnostrijeci.ffzg.unizg.hr\/wp-content\/uploads\/2022\/07\/UR-2022-01-006-Prikazi-Lugaric-Vukas-za-web.pdf\" target=\"_blank\" rel=\"noopener\">Cold War in the Field of Literature<\/a><br \/>\nBook review in Croatian<br \/>\n<em>Wiener Slawistischer Almanach<\/em>, ed. Yasha Klots, no. 86, <em>Tamizdat: Publishing Russian Literature Across Borders<\/em>, Munich: Peter Lang, 2021.<br \/>\nDanijela Lugari\u0107 Vukas (University of Zagreb)<\/td>\n<td style=\"width: 26.16%; height: 24px;\">107&#8211;111<\/td>\n<\/tr>\n<tr style=\"height: 24px;\">\n<td style=\"width: 73.84%; height: 24px;\"><a href=\"http:\/\/umjetnostrijeci.ffzg.unizg.hr\/wp-content\/uploads\/2022\/07\/UR-2022-01-007-Prikazi-Protrka-Stimec-za-web.pdf\" target=\"_blank\" rel=\"noopener\">Narrating Courage<\/a><br \/>\nBook review in Croatian<br \/>\nNatka Badurina, Una Bauer, Renata Jambre\u0161i\u0107-Kirin and Jelena Markovi\u0107, <em>Encountering Fear<\/em>, Zagreb: Institut za etnologiju i folkloristiku, 2020.<br \/>\nMarina Protrka \u0160timec (University of Zagreb)<\/td>\n<td style=\"width: 26.16%; height: 24px;\">111&#8211;114<\/td>\n<\/tr>\n<tr style=\"height: 24px;\">\n<td style=\"width: 73.84%; height: 24px;\"><a href=\"http:\/\/umjetnostrijeci.ffzg.unizg.hr\/wp-content\/uploads\/2022\/07\/UR-2022-01-008-Prikazi-Grebenac-za-web.pdf\" target=\"_blank\" rel=\"noopener\">Dostoevsky through the Eyes of the Faculty of Humanities and Social Sciences in Zagreb<\/a><br \/>\nBook review in Croatian<br \/>\nJasmina Vojvodi\u0107 (ed.), <em>Dvjesto godina Dostoevskog<\/em>, Zagreb: Disput, 2021.<br \/>\nPetra Grebenac (University of Zagreb)<\/td>\n<td style=\"width: 26.16%; height: 24px;\">114&#8211;119<\/td>\n<\/tr>\n<\/tbody>\n<\/table>\n","protected":false},"excerpt":{"rendered":"<p>Sreten Mari\u0107 and the Conflict on the Literary Left Article in Serbian, abstract in English Predrag Brebanovi\u0107 (Faculty of Philology, Belgrade) 1&#8211;25 The Forgotten Croatian Jewish Writer Hinko Gottlieb: Science Fiction, Humour and the Holocaust Article in Croatian, abstract in English Natka Badurina (University of Udine, Italy) 27&#8211;52 Ton\u010di Petrasov Marovi\u0107\u2019s Waka Article in Croatian, [&hellip;]<\/p>\n","protected":false},"author":2,"featured_media":0,"parent":490,"menu_order":0,"comment_status":"closed","ping_status":"closed","template":"","meta":{"footnotes":""},"class_list":["post-2179","page","type-page","status-publish","hentry"],"_links":{"self":[{"href":"https:\/\/umjetnostrijeci.ffzg.unizg.hr\/index.php?rest_route=\/wp\/v2\/pages\/2179","targetHints":{"allow":["GET"]}}],"collection":[{"href":"https:\/\/umjetnostrijeci.ffzg.unizg.hr\/index.php?rest_route=\/wp\/v2\/pages"}],"about":[{"href":"https:\/\/umjetnostrijeci.ffzg.unizg.hr\/index.php?rest_route=\/wp\/v2\/types\/page"}],"author":[{"embeddable":true,"href":"https:\/\/umjetnostrijeci.ffzg.unizg.hr\/index.php?rest_route=\/wp\/v2\/users\/2"}],"replies":[{"embeddable":true,"href":"https:\/\/umjetnostrijeci.ffzg.unizg.hr\/index.php?rest_route=%2Fwp%2Fv2%2Fcomments&post=2179"}],"version-history":[{"count":5,"href":"https:\/\/umjetnostrijeci.ffzg.unizg.hr\/index.php?rest_route=\/wp\/v2\/pages\/2179\/revisions"}],"predecessor-version":[{"id":2194,"href":"https:\/\/umjetnostrijeci.ffzg.unizg.hr\/index.php?rest_route=\/wp\/v2\/pages\/2179\/revisions\/2194"}],"up":[{"embeddable":true,"href":"https:\/\/umjetnostrijeci.ffzg.unizg.hr\/index.php?rest_route=\/wp\/v2\/pages\/490"}],"wp:attachment":[{"href":"https:\/\/umjetnostrijeci.ffzg.unizg.hr\/index.php?rest_route=%2Fwp%2Fv2%2Fmedia&parent=2179"}],"curies":[{"name":"wp","href":"https:\/\/api.w.org\/{rel}","templated":true}]}}