{"id":2268,"date":"2022-12-28T17:42:44","date_gmt":"2022-12-28T16:42:44","guid":{"rendered":"http:\/\/umjetnostrijeci.ffzg.unizg.hr\/?page_id=2268"},"modified":"2022-12-29T10:09:14","modified_gmt":"2022-12-29T09:09:14","slug":"2022-lxvi-2","status":"publish","type":"page","link":"https:\/\/umjetnostrijeci.ffzg.unizg.hr\/?page_id=2268","title":{"rendered":"2022. (LXVI) 2"},"content":{"rendered":"<table style=\"border-collapse: collapse; width: 100%; height: 360px;\" border=\"1\">\n<tbody>\n<tr style=\"height: 72px;\">\n<td style=\"width: 84.08%; height: 72px;\"><a href=\"http:\/\/umjetnostrijeci.ffzg.unizg.hr\/wp-content\/uploads\/2022\/12\/UR-2022-02-001-Grubel-za-web.pdf\" target=\"_blank\" rel=\"noopener\">\u201cJa sam geograf uspavanog kraljevstva\u201d. Psihopoetika knjige <em>Kontrolna rije\u010d<\/em> (2018) Vere Pavlove<\/a><br \/>\nRainer Gr\u00fcbel (Universit\u00e4t Oldenburg, Njema\u010dka)<\/td>\n<td style=\"width: 15.92%; height: 72px;\">121-147.<\/td>\n<\/tr>\n<tr style=\"height: 48px;\">\n<td style=\"width: 84.08%; height: 48px;\"><a href=\"http:\/\/umjetnostrijeci.ffzg.unizg.hr\/wp-content\/uploads\/2022\/12\/UR-2022-02-002-Bekavac-za-web.pdf\" target=\"_blank\" rel=\"noopener\">Space and Sequence: A Topography of <em>Here<\/em><\/a><br \/>\nLuka Bekavac (Sveu\u010dili\u0161te u Zagrebu)<\/td>\n<td style=\"width: 15.92%; height: 48px;\">149-176.<\/td>\n<\/tr>\n<tr style=\"height: 48px;\">\n<td style=\"width: 84.08%; height: 48px;\"><a href=\"http:\/\/umjetnostrijeci.ffzg.unizg.hr\/wp-content\/uploads\/2022\/12\/UR-2022-02-003-Zeman-za-web.pdf\" target=\"_blank\" rel=\"noopener\">\u017divoto(puto)pisi stvari u njema\u010dkoj i svjetskoj knji\u017eevnosti<\/a><br \/>\nMirna Zeman (FernUniversit\u00e4t in Hagen, Njema\u010dka)<\/td>\n<td style=\"width: 15.92%; height: 48px;\">177-198.<\/td>\n<\/tr>\n<tr style=\"height: 48px;\">\n<td style=\"width: 84.08%; height: 48px;\"><a href=\"http:\/\/umjetnostrijeci.ffzg.unizg.hr\/wp-content\/uploads\/2022\/12\/UR-2022-02-004-Cvek-za-web.pdf\" target=\"_blank\" rel=\"noopener\">Breece D\u2019J Pancake, Peripheral Modernist<\/a><br \/>\nSven Cvek (Sveu\u010dili\u0161te u Zagrebu)<\/td>\n<td style=\"width: 15.92%; height: 48px;\">199-218.<\/td>\n<\/tr>\n<tr style=\"height: 24px;\">\n<td style=\"width: 84.08%; height: 24px;\"><a href=\"http:\/\/umjetnostrijeci.ffzg.unizg.hr\/wp-content\/uploads\/2022\/12\/UR-2022-02-005-Prikaz-Grdesic-za-web.pdf\" target=\"_blank\" rel=\"noopener\">Bahtinova sociolo\u0161ka stilistika romana<\/a><br \/>\nPrikaz knjige: Mihail M. Bahtin, <em>Teorija romana<\/em>, preveli Ivo Alebi\u0107 i Danijela Lugari\u0107 Vukas, Zagreb: Edicije Bo\u017ei\u010devi\u0107, 2019, 661 str.<br \/>\nMa\u0161a Grde\u0161i\u0107 (Sveu\u010dili\u0161te u Zagrebu)<\/td>\n<td style=\"width: 15.92%; height: 24px;\">219-225.<\/td>\n<\/tr>\n<tr style=\"height: 24px;\">\n<td style=\"width: 84.08%; height: 24px;\"><a href=\"http:\/\/umjetnostrijeci.ffzg.unizg.hr\/wp-content\/uploads\/2022\/12\/UR-2022-02-006-Prikaz-Vojvodic-za-web.pdf\" target=\"_blank\" rel=\"noopener\">Ruski Europejac Dostoevskij<\/a><br \/>\nPrikaz knjige: Andr\u00e9 Gide, <em>Dostojevski<\/em>. <em>\u010clanci i kozerije<\/em>, prev. Damjan Lalovi\u0107, Zagreb: Disput, 2022, 286 str.<br \/>\nJasmina Vojvodi\u0107 (Sveu\u010dili\u0161te u Zagrebu)<\/td>\n<td style=\"width: 15.92%; height: 24px;\">225-230.<\/td>\n<\/tr>\n<tr style=\"height: 24px;\">\n<td style=\"width: 84.08%; height: 24px;\"><a href=\"http:\/\/umjetnostrijeci.ffzg.unizg.hr\/wp-content\/uploads\/2022\/12\/UR-2022-02-007-Prikaz-Ilic-za-web.pdf\" target=\"_blank\" rel=\"noopener\">O modernizmu i avangardi u Jugoslaviji<\/a><br \/>\nPrikaz knjige: Biljana Andonovska, Tomislav Brlek, Adrijana Vidi\u0107 (ur.), <em>Modernizam i avangarda u jugoslovenskom kontekstu I\u2013II<\/em>, Beograd: Institut za knji\u017eevnost i umetnost, 2021\/2022, 222 str. I. i 188 str. II.<br \/>\nAleksandar Ili\u0107 (Univerzitet u Beogradu)<\/td>\n<td style=\"width: 15.92%; height: 24px;\">230-234.<\/td>\n<\/tr>\n<tr style=\"height: 24px;\">\n<td style=\"width: 84.08%; height: 24px;\"><a href=\"http:\/\/umjetnostrijeci.ffzg.unizg.hr\/wp-content\/uploads\/2022\/12\/UR-2022-02-008-Prikaz-Milojevic-za-web.pdf\" target=\"_blank\" rel=\"noopener\">Ju\u017enoslovenske knji\u017eevne teme u knji\u017eevnoteorijskom kontekstu<\/a><br \/>\nPrikaz knjige: Sa\u0161a \u0160mulja, <em>Ju\u017enoslovenske knji\u017eevne teme, interliterarni, intertekstualni i imagolo\u0161ki aspekti,<\/em> Banja Luka: Filolo\u0161ki fakultet, 2021, 191 str., \u0107ir.<br \/>\nSne\u017eana J. Milojevi\u0107 (Nezavisni istra\u017eiva\u010d, Srbija)<\/td>\n<td style=\"width: 15.92%; height: 24px;\">234-238.<\/td>\n<\/tr>\n<tr style=\"height: 24px;\">\n<td style=\"width: 84.08%; height: 24px;\"><a href=\"http:\/\/umjetnostrijeci.ffzg.unizg.hr\/wp-content\/uploads\/2022\/12\/UR-2022-02-009-In-memoriam-Zmegac-Bobinac-za-web.pdf\" target=\"_blank\" rel=\"noopener\">In memoriam. Viktor \u017dmega\u010d (1929\u20132022)<\/a><br \/>\nMarijan Bobinac (Sveu\u010dili\u0161te u Zagrebu)<\/td>\n<td style=\"width: 15.92%; height: 24px;\">239-242.<\/td>\n<\/tr>\n<tr style=\"height: 24px;\">\n<td style=\"width: 84.08%; height: 24px;\"><a href=\"http:\/\/umjetnostrijeci.ffzg.unizg.hr\/wp-content\/uploads\/2022\/12\/UR-2022-02-010-In-memoriam-Zmegac-Car-za-web.pdf\" target=\"_blank\" rel=\"noopener\">Profesoru Viktoru \u017dmega\u010du<\/a><br \/>\nMilka Car (Sveu\u010dili\u0161te u Zagrebu)<\/td>\n<td style=\"width: 15.92%; height: 24px;\">243-247.<\/td>\n<\/tr>\n<\/tbody>\n<\/table>\n","protected":false},"excerpt":{"rendered":"<p>\u201cJa sam geograf uspavanog kraljevstva\u201d. Psihopoetika knjige Kontrolna rije\u010d (2018) Vere Pavlove Rainer Gr\u00fcbel (Universit\u00e4t Oldenburg, Njema\u010dka) 121-147. Space and Sequence: A Topography of Here Luka Bekavac (Sveu\u010dili\u0161te u Zagrebu) 149-176. \u017divoto(puto)pisi stvari u njema\u010dkoj i svjetskoj knji\u017eevnosti Mirna Zeman (FernUniversit\u00e4t in Hagen, Njema\u010dka) 177-198. Breece D\u2019J Pancake, Peripheral Modernist Sven Cvek (Sveu\u010dili\u0161te u Zagrebu) [&hellip;]<\/p>\n","protected":false},"author":2,"featured_media":0,"parent":228,"menu_order":0,"comment_status":"closed","ping_status":"closed","template":"","meta":{"footnotes":""},"class_list":["post-2268","page","type-page","status-publish","hentry"],"_links":{"self":[{"href":"https:\/\/umjetnostrijeci.ffzg.unizg.hr\/index.php?rest_route=\/wp\/v2\/pages\/2268","targetHints":{"allow":["GET"]}}],"collection":[{"href":"https:\/\/umjetnostrijeci.ffzg.unizg.hr\/index.php?rest_route=\/wp\/v2\/pages"}],"about":[{"href":"https:\/\/umjetnostrijeci.ffzg.unizg.hr\/index.php?rest_route=\/wp\/v2\/types\/page"}],"author":[{"embeddable":true,"href":"https:\/\/umjetnostrijeci.ffzg.unizg.hr\/index.php?rest_route=\/wp\/v2\/users\/2"}],"replies":[{"embeddable":true,"href":"https:\/\/umjetnostrijeci.ffzg.unizg.hr\/index.php?rest_route=%2Fwp%2Fv2%2Fcomments&post=2268"}],"version-history":[{"count":5,"href":"https:\/\/umjetnostrijeci.ffzg.unizg.hr\/index.php?rest_route=\/wp\/v2\/pages\/2268\/revisions"}],"predecessor-version":[{"id":2291,"href":"https:\/\/umjetnostrijeci.ffzg.unizg.hr\/index.php?rest_route=\/wp\/v2\/pages\/2268\/revisions\/2291"}],"up":[{"embeddable":true,"href":"https:\/\/umjetnostrijeci.ffzg.unizg.hr\/index.php?rest_route=\/wp\/v2\/pages\/228"}],"wp:attachment":[{"href":"https:\/\/umjetnostrijeci.ffzg.unizg.hr\/index.php?rest_route=%2Fwp%2Fv2%2Fmedia&parent=2268"}],"curies":[{"name":"wp","href":"https:\/\/api.w.org\/{rel}","templated":true}]}}