{"id":228,"date":"2013-05-15T09:19:39","date_gmt":"2013-05-15T08:19:39","guid":{"rendered":"http:\/\/www.ffzg.unizg.hr\/umjetnostrijeci\/?page_id=228"},"modified":"2025-12-20T17:50:07","modified_gmt":"2025-12-20T16:50:07","slug":"prosli-brojevi","status":"publish","type":"page","link":"https:\/\/umjetnostrijeci.ffzg.unizg.hr\/?page_id=228","title":{"rendered":"Pro\u0161li brojevi"},"content":{"rendered":"<p><span style=\"font-size: 10pt;\"><strong>Sadr\u017eaj: <\/p>\n<p>2025. (LXIX)<br \/>\n<\/strong><a href=\"https:\/\/umjetnostrijeci.ffzg.unizg.hr\/?page_id=3178\" target=\"_blank\" rel=\"noopener\">Br. 2, srpanj &#8211; prosinac<\/a><br \/>\n<a href=\"https:\/\/umjetnostrijeci.ffzg.unizg.hr\/?page_id=3041\" target=\"_blank\" rel=\"noopener\">Br. 1, sije\u010danj &#8211; lipanj<\/a><strong><br \/>\n2024. (LXVIII)<br \/>\n<\/strong><a href=\"https:\/\/umjetnostrijeci.ffzg.unizg.hr\/?page_id=2899\" target=\"_blank\" rel=\"noopener\">Br. 2, srpanj &#8211; prosinac<\/a><br \/>\n<a href=\"https:\/\/umjetnostrijeci.ffzg.unizg.hr\/?page_id=2829\" target=\"_blank\" rel=\"noopener\">Br. 1, sije\u010danj &#8211; lipanj<\/a><strong><br \/>\n2023. (LXVII)<br \/>\n<\/strong><a href=\"https:\/\/umjetnostrijeci.ffzg.unizg.hr\/?page_id=2759\" target=\"_blank\" rel=\"noopener\">Br. 2, srpanj &#8211; prosinac<\/a><br \/>\n<a href=\"http:\/\/umjetnostrijeci.ffzg.unizg.hr\/?page_id=2326\" target=\"_blank\" rel=\"noopener\">Br. 1, sije\u010danj &#8211; lipanj<\/a><strong><br \/>\n2022. (LXVI)<br \/>\n<\/strong><a href=\"http:\/\/umjetnostrijeci.ffzg.unizg.hr\/?page_id=2268\" target=\"_blank\" rel=\"noopener\">Br. 2, srpanj &#8211; prosinac<\/a><br \/>\n<a href=\"http:\/\/umjetnostrijeci.ffzg.unizg.hr\/?page_id=2174\" target=\"_blank\" rel=\"noopener\">Br. 1, sije\u010danj &#8211; lipanj <\/a><strong><br \/>\n<\/strong><\/span><span style=\"font-size: 10pt;\"><strong><span style=\"font-size: 10pt;\">2021. (LXV)<br \/>\n<\/span><\/strong><a href=\"http:\/\/umjetnostrijeci.ffzg.unizg.hr\/?page_id=2109\" target=\"_blank\" rel=\"noopener\"><span style=\"font-size: 10pt;\">Br. 3 &#8211; 4, srpanj &#8211; prosinac<\/span><\/a><span style=\"font-size: 10pt;\"> (broj na engleskom)<br \/>\n<\/span><a href=\"http:\/\/umjetnostrijeci.ffzg.unizg.hr\/?page_id=2048\" target=\"_blank\" rel=\"noopener\"><span style=\"font-size: 10pt;\">Br. 1 &#8211; 2, sije\u010danj &#8211; lipanj<\/span><\/a><strong><span style=\"font-size: 10pt;\"><br \/>\n2020. (LXIV)<br \/>\n<\/span><\/strong><span style=\"font-size: 10pt;\"><a href=\"http:\/\/umjetnostrijeci.ffzg.unizg.hr\/?page_id=2004\" target=\"_blank\" rel=\"noopener\">Br. 3 &#8211; 4, srpanj &#8211; prosinac<\/a><br \/>\n<a href=\"http:\/\/umjetnostrijeci.ffzg.unizg.hr\/?page_id=1940\" target=\"_blank\" rel=\"noopener\">Br. 1 &#8211; 2, sije\u010danj &#8211; lipanj<\/a><br \/>\n<\/span><\/span><span style=\"font-size: 10pt;\"><strong><span style=\"font-size: 10pt;\">2019. (LXIII)<br \/>\n<\/span><\/strong><span style=\"font-size: 10pt;\"><a href=\"http:\/\/umjetnostrijeci.ffzg.unizg.hr\/?page_id=1886\" target=\"_blank\" rel=\"noopener\">Br. 3 &#8211; 4, srpanj &#8211; prosinac<\/a> (broj na engleskom)<\/span><strong><span style=\"font-size: 10pt;\"><br \/>\n<\/span><\/strong><a href=\"http:\/\/umjetnostrijeci.ffzg.unizg.hr\/?page_id=1873\" target=\"_blank\" rel=\"noopener\"><span style=\"font-size: 10pt;\">Br. 1 &#8211; 2, sije\u010danj &#8211; lipanj<\/span><\/a><strong><span style=\"font-size: 10pt;\"><br \/>\n2018. (LXII)<\/span><br \/>\n<\/strong><a href=\"http:\/\/umjetnostrijeci.ffzg.unizg.hr\/?page_id=1835\" target=\"_blank\" rel=\"noopener\">Br. 3 &#8211; 4, listopad &#8211; prosinac<\/a> (broj na engleskom)<strong><br \/>\n<\/strong><a href=\"http:\/\/umjetnostrijeci.ffzg.unizg.hr\/?page_id=1787\" target=\"_blank\" rel=\"noopener\"><span style=\"font-size: 12pt;\"><span style=\"font-size: 10pt;\">Br. 2, srpanj &#8211; rujan<\/span><\/span><\/a><\/span><br \/>\n<span style=\"font-size: 10pt;\"><a href=\"http:\/\/umjetnostrijeci.ffzg.unizg.hr\/?page_id=1748\" target=\"_blank\" rel=\"noopener\">Br. 1, sije\u010danj &#8211; lipanj<\/a> (broj na engleskom)<strong><br \/>\n2017. (LXI)<br \/>\n<\/strong><a href=\"http:\/\/umjetnostrijeci.ffzg.unizg.hr\/?page_id=1687\" target=\"_blank\" rel=\"noopener\">Br. 3 &#8211; 4, srpanj &#8211; prosinac<\/a><\/span><br \/>\n<span style=\"font-size: 10pt;\"><a href=\"http:\/\/umjetnostrijeci.ffzg.unizg.hr\/?page_id=1644\" target=\"_blank\" rel=\"noopener\">Br. 1 &#8211; 2, sije\u010danj &#8211; lipanj<\/a><strong><br \/>\n<\/strong><strong>2016. (LX)<br \/>\n<\/strong><a href=\"http:\/\/umjetnostrijeci.ffzg.unizg.hr\/?page_id=1578\" target=\"_blank\" rel=\"noopener\">Br. 3 &#8211; 4, srpanj &#8211; prosinac<\/a> (broj na engleskom)<br \/>\n<a href=\"http:\/\/umjetnostrijeci.ffzg.unizg.hr\/?page_id=1507\" target=\"_blank\" rel=\"noopener\">Br. 1 &#8211; 2, sije\u010danj &#8211; lipanj<\/a><strong><br \/>\n2015. (LIX)<br \/>\n<\/strong><a href=\"http:\/\/umjetnostrijeci.ffzg.unizg.hr\/?page_id=1434\" target=\"_blank\" rel=\"noopener\">Br. 3 &#8211; 4, srpanj &#8211; prosinac<\/a> (broj na engleskom)<strong><br \/>\n<\/strong><a href=\"http:\/\/umjetnostrijeci.ffzg.unizg.hr\/?page_id=1406&amp;preview=true\" target=\"_blank\" rel=\"noopener\">Br. 1 &#8211; 2, sije\u010danj &#8211; lipanj<\/a><br \/>\n<strong>2014. (LVIII)<\/strong><br \/>\n<a href=\"http:\/\/umjetnostrijeci.ffzg.unizg.hr\/?page_id=1273\" target=\"_blank\" rel=\"noopener\">Br. 3 &#8211; 4, srpanj &#8211; prosinac<\/a> (broj na engleskom)<br \/>\n<a href=\"http:\/\/umjetnostrijeci.ffzg.unizg.hr\/?page_id=1250\" target=\"_blank\" rel=\"noopener\">Br. 2, travanj &#8211; lipanj<\/a><br \/>\n<a href=\"http:\/\/www.ffzg.unizg.hr\/umjetnostrijeci\/?page_id=1144\" target=\"_blank\" rel=\"noopener\">Br. 1, sije\u010danj &#8211; o\u017eujak<\/a> <\/span><br \/>\n<span style=\"font-size: 10pt;\"><strong>2013. (LVII)<\/strong> <\/span><br \/>\n<span style=\"font-size: 10pt;\"><a href=\"http:\/\/www.ffzg.unizg.hr\/umjetnostrijeci\/?page_id=1115\" target=\"_blank\" rel=\"noopener\">Br. 3 &#8211; 4, srpanj &#8211; prosinac<\/a><a href=\"http:\/\/www.ffzg.unizg.hr\/umjetnostrijeci\/?page_id=932\" target=\"_blank\" rel=\"noopener\"> <br \/>\nBr. 1 &#8211; 2. sije\u010danj &#8211; lipanj<\/a> <\/span><br \/>\n<span style=\"font-size: 10pt;\"><strong>2012. (LVI)<br \/>\n<\/strong> <a href=\"http:\/\/www.ffzg.unizg.hr\/umjetnostrijeci\/?page_id=264 \" target=\"_blank\" rel=\"noopener\">Br. 3 \u2013 4, srpanj \u2013 prosinac<\/a> <\/span><br \/>\n<span style=\"font-size: 10pt;\"><a href=\"http:\/\/www.ffzg.unizg.hr\/umjetnostrijeci\/?page_id=293\" target=\"_blank\" rel=\"noopener\">Br. 1 \u2013 2, sije\u010danj \u2013 lipanj<\/a> <\/span><br \/>\n<span style=\"font-size: 10pt;\"><strong>2011. (LV)<br \/>\n<\/strong> <a href=\"http:\/\/www.ffzg.unizg.hr\/umjetnostrijeci\/?page_id=307\" target=\"_blank\" rel=\"noopener\">Br. 3 \u2013 4, srpanj \u2013 prosinac<\/a> <\/span><br \/>\n<span style=\"font-size: 10pt;\"><a href=\"http:\/\/www.ffzg.unizg.hr\/umjetnostrijeci\/?page_id=594&amp;lang=en\">Br. 1 \u2013 2, sije\u010danj \u2013 lipanj<\/a> <\/span><br \/>\n<span style=\"font-size: 10pt;\"><strong>2010. (LIV) <br \/>\n<\/strong><a href=\"http:\/\/www.ffzg.unizg.hr\/umjetnostrijeci\/?page_id=591&amp;lang=en\" target=\"_blank\" rel=\"noopener\">Br. 3 &#8211; 4, srpanj &#8211; prosinac<\/a> <br \/>\n<a href=\"http:\/\/www.ffzg.unizg.hr\/umjetnostrijeci\/?page_id=588&amp;lang=en\">Br. 1 &#8211; 2, sije\u010danj &#8211; lipanj<\/a> <\/span><br \/>\n<span style=\"font-size: 10pt;\"><strong>2009. (LIII)<br \/>\n<\/strong> <a href=\"http:\/\/www.ffzg.unizg.hr\/umjetnostrijeci\/?page_id=388\" target=\"_blank\" rel=\"noopener\">Br. 3 &#8211; 4, srpanj &#8211; prosinac<\/a> <\/span><br \/>\n<span style=\"font-size: 10pt;\"><a href=\"http:\/\/www.ffzg.unizg.hr\/umjetnostrijeci\/?page_id=1101\" target=\"_blank\" rel=\"noopener\">Br. 1 &#8211; 2, sije\u010danj &#8211; lipanj<\/a> <\/span><br \/>\n<span style=\"font-size: 10pt;\"><strong>2008. (LII)<br \/>\n<\/strong> <a href=\"http:\/\/www.ffzg.unizg.hr\/umjetnostrijeci\/?page_id=1090\" target=\"_blank\" rel=\"noopener\">Br. 3 &#8211; 4, srpanj &#8211; prosinac<\/a> <\/span><br \/>\n<span style=\"font-size: 10pt;\"><a href=\"http:\/\/www.ffzg.unizg.hr\/umjetnostrijeci\/?page_id=1084\" target=\"_blank\" rel=\"noopener\">Br. 1 &#8211; 2, sije\u010danj &#8211; lipanj<\/a> <\/span><br \/>\n<span style=\"font-size: 10pt;\"><strong>2007.<\/strong> <strong>(LI)<br \/>\n<\/strong> <a href=\"http:\/\/www.ffzg.unizg.hr\/umjetnostrijeci\/?page_id=1072\" target=\"_blank\" rel=\"noopener\">Br. 3 &#8211; 4, srpanj &#8211; prosinac<\/a> <\/span><br \/>\n<span style=\"font-size: 10pt;\"><a href=\"http:\/\/www.ffzg.unizg.hr\/umjetnostrijeci\/?page_id=1065\" target=\"_blank\" rel=\"noopener\">Br. 1 &#8211; 2, sije\u010danj &#8211; lipanj<\/a> <br \/>\n<strong>2006.<br \/>\n<\/strong> Br. 4 <\/span><br \/>\n<span style=\"font-size: 10pt;\">Br. 2 &#8211; 3<br \/>\n<strong>2005.<br \/>\n<\/strong> Br. 3 &#8211; 4<br \/>\nBr. 2<br \/>\nBr. 1<br \/>\n<strong>2004.<\/strong> <\/span><br \/>\n<span style=\"font-size: 10pt;\">Br. 2 &#8211; 3 &#8211; 4 <\/span><br \/>\n<span style=\"font-size: 10pt;\">Br. 1 <\/span><br \/>\n<span style=\"font-size: 10pt;\"><strong>2003.<\/strong> <strong>(XLVII)<\/strong> <\/span><br \/>\n<span style=\"font-size: 10pt;\">Br. 4 <\/span><br \/>\n<span style=\"font-size: 10pt;\">Br. 3 <\/span><br \/>\n<span style=\"font-size: 10pt;\"><a href=\"http:\/\/www.ffzg.unizg.hr\/umjetnostrijeci\/?page_id=462\" target=\"_blank\" rel=\"noopener\">Br. 1 &#8211; 2, sije\u010danj &#8211; lipanj<\/a> <\/span><br \/>\n<span style=\"font-size: 10pt;\"><strong>2002.<\/strong> <strong>(XLVI)<\/strong> <\/span><br \/>\n<span style=\"font-size: 10pt;\">Br. 4<br \/>\n<a href=\"http:\/\/www.ffzg.unizg.hr\/umjetnostrijeci\/?page_id=432\" target=\"_blank\" rel=\"noopener\">Br. 3, srpanj &#8211; rujan<br \/>\n<\/a> <a href=\"http:\/\/www.ffzg.unizg.hr\/umjetnostrijeci\/?page_id=444\" target=\"_blank\" rel=\"noopener\">Br. 1 &#8211; 2, sije\u010danj &#8211; lipanj<\/a>\u00a0<\/span><\/p>\n","protected":false},"excerpt":{"rendered":"<p>Sadr\u017eaj: 2025. (LXIX) Br. 2, srpanj &#8211; prosinac Br. 1, sije\u010danj &#8211; lipanj 2024. (LXVIII) Br. 2, srpanj &#8211; prosinac Br. 1, sije\u010danj &#8211; lipanj 2023. (LXVII) Br. 2, srpanj &#8211; prosinac Br. 1, sije\u010danj &#8211; lipanj 2022. (LXVI) Br. 2, srpanj &#8211; prosinac Br. 1, sije\u010danj &#8211; lipanj 2021. (LXV) Br. 3 &#8211; 4, [&hellip;]<\/p>\n","protected":false},"author":2,"featured_media":0,"parent":0,"menu_order":0,"comment_status":"closed","ping_status":"open","template":"","meta":{"footnotes":""},"class_list":["post-228","page","type-page","status-publish","hentry"],"_links":{"self":[{"href":"https:\/\/umjetnostrijeci.ffzg.unizg.hr\/index.php?rest_route=\/wp\/v2\/pages\/228","targetHints":{"allow":["GET"]}}],"collection":[{"href":"https:\/\/umjetnostrijeci.ffzg.unizg.hr\/index.php?rest_route=\/wp\/v2\/pages"}],"about":[{"href":"https:\/\/umjetnostrijeci.ffzg.unizg.hr\/index.php?rest_route=\/wp\/v2\/types\/page"}],"author":[{"embeddable":true,"href":"https:\/\/umjetnostrijeci.ffzg.unizg.hr\/index.php?rest_route=\/wp\/v2\/users\/2"}],"replies":[{"embeddable":true,"href":"https:\/\/umjetnostrijeci.ffzg.unizg.hr\/index.php?rest_route=%2Fwp%2Fv2%2Fcomments&post=228"}],"version-history":[{"count":106,"href":"https:\/\/umjetnostrijeci.ffzg.unizg.hr\/index.php?rest_route=\/wp\/v2\/pages\/228\/revisions"}],"predecessor-version":[{"id":3180,"href":"https:\/\/umjetnostrijeci.ffzg.unizg.hr\/index.php?rest_route=\/wp\/v2\/pages\/228\/revisions\/3180"}],"wp:attachment":[{"href":"https:\/\/umjetnostrijeci.ffzg.unizg.hr\/index.php?rest_route=%2Fwp%2Fv2%2Fmedia&parent=228"}],"curies":[{"name":"wp","href":"https:\/\/api.w.org\/{rel}","templated":true}]}}