{"id":2326,"date":"2023-07-26T12:11:51","date_gmt":"2023-07-26T11:11:51","guid":{"rendered":"http:\/\/umjetnostrijeci.ffzg.unizg.hr\/?page_id=2326"},"modified":"2023-07-26T12:33:14","modified_gmt":"2023-07-26T11:33:14","slug":"2023-lxvii-1","status":"publish","type":"page","link":"https:\/\/umjetnostrijeci.ffzg.unizg.hr\/?page_id=2326","title":{"rendered":"2023. (LXVII) 1"},"content":{"rendered":"<p>&nbsp;<\/p>\n<table style=\"border-collapse: collapse; width: 100%; height: 482px;\" border=\"1\">\n<tbody>\n<tr style=\"height: 48px;\">\n<td style=\"width: 82.96%; height: 48px;\"><a href=\"http:\/\/umjetnostrijeci.ffzg.unizg.hr\/wp-content\/uploads\/2023\/07\/01-UR-2023-01-Hajdarevic-za-web.pdf\" target=\"_blank\" rel=\"noopener\">Attempts at Reconciliation in Aristaenetus\u2019 <em>Erotic Letters<\/em><\/a><br \/>\nSabira Hajdarevi\u0107 (Sveuli\u010di\u0161te u Zadru)<\/td>\n<td style=\"width: 17.04%; height: 48px;\">1-24.<\/td>\n<\/tr>\n<tr style=\"height: 48px;\">\n<td style=\"width: 82.96%; height: 48px;\"><a href=\"http:\/\/umjetnostrijeci.ffzg.unizg.hr\/wp-content\/uploads\/2023\/07\/02-UR-2023-01-Romcevic-za-web.pdf\" target=\"_blank\" rel=\"noopener\">Jendeci, krvavi \u0111evreci (Konstantinovi\u0107evo \u010ditanje Barbarogenija)<\/a><br \/>\nBranko Rom\u010devi\u0107 (Univerzitet u Beogradu)<\/td>\n<td style=\"width: 17.04%; height: 48px;\">25&#8211;38.<\/td>\n<\/tr>\n<tr style=\"height: 72px;\">\n<td style=\"width: 82.96%; height: 72px;\"><a href=\"http:\/\/umjetnostrijeci.ffzg.unizg.hr\/wp-content\/uploads\/2023\/07\/03-UR-2023-01-Willems-za-web.pdf\" target=\"_blank\" rel=\"noopener\">Too Tidy to Dance: Edith Wharton\u2019s <em>Twilight Sleep<\/em> and the Domestication of Scientific Management<\/a><br \/>\nBrian Willems (Sveu\u010dili\u0161te u Splitu)<\/td>\n<td style=\"width: 17.04%; height: 72px;\">39-57.<\/td>\n<\/tr>\n<tr style=\"height: 48px;\">\n<td style=\"width: 82.96%; height: 48px;\"><a href=\"http:\/\/umjetnostrijeci.ffzg.unizg.hr\/wp-content\/uploads\/2023\/07\/04-UR-2023-01-Dakic-za-web.pdf\" target=\"_blank\" rel=\"noopener\">Tko naslje\u0111uje <em>\u017eensko pismo<\/em>? O doma\u0107oj recepciji francuske feministi\u010dke teorije<\/a><br \/>\nMirela Daki\u0107 (Sveu\u010dili\u0161te u Zagrebu)<\/td>\n<td style=\"width: 17.04%; height: 48px;\">59-81.<\/td>\n<\/tr>\n<tr style=\"height: 48px;\">\n<td style=\"width: 82.96%; height: 48px;\"><a href=\"http:\/\/umjetnostrijeci.ffzg.unizg.hr\/wp-content\/uploads\/2023\/07\/05-UR-2023-01-Intervju-za-web.pdf\" target=\"_blank\" rel=\"noopener\">Trikster kao junak i kulturni fenomen<\/a><br \/>\nIntervju Mark Lipoveckij<\/td>\n<td style=\"width: 17.04%; height: 48px;\">83-90.<\/td>\n<\/tr>\n<tr style=\"height: 96px;\">\n<td style=\"width: 82.96%; height: 96px;\"><a href=\"http:\/\/umjetnostrijeci.ffzg.unizg.hr\/wp-content\/uploads\/2023\/07\/06-UR-2023-01-Prikaz-Lugaric-za-web.pdf\" target=\"_blank\" rel=\"noopener\">O\u010du\u0111enje i knji\u017eevno stvarala\u0161tvo (o knjizi <em>Tehnika spisateljskog zanata<\/em> Viktora \u0160klovskog)<\/a><br \/>\nPrikaz knjige: Viktor \u0160klovski, <em>Tehnika spisateljskog zanata<\/em>, prev. Ivo Alebi\u0107, Zagreb: Sandorf, 2021, 98 str.<br \/>\nDanijela Lugari\u0107 Vukas (Sveu\u010dili\u0161te u Zagrebu)<\/td>\n<td style=\"width: 17.04%; height: 96px;\">91-95.<\/td>\n<\/tr>\n<tr style=\"height: 48px;\">\n<td style=\"width: 82.96%; height: 48px;\"><a href=\"http:\/\/umjetnostrijeci.ffzg.unizg.hr\/wp-content\/uploads\/2023\/07\/07-UR-2023-01-Prikaz-Sporer-za-web.pdf\" target=\"_blank\" rel=\"noopener\">Konzervativna revolucija i \u010dista filozofija<\/a><br \/>\nPrikaz knjige: Pierre Bourdieu, <em>Politi\u010dka ontologija Martina Heideggera<\/em>, prev. Rade Kalanj, Zagreb: TIM press, 2022, 179 str.<br \/>\nDavid \u0160porer (Sveu\u010dili\u0161te u Zagrebu)<\/td>\n<td style=\"width: 17.04%; height: 48px;\">96-99.<\/td>\n<\/tr>\n<tr style=\"height: 74px;\">\n<td style=\"width: 82.96%; height: 74px;\"><a href=\"http:\/\/umjetnostrijeci.ffzg.unizg.hr\/wp-content\/uploads\/2023\/07\/08-UR-2023-01-Prikaz-Jovovic-za-web.pdf\" target=\"_blank\" rel=\"noopener\">Brojevi koji zna\u010de ili za\u0161to su jubileji va\u017eni: povodom stotog broja Zbornika <em>Matice srpske za<\/em><\/a><br \/>\n<em>slavistiku<br \/>\n<\/em>Prikaz zbornika: Kornelija I\u010din (ur.), <em>Zbornik Matice srpske za slavistiku,<\/em> sv. 100, Novi Sad, 2021, 949 str.<em><br \/>\n<\/em>Tatjana Jovovi\u0107 (Univerzitet Crne Gore)<\/p>\n<\/td>\n<td style=\"width: 17.04%; height: 74px;\">99-103.<\/td>\n<\/tr>\n<\/tbody>\n<\/table>\n","protected":false},"excerpt":{"rendered":"<p>&nbsp; Attempts at Reconciliation in Aristaenetus\u2019 Erotic Letters Sabira Hajdarevi\u0107 (Sveuli\u010di\u0161te u Zadru) 1-24. Jendeci, krvavi \u0111evreci (Konstantinovi\u0107evo \u010ditanje Barbarogenija) Branko Rom\u010devi\u0107 (Univerzitet u Beogradu) 25&#8211;38. Too Tidy to Dance: Edith Wharton\u2019s Twilight Sleep and the Domestication of Scientific Management Brian Willems (Sveu\u010dili\u0161te u Splitu) 39-57. Tko naslje\u0111uje \u017eensko pismo? O doma\u0107oj recepciji francuske feministi\u010dke [&hellip;]<\/p>\n","protected":false},"author":2,"featured_media":0,"parent":228,"menu_order":0,"comment_status":"closed","ping_status":"closed","template":"","meta":{"footnotes":""},"class_list":["post-2326","page","type-page","status-publish","hentry"],"_links":{"self":[{"href":"https:\/\/umjetnostrijeci.ffzg.unizg.hr\/index.php?rest_route=\/wp\/v2\/pages\/2326","targetHints":{"allow":["GET"]}}],"collection":[{"href":"https:\/\/umjetnostrijeci.ffzg.unizg.hr\/index.php?rest_route=\/wp\/v2\/pages"}],"about":[{"href":"https:\/\/umjetnostrijeci.ffzg.unizg.hr\/index.php?rest_route=\/wp\/v2\/types\/page"}],"author":[{"embeddable":true,"href":"https:\/\/umjetnostrijeci.ffzg.unizg.hr\/index.php?rest_route=\/wp\/v2\/users\/2"}],"replies":[{"embeddable":true,"href":"https:\/\/umjetnostrijeci.ffzg.unizg.hr\/index.php?rest_route=%2Fwp%2Fv2%2Fcomments&post=2326"}],"version-history":[{"count":4,"href":"https:\/\/umjetnostrijeci.ffzg.unizg.hr\/index.php?rest_route=\/wp\/v2\/pages\/2326\/revisions"}],"predecessor-version":[{"id":2335,"href":"https:\/\/umjetnostrijeci.ffzg.unizg.hr\/index.php?rest_route=\/wp\/v2\/pages\/2326\/revisions\/2335"}],"up":[{"embeddable":true,"href":"https:\/\/umjetnostrijeci.ffzg.unizg.hr\/index.php?rest_route=\/wp\/v2\/pages\/228"}],"wp:attachment":[{"href":"https:\/\/umjetnostrijeci.ffzg.unizg.hr\/index.php?rest_route=%2Fwp%2Fv2%2Fmedia&parent=2326"}],"curies":[{"name":"wp","href":"https:\/\/api.w.org\/{rel}","templated":true}]}}