{"id":2331,"date":"2023-07-26T12:30:19","date_gmt":"2023-07-26T11:30:19","guid":{"rendered":"http:\/\/umjetnostrijeci.ffzg.unizg.hr\/?page_id=2331&#038;lang=en"},"modified":"2023-12-29T19:03:22","modified_gmt":"2023-12-29T18:03:22","slug":"2023-lxvii-1","status":"publish","type":"page","link":"https:\/\/umjetnostrijeci.ffzg.unizg.hr\/?page_id=2331&lang=en","title":{"rendered":"2023 (LXVII) 1"},"content":{"rendered":"<p>&nbsp;<\/p>\n<table style=\"border-collapse: collapse; width: 100%; height: 482px;\" border=\"1\">\n<tbody>\n<tr style=\"height: 48px;\">\n<td style=\"width: 82.96%; height: 48px;\"><a href=\"http:\/\/umjetnostrijeci.ffzg.unizg.hr\/wp-content\/uploads\/2023\/07\/01-UR-2023-01-Hajdarevic-za-web.pdf\" target=\"_blank\" rel=\"noopener\">Attempts at Reconciliation in Aristaenetus\u2019 <em>Erotic Letters<\/em><\/a><br \/>\n(Article in English, abstract in English and Croatian)<br \/>\nSabira Hajdarevi\u0107 (University of Zadar)<\/td>\n<td style=\"width: 17.04%; height: 48px;\">1-24.<\/td>\n<\/tr>\n<tr style=\"height: 48px;\">\n<td style=\"width: 82.96%; height: 48px;\"><a href=\"http:\/\/umjetnostrijeci.ffzg.unizg.hr\/wp-content\/uploads\/2023\/07\/02-UR-2023-01-Romcevic-za-web.pdf\" target=\"_blank\" rel=\"noopener\">Ditches, Bloody Bagels (Konstantinovi\u0107&#8217;s Reading of the Barbarogenius)<\/a><br \/>\n(Article in Serbian, abstract in Serbian and English)<br \/>\nBranko Rom\u010devi\u0107 (University of Belgrade)<\/td>\n<td style=\"width: 17.04%; height: 48px;\">25&#8211;38.<\/td>\n<\/tr>\n<tr style=\"height: 72px;\">\n<td style=\"width: 82.96%; height: 72px;\"><a href=\"http:\/\/umjetnostrijeci.ffzg.unizg.hr\/wp-content\/uploads\/2023\/07\/03-UR-2023-01-Willems-za-web.pdf\" target=\"_blank\" rel=\"noopener\">Too Tidy to Dance: Edith Wharton\u2019s <em>Twilight Sleep<\/em> and the Domestication of Scientific\u00a0<\/a>Management<br \/>\n(Article in English, abstract in English and Croatian)<br \/>\nBrian Willems (University of Split)<\/td>\n<td style=\"width: 17.04%; height: 72px;\">39-57.<\/td>\n<\/tr>\n<tr style=\"height: 48px;\">\n<td style=\"width: 82.96%; height: 48px;\"><a href=\"http:\/\/umjetnostrijeci.ffzg.unizg.hr\/wp-content\/uploads\/2023\/07\/04-UR-2023-01-Dakic-za-web.pdf\" target=\"_blank\" rel=\"noopener\">Who Inhereits Women&#8217;s Writing? On Croatian reception of French Feminist Theory<\/a><br \/>\n(Article in Croatian, abstract in Croatian and English)<br \/>\nMirela Daki\u0107 (University of Zagreb)<\/td>\n<td style=\"width: 17.04%; height: 48px;\">59-81.<\/td>\n<\/tr>\n<tr style=\"height: 48px;\">\n<td style=\"width: 82.96%; height: 48px;\"><a href=\"http:\/\/umjetnostrijeci.ffzg.unizg.hr\/wp-content\/uploads\/2023\/07\/05-UR-2023-01-Intervju-za-web.pdf\" target=\"_blank\" rel=\"noopener\">Trickster as a Hero and a Cultural Phenomenon<\/a><br \/>\nInterview in Croatian with Mark Lipovetsky<\/td>\n<td style=\"width: 17.04%; height: 48px;\">83-90.<\/td>\n<\/tr>\n<tr style=\"height: 96px;\">\n<td style=\"width: 82.96%; height: 96px;\"><a href=\"http:\/\/umjetnostrijeci.ffzg.unizg.hr\/wp-content\/uploads\/2023\/07\/06-UR-2023-01-Prikaz-Lugaric-za-web.pdf\" target=\"_blank\" rel=\"noopener\">Estrangement and Literature (review of the Croatian translation of Victor Shklovsky&#8217;s <em>Tehnika spisatel&#8217;skogo remesla<\/em>)<\/a><br \/>\nBook review in Croatian: Viktor \u0160klovski, <em>Tehnika spisateljskog zanata<\/em>, trans. Ivo Alebi\u0107, Zagreb: Sandorf, 2021, pp. 98.<br \/>\nDanijela Lugari\u0107 Vukas (University of Zagreb)<\/td>\n<td style=\"width: 17.04%; height: 96px;\">91-95.<\/td>\n<\/tr>\n<tr style=\"height: 48px;\">\n<td style=\"width: 82.96%; height: 48px;\"><a href=\"http:\/\/umjetnostrijeci.ffzg.unizg.hr\/wp-content\/uploads\/2023\/07\/07-UR-2023-01-Prikaz-Sporer-za-web.pdf\" target=\"_blank\" rel=\"noopener\">Conservative Revolution and Pure Philosophy<\/a><br \/>\nBook review in Croatian: Pierre Bourdieu, <em>Politi\u010dka ontologija Martina Heideggera<\/em>, trans. Rade Kalanj, Zagreb: TIM press, 2022, pp. 179.<br \/>\nDavid \u0160porer (University of Zagreb)<\/td>\n<td style=\"width: 17.04%; height: 48px;\">96-99.<\/td>\n<\/tr>\n<tr style=\"height: 74px;\">\n<td style=\"width: 82.96%; height: 74px;\"><a href=\"http:\/\/umjetnostrijeci.ffzg.unizg.hr\/wp-content\/uploads\/2023\/07\/08-UR-2023-01-Prikaz-Jovovic-za-web.pdf\" target=\"_blank\" rel=\"noopener\">Numbers That Have Meaning, or Why Jubilees Matter: On the Occasionof the Hundredth Issue of <em>Zbornik Matice srpske za slavistiku<\/em><\/a><br \/>\nBook review in Croatian: Kornelija I\u010din (ed.), <em>Zbornik Matice srpske za slavistiku,<\/em> No. 100, Novi Sad, 2021, pp. 949.<em><br \/>\n<\/em>Tatjana Jovovi\u0107 (University of Montenegro)<\/td>\n<td style=\"width: 17.04%; height: 74px;\">99-103.<\/td>\n<\/tr>\n<\/tbody>\n<\/table>\n","protected":false},"excerpt":{"rendered":"<p>&nbsp; Attempts at Reconciliation in Aristaenetus\u2019 Erotic Letters (Article in English, abstract in English and Croatian) Sabira Hajdarevi\u0107 (University of Zadar) 1-24. Ditches, Bloody Bagels (Konstantinovi\u0107&#8217;s Reading of the Barbarogenius) (Article in Serbian, abstract in Serbian and English) Branko Rom\u010devi\u0107 (University of Belgrade) 25&#8211;38. Too Tidy to Dance: Edith Wharton\u2019s Twilight Sleep and the Domestication [&hellip;]<\/p>\n","protected":false},"author":2,"featured_media":0,"parent":490,"menu_order":0,"comment_status":"closed","ping_status":"closed","template":"","meta":{"footnotes":""},"class_list":["post-2331","page","type-page","status-publish","hentry"],"_links":{"self":[{"href":"https:\/\/umjetnostrijeci.ffzg.unizg.hr\/index.php?rest_route=\/wp\/v2\/pages\/2331","targetHints":{"allow":["GET"]}}],"collection":[{"href":"https:\/\/umjetnostrijeci.ffzg.unizg.hr\/index.php?rest_route=\/wp\/v2\/pages"}],"about":[{"href":"https:\/\/umjetnostrijeci.ffzg.unizg.hr\/index.php?rest_route=\/wp\/v2\/types\/page"}],"author":[{"embeddable":true,"href":"https:\/\/umjetnostrijeci.ffzg.unizg.hr\/index.php?rest_route=\/wp\/v2\/users\/2"}],"replies":[{"embeddable":true,"href":"https:\/\/umjetnostrijeci.ffzg.unizg.hr\/index.php?rest_route=%2Fwp%2Fv2%2Fcomments&post=2331"}],"version-history":[{"count":4,"href":"https:\/\/umjetnostrijeci.ffzg.unizg.hr\/index.php?rest_route=\/wp\/v2\/pages\/2331\/revisions"}],"predecessor-version":[{"id":2767,"href":"https:\/\/umjetnostrijeci.ffzg.unizg.hr\/index.php?rest_route=\/wp\/v2\/pages\/2331\/revisions\/2767"}],"up":[{"embeddable":true,"href":"https:\/\/umjetnostrijeci.ffzg.unizg.hr\/index.php?rest_route=\/wp\/v2\/pages\/490"}],"wp:attachment":[{"href":"https:\/\/umjetnostrijeci.ffzg.unizg.hr\/index.php?rest_route=%2Fwp%2Fv2%2Fmedia&parent=2331"}],"curies":[{"name":"wp","href":"https:\/\/api.w.org\/{rel}","templated":true}]}}