{"id":25,"date":"2013-02-27T18:21:55","date_gmt":"2013-02-27T17:21:55","guid":{"rendered":"http:\/\/www.ffzg.unizg.hr\/umjetnostrijeci\/?page_id=25"},"modified":"2026-02-13T11:45:06","modified_gmt":"2026-02-13T10:45:06","slug":"kontakt","status":"publish","type":"page","link":"https:\/\/umjetnostrijeci.ffzg.unizg.hr\/?page_id=25","title":{"rendered":"Uredni\u0161tvo"},"content":{"rendered":"<table style=\"height: 500px; width: 625px;\" border=\"0\">\n<tbody>\n<tr style=\"height: 46px;\">\n<td style=\"width: 158.267px; height: 46px;\"><span style=\"font-size: 10pt;\"><strong>U\u017dI UREDNI\u010cKI ODBOR<br \/>\n<\/strong><\/span><\/td>\n<td style=\"width: 444.733px; height: 46px;\">\n<p><span style=\"font-size: 10pt;\">\u00a0<\/span><\/p>\n<\/td>\n<\/tr>\n<tr style=\"height: 56px;\">\n<td style=\"width: 158.267px; height: 56px;\"><span style=\"font-size: 10pt;\">Glavna urednica<br \/>\n<\/span><\/td>\n<td style=\"width: 444.733px; height: 56px;\">\n<p><span style=\"font-size: 10pt;\"> Dr. sc. Jasmina Vojvodi\u0107, red. prof. (Sveu\u010dili\u0161te u Zagrebu) <br \/>\n<a href=\"http:\/\/www.ffzg.unizg.hr\/slaven\/istocna\/?page_id=107\" target=\"_blank\" rel=\"noopener\">Osobna stranica<\/a><\/span><\/p>\n<\/td>\n<\/tr>\n<tr style=\"height: 53px;\">\n<td style=\"width: 158.267px; height: 53px;\"><span style=\"font-size: 10pt;\">Urednica<br \/>\n(financije, natje\u010daji)<\/span><\/td>\n<td style=\"width: 444.733px; height: 53px;\"><span style=\"font-size: 10pt;\">Dr. sc. Milka Car Priji\u0107, red. prof. (Sveu\u010dili\u0161te u Zagrebu) <\/span><br \/>\n<a href=\"http:\/\/www.ffzg.unizg.hr\/german\/cms\/index.php?option=com_content&amp;task=view&amp;id=1360&amp;Itemid=1&amp;lang=hrvatski\" target=\"_blank\" rel=\"noopener\"><span style=\"font-size: 10pt;\">Osobna stranica<\/span><\/a><\/td>\n<\/tr>\n<tr style=\"height: 53px;\">\n<td style=\"width: 158.267px; height: 53px;\"><span style=\"font-size: 10pt;\">Urednica<\/span><\/td>\n<td style=\"width: 444.733px; height: 53px;\"><span style=\"font-size: 10pt;\">Dr. sc. Tatjana Peru\u0161ko, red. prof. (Sveu\u010dili\u0161te u Zagrebu) <\/span><br \/>\n<span style=\"font-size: 10pt;\"><a href=\"http:\/\/www.ffzg.unizg.hr\/talijan\/?page_id=423\" target=\"_blank\" rel=\"noopener\">Osobna stranica<\/a><\/span><\/td>\n<\/tr>\n<tr style=\"height: 53px;\">\n<td style=\"width: 158.267px; height: 53px;\"><span style=\"font-size: 10pt;\">Urednica<\/span><\/td>\n<td style=\"width: 444.733px; height: 53px;\"><span style=\"font-size: 10pt;\">Dr. sc. Lada \u010cale Feldman, red. prof. (Sveu\u010dili\u0161te u Zagrebu) <\/span><br \/>\n<span style=\"font-size: 10pt;\"><a href=\"http:\/\/www.ffzg.unizg.hr\/kompk\/index.php?show=page.php&amp;idPage=51\" target=\"_blank\" rel=\"noopener\">Osobna stranica<\/a><\/span><\/td>\n<\/tr>\n<tr style=\"height: 53px;\">\n<td style=\"width: 158.267px; height: 53px;\"><span style=\"font-size: 10pt;\">Urednik<\/span><\/td>\n<td style=\"width: 444.733px; height: 53px;\"><span style=\"font-size: 10pt;\">Dr. sc. David \u0160porer, red. prof. (Sveu\u010dili\u0161te u Zagrebu) <\/span><br \/>\n<span style=\"font-size: 10pt;\"><a href=\"http:\/\/www.ffzg.unizg.hr\/kompk\/index.php?show=page.php&amp;idPage=73\" target=\"_blank\" rel=\"noopener\">Osobna stranica<\/a><\/span><\/td>\n<\/tr>\n<tr style=\"height: 53px;\">\n<td style=\"width: 158.267px; height: 53px;\"><span style=\"font-size: 10pt;\">Urednica\u00a0 i web urednica<\/span><\/td>\n<td style=\"width: 444.733px; height: 53px;\"><span style=\"font-size: 10pt;\">Dr. sc. Iva Polak, izv. prof. (Sveu\u010dili\u0161te u Zagrebu) <br \/>\n<a href=\"http:\/\/anglist.ffzg.unizg.hr\/?p=158\" target=\"_blank\" rel=\"noopener\">Osobna stranica<\/a><\/span><\/td>\n<\/tr>\n<tr style=\"height: 53px;\">\n<td style=\"width: 158.267px; height: 53px;\"><span style=\"font-size: 10pt;\">Urednik<br \/>\n<\/span><\/td>\n<td style=\"width: 444.733px; height: 53px;\"><span style=\"font-size: 10pt;\">Dr. sc Zvonimir Glava\u0161, docent (Sveu\u010dili\u0161te u Zagrebu)<br \/>\n<a href=\"http:\/\/kroat.ffzg.unizg.hr\/index.php\/teorija-knjizevnosti1\/57-zvonimir-glavas\" target=\"_blank\" rel=\"noopener\">Osobna stranica<\/a><\/span><\/td>\n<\/tr>\n<tr style=\"height: 80px;\">\n<td style=\"width: 158.267px; height: 80px;\"><span style=\"font-size: 10pt;\">Administratorica baza podataka<\/span><\/td>\n<td style=\"width: 444.733px; height: 80px;\"><span style=\"font-size: 10pt;\">Katarina Star\u010devi\u0107 (Sveu\u010dili\u0161te u Zagrebu)<\/span><br \/>\n<a href=\"https:\/\/knjiznica.ffzg.unizg.hr\/knjiznica\/infosluzba\/\" target=\"_blank\" rel=\"noopener\"><span style=\"font-size: 10pt;\">Stranica Knji\u017enice<\/span><\/a><\/td>\n<\/tr>\n<\/tbody>\n<\/table>\n<p><span style=\"font-size: 10pt;\"><strong>ME\u0110UNARODNI UREDNI\u010cKI ODBOR<br \/>\n<\/strong><\/span><\/p>\n<table style=\"border-collapse: collapse; width: 100%; height: 193px;\" border=\"1\">\n<tbody>\n<tr style=\"height: 48px;\">\n<td style=\"width: 71.44%; height: 48px;\">Krystyna Pieni\u0105\u017cek-Markovi\u0107, Uniwerytet im. Adama Mickiewicza (Pozna\u0144)<\/td>\n<td style=\"width: 28.56%; height: 48px;\">\u00a0<a href=\"http:\/\/slavic.amu.edu.pl\/sylwetki-pracownikow\/krystyna-pieniazek-markovic-2\/\" target=\"_blank\" rel=\"noopener\">osobna stranica<\/a><\/td>\n<\/tr>\n<tr style=\"height: 48px;\">\n<td style=\"width: 71.44%; height: 48px;\">Riccardo Nicolosi, Ludwig Maximilians Universit\u00e4t (M\u00fcnchen)<\/td>\n<td style=\"width: 28.56%; height: 48px;\">\u00a0<a href=\"https:\/\/www.slavistik.uni-muenchen.de\/personen\/professoren\/nicolosi\/index.html\" target=\"_blank\" rel=\"noopener\">osobna stranica<\/a><\/td>\n<\/tr>\n<tr style=\"height: 24px;\">\n<td style=\"width: 71.44%; height: 24px;\">Natalija Zlydneva, Rossijskaja akademija nauk (Moskva)<\/td>\n<td style=\"width: 28.56%; height: 24px;\">\u00a0<a href=\"https:\/\/inslav.ru\/people\/zlydneva-nataliya-vitalevna\" target=\"_blank\" rel=\"noopener\">osobna stranica<\/a><\/td>\n<\/tr>\n<tr style=\"height: 49px;\">\n<td style=\"width: 71.44%; height: 49px;\">Mark Metzler Sawin, Eastern Mennonite University (Harrisonburg, Virginia)<\/td>\n<td style=\"width: 28.56%; height: 49px;\">\u00a0<a href=\"https:\/\/emu.edu\/faculty-staff\/?show=mms326\" target=\"_blank\" rel=\"noopener\">osobna stranica<\/a><\/td>\n<\/tr>\n<tr style=\"height: 24px;\">\n<td style=\"width: 71.44%; height: 24px;\">Natka Badurina, Universita&#8217; degli Studi di Udine<\/td>\n<td style=\"width: 28.56%; height: 24px;\">\u00a0<a href=\"https:\/\/people.uniud.it\/page\/natka.badurina\" target=\"_blank\" rel=\"noopener\">osobna stranica<\/a><\/td>\n<\/tr>\n<\/tbody>\n<\/table>\n<p><span style=\"font-size: 10pt;\"><strong><br \/>\n<\/strong><\/span><\/p>\n<p>&nbsp;<\/p>\n","protected":false},"excerpt":{"rendered":"<p>U\u017dI UREDNI\u010cKI ODBOR \u00a0 Glavna urednica Dr. sc. Jasmina Vojvodi\u0107, red. prof. (Sveu\u010dili\u0161te u Zagrebu) Osobna stranica Urednica (financije, natje\u010daji) Dr. sc. Milka Car Priji\u0107, red. prof. (Sveu\u010dili\u0161te u Zagrebu) Osobna stranica Urednica Dr. sc. Tatjana Peru\u0161ko, red. prof. (Sveu\u010dili\u0161te u Zagrebu) Osobna stranica Urednica Dr. sc. Lada \u010cale Feldman, red. prof. (Sveu\u010dili\u0161te u Zagrebu) [&hellip;]<\/p>\n","protected":false},"author":2,"featured_media":0,"parent":0,"menu_order":0,"comment_status":"closed","ping_status":"open","template":"","meta":{"footnotes":""},"class_list":["post-25","page","type-page","status-publish","hentry"],"_links":{"self":[{"href":"https:\/\/umjetnostrijeci.ffzg.unizg.hr\/index.php?rest_route=\/wp\/v2\/pages\/25","targetHints":{"allow":["GET"]}}],"collection":[{"href":"https:\/\/umjetnostrijeci.ffzg.unizg.hr\/index.php?rest_route=\/wp\/v2\/pages"}],"about":[{"href":"https:\/\/umjetnostrijeci.ffzg.unizg.hr\/index.php?rest_route=\/wp\/v2\/types\/page"}],"author":[{"embeddable":true,"href":"https:\/\/umjetnostrijeci.ffzg.unizg.hr\/index.php?rest_route=\/wp\/v2\/users\/2"}],"replies":[{"embeddable":true,"href":"https:\/\/umjetnostrijeci.ffzg.unizg.hr\/index.php?rest_route=%2Fwp%2Fv2%2Fcomments&post=25"}],"version-history":[{"count":79,"href":"https:\/\/umjetnostrijeci.ffzg.unizg.hr\/index.php?rest_route=\/wp\/v2\/pages\/25\/revisions"}],"predecessor-version":[{"id":3217,"href":"https:\/\/umjetnostrijeci.ffzg.unizg.hr\/index.php?rest_route=\/wp\/v2\/pages\/25\/revisions\/3217"}],"wp:attachment":[{"href":"https:\/\/umjetnostrijeci.ffzg.unizg.hr\/index.php?rest_route=%2Fwp%2Fv2%2Fmedia&parent=25"}],"curies":[{"name":"wp","href":"https:\/\/api.w.org\/{rel}","templated":true}]}}