{"id":2759,"date":"2023-12-29T18:45:12","date_gmt":"2023-12-29T17:45:12","guid":{"rendered":"https:\/\/umjetnostrijeci.ffzg.unizg.hr\/?page_id=2759"},"modified":"2023-12-29T18:49:07","modified_gmt":"2023-12-29T17:49:07","slug":"2023-lxvii-2","status":"publish","type":"page","link":"https:\/\/umjetnostrijeci.ffzg.unizg.hr\/?page_id=2759","title":{"rendered":"2023. (LXVII) 2"},"content":{"rendered":"<table style=\"border-collapse: collapse; width: 100%; height: 336px;\">\n<tbody>\n<tr style=\"height: 48px;\">\n<td style=\"width: 85.7009%; height: 48px;\"><a href=\"http:\/\/umjetnostrijeci.ffzg.unizg.hr\/wp-content\/uploads\/2023\/12\/01-UR-2023-02-Ryle-za-web.pdf\" target=\"_blank\" rel=\"noopener\">Susreti sa ksenotkivom<\/a><br \/>\nSimon Ryle (Sveu\u010dili\u0161te u Splitu)<\/td>\n<td style=\"width: 14.2991%; height: 48px;\">105-134.<\/td>\n<\/tr>\n<tr style=\"height: 48px;\">\n<td style=\"width: 85.7009%; height: 48px;\"><a href=\"http:\/\/umjetnostrijeci.ffzg.unizg.hr\/wp-content\/uploads\/2023\/12\/02-UR-2023-02-Pugar-za-web.pdf\" target=\"_blank\" rel=\"noopener\">Intermediality in Alasdair Gray\u2019s <em>Lanark<\/em> Film Storyboard<\/a><br \/>\nPetra Pugar (University of Zagreb)<\/td>\n<td style=\"width: 14.2991%; height: 48px;\">135-158.<\/td>\n<\/tr>\n<tr style=\"height: 72px;\">\n<td style=\"width: 85.7009%; height: 72px;\"><a href=\"http:\/\/umjetnostrijeci.ffzg.unizg.hr\/wp-content\/uploads\/2023\/12\/03-UR-2023-02-Brkovic-za-web.pdf\" target=\"_blank\" rel=\"noopener\">Prirodna katastrofa kao kulturna trauma: poetika i politika emocija u prikazima dubrova\u010dkog potresa 1667. godine<\/a><br \/>\nIvana Brkovi\u0107 (Sveu\u010dili\u0161te u Zagrebu)<\/td>\n<td style=\"width: 14.2991%; height: 72px;\">159-185.<\/td>\n<\/tr>\n<tr style=\"height: 48px;\">\n<td style=\"width: 85.7009%; height: 48px;\"><a href=\"http:\/\/umjetnostrijeci.ffzg.unizg.hr\/wp-content\/uploads\/2023\/12\/04-UR-2023-02-Aleksic-za-web.pdf\" target=\"_blank\" rel=\"noopener\">Pitanje semantike stiha u savremenoj italijanskoj teorijskoj misli<\/a><br \/>\nMi\u0161a Aleksi\u0107 (Univerzitet u Beogradu)<\/td>\n<td style=\"width: 14.2991%; height: 48px;\">187-211.<\/td>\n<\/tr>\n<tr style=\"height: 24px;\">\n<td style=\"width: 85.7009%; height: 24px;\"><a href=\"http:\/\/umjetnostrijeci.ffzg.unizg.hr\/wp-content\/uploads\/2023\/12\/05-UR-2023-02-Kovtun-Larina-za-web.pdf\" target=\"_blank\" rel=\"noopener\">Pushkin\u2019s Myth in the Novel <em>The Slynx<\/em> by T. Tolstaya: the Trickster, Buratino and \u201cOur Be All\u201d<\/a><br \/>\nNatalia Kovtun i Maria Larina (Krasnoyarsk State Pedagogical University<br \/>\nnamed after V. P. Astafyev)<\/td>\n<td style=\"width: 14.2991%; height: 24px;\">213-230.<\/td>\n<\/tr>\n<tr style=\"height: 24px;\">\n<td style=\"width: 85.7009%; height: 24px;\"><a href=\"http:\/\/umjetnostrijeci.ffzg.unizg.hr\/wp-content\/uploads\/2023\/12\/06-UR-2023-02-Prikaz-Spreicer-za-web.pdf\" target=\"_blank\" rel=\"noopener\">Njema\u010dka lirika od <em>Minnesanga<\/em> do suvremenosti<\/a><br \/>\nPrikaz knjige: Ivo Runti\u0107 (ur. i prev.), <em>Antologija njema\u010dkoga pjesni\u0161tva<\/em>, priredio Marijan Bobinac, Zagreb: ArTresor naklada, 2021, 407 str.<br \/>\nJelena Spreicer (Sveu\u010dili\u0161te u Zagrebu)<\/td>\n<td style=\"width: 14.2991%; height: 24px;\">231-234.<\/td>\n<\/tr>\n<tr style=\"height: 24px;\">\n<td style=\"width: 85.7009%; height: 24px;\"><a href=\"http:\/\/umjetnostrijeci.ffzg.unizg.hr\/wp-content\/uploads\/2023\/12\/07-UR-2023-02-Prikaz-Zima-za-web.pdf\" target=\"_blank\" rel=\"noopener\">Pjesnik nacionalnog optimizma u imperijalnom kontekstu<\/a><br \/>\nPrikaz knjige: Milka Car, <em>(Post-)Imperiale Lekt\u00fcren: August \u0160enoas Texte im nationalen und (post-)imperialen Kontext<\/em>, Wien: Praesens Verlag, 2021, 187 str.<br \/>\nDubravka Zima (Sveu\u010dili\u0161te u Zagrebu)<\/td>\n<td style=\"width: 14.2991%; height: 24px;\">234-238.<\/td>\n<\/tr>\n<tr style=\"height: 24px;\">\n<td style=\"width: 85.7009%; height: 24px;\"><a href=\"http:\/\/umjetnostrijeci.ffzg.unizg.hr\/wp-content\/uploads\/2023\/12\/08-UR-2023-02-Prikaz-Glavas-za-web.pdf\" target=\"_blank\" rel=\"noopener\">Izme\u0111u emancipacijskog potencijala i totalitarnih nagnu\u0107a: sudbina zajednice kao sudbina avangarde<\/a><br \/>\nPrikaz knjige: Zrinka Bo\u017ei\u0107, <em>The Community in Avant-Garde Literature and Politics<\/em>, London: Palgrave Macmillan, 2022, 183 str.<br \/>\nZvonimir Glava\u0161 (Sveu\u010dili\u0161te u Zagrebu)<\/td>\n<td style=\"width: 14.2991%; height: 24px;\">239-243.<\/td>\n<\/tr>\n<tr style=\"height: 24px;\">\n<td style=\"width: 85.7009%; height: 24px;\"><a href=\"http:\/\/umjetnostrijeci.ffzg.unizg.hr\/wp-content\/uploads\/2023\/12\/09-UR-2023-02-Prikaz-Sunjic-za-web.pdf\" target=\"_blank\" rel=\"noopener\">Specijalizirana stilisti\u010dka studija o poeziji i metaestetskoj knji\u017eevnoj problematici: raritetan i vrijedan knji\u017eevnoznanstveni \u017eanr i doprinos<\/a><br \/>\nPrikaz knjige: Tin Lemac, <em>O pjesmi pjesmom (Metadiskurzivne relacije u poeziji)<\/em>, Zagreb: Edicije Bo\u017ei\u010devi\u0107, 2023, 148 str.<br \/>\nIvan \u0160unji\u0107<\/td>\n<td style=\"width: 14.2991%; height: 24px;\">244-248.<\/td>\n<\/tr>\n<\/tbody>\n<\/table>\n","protected":false},"excerpt":{"rendered":"<p>Susreti sa ksenotkivom Simon Ryle (Sveu\u010dili\u0161te u Splitu) 105-134. Intermediality in Alasdair Gray\u2019s Lanark Film Storyboard Petra Pugar (University of Zagreb) 135-158. Prirodna katastrofa kao kulturna trauma: poetika i politika emocija u prikazima dubrova\u010dkog potresa 1667. godine Ivana Brkovi\u0107 (Sveu\u010dili\u0161te u Zagrebu) 159-185. Pitanje semantike stiha u savremenoj italijanskoj teorijskoj misli Mi\u0161a Aleksi\u0107 (Univerzitet u [&hellip;]<\/p>\n","protected":false},"author":2,"featured_media":0,"parent":228,"menu_order":0,"comment_status":"closed","ping_status":"closed","template":"","meta":{"footnotes":""},"class_list":["post-2759","page","type-page","status-publish","hentry"],"_links":{"self":[{"href":"https:\/\/umjetnostrijeci.ffzg.unizg.hr\/index.php?rest_route=\/wp\/v2\/pages\/2759","targetHints":{"allow":["GET"]}}],"collection":[{"href":"https:\/\/umjetnostrijeci.ffzg.unizg.hr\/index.php?rest_route=\/wp\/v2\/pages"}],"about":[{"href":"https:\/\/umjetnostrijeci.ffzg.unizg.hr\/index.php?rest_route=\/wp\/v2\/types\/page"}],"author":[{"embeddable":true,"href":"https:\/\/umjetnostrijeci.ffzg.unizg.hr\/index.php?rest_route=\/wp\/v2\/users\/2"}],"replies":[{"embeddable":true,"href":"https:\/\/umjetnostrijeci.ffzg.unizg.hr\/index.php?rest_route=%2Fwp%2Fv2%2Fcomments&post=2759"}],"version-history":[{"count":3,"href":"https:\/\/umjetnostrijeci.ffzg.unizg.hr\/index.php?rest_route=\/wp\/v2\/pages\/2759\/revisions"}],"predecessor-version":[{"id":2762,"href":"https:\/\/umjetnostrijeci.ffzg.unizg.hr\/index.php?rest_route=\/wp\/v2\/pages\/2759\/revisions\/2762"}],"up":[{"embeddable":true,"href":"https:\/\/umjetnostrijeci.ffzg.unizg.hr\/index.php?rest_route=\/wp\/v2\/pages\/228"}],"wp:attachment":[{"href":"https:\/\/umjetnostrijeci.ffzg.unizg.hr\/index.php?rest_route=%2Fwp%2Fv2%2Fmedia&parent=2759"}],"curies":[{"name":"wp","href":"https:\/\/api.w.org\/{rel}","templated":true}]}}