{"id":293,"date":"2013-06-02T15:28:33","date_gmt":"2013-06-02T14:28:33","guid":{"rendered":"http:\/\/www.ffzg.unizg.hr\/umjetnostrijeci\/?page_id=293"},"modified":"2013-06-02T19:33:26","modified_gmt":"2013-06-02T18:33:26","slug":"2012-lvi-br-1-2","status":"publish","type":"page","link":"https:\/\/umjetnostrijeci.ffzg.unizg.hr\/?page_id=293","title":{"rendered":"2012. (LVI) Br. 1&#8211;2"},"content":{"rendered":"<table border=\"0\">\n<tbody>\n<tr>\n<td><a href=\"http:\/\/www.ffzg.unizg.hr\/umjetnostrijeci\/wp-content\/uploads\/2013\/06\/001-Simic.pdf\" target=\"_blank\">Odrazi humanisti\u010dke dramske tradicije u <em>Suzani \u010distoj<\/em> Mavra Vetranovi\u0107a<\/a><br \/>Kre\u0161imir \u0160imi\u0107 (Filozofski fakultet, Osijek)<\/td>\n<td>1&#8211;22.<\/td>\n<\/tr>\n<tr>\n<td><a href=\"http:\/\/www.ffzg.unizg.hr\/umjetnostrijeci\/wp-content\/uploads\/2013\/06\/002-Grmaca.pdf\" target=\"_blank\">Euridikin prijestup u Vetranovi\u0107evoj transformaciji orfejskog mita<\/a><br \/>Dolores Grma\u010da (Filozofski fakultet, Zagreb)<\/td>\n<td>23&#8211;42.<\/td>\n<\/tr>\n<tr>\n<td><a href=\"http:\/\/www.ffzg.unizg.hr\/umjetnostrijeci\/wp-content\/uploads\/2013\/06\/003-Brozovic.pdf\" target=\"_blank\">Od ironije do aforizma<\/a><br \/>Domagoj Brozovi\u0107 (Filozofski fakultet, Zagreb)<\/td>\n<td>43&#8211;58.<\/td>\n<\/tr>\n<tr>\n<td><a href=\"http:\/\/www.ffzg.unizg.hr\/umjetnostrijeci\/wp-content\/uploads\/2013\/06\/004-Knezevic.pdf\" target=\"_blank\">Citatni dijalog s gradom u zbirci <em>Pjesni na Dubrova\u010dku<\/em> Luka Paljetka<\/a><br \/>Sanja Kne\u017eevi\u0107 (Odjel za kroatistiku i slavistiku, Zadar)<\/td>\n<td>59&#8211;73.<\/td>\n<\/tr>\n<tr>\n<td><a href=\"http:\/\/www.ffzg.unizg.hr\/umjetnostrijeci\/wp-content\/uploads\/2013\/06\/005-Lemac.pdf\" target=\"_blank\">Guar uhva\u0107en u posteljicu od stilema. Zapa\u017eanja o izma\u0161tanom bi\u0107u iz poezije Anke \u017dagar<\/a><br \/>Tin Lemac (Zagreb)<\/td>\n<td>75&#8211;87.<\/td>\n<\/tr>\n<\/tbody>\n<\/table>\n","protected":false},"excerpt":{"rendered":"<p>Odrazi humanisti\u010dke dramske tradicije u Suzani \u010distoj Mavra Vetranovi\u0107aKre\u0161imir \u0160imi\u0107 (Filozofski fakultet, Osijek) 1&#8211;22. Euridikin prijestup u Vetranovi\u0107evoj transformaciji orfejskog mitaDolores Grma\u010da (Filozofski fakultet, Zagreb) 23&#8211;42. Od ironije do aforizmaDomagoj Brozovi\u0107 (Filozofski fakultet, Zagreb) 43&#8211;58. Citatni dijalog s gradom u zbirci Pjesni na Dubrova\u010dku Luka PaljetkaSanja Kne\u017eevi\u0107 (Odjel za kroatistiku i slavistiku, Zadar) 59&#8211;73. Guar [&hellip;]<\/p>\n","protected":false},"author":2,"featured_media":0,"parent":228,"menu_order":0,"comment_status":"closed","ping_status":"open","template":"","meta":{"footnotes":""},"class_list":["post-293","page","type-page","status-publish","hentry"],"_links":{"self":[{"href":"https:\/\/umjetnostrijeci.ffzg.unizg.hr\/index.php?rest_route=\/wp\/v2\/pages\/293","targetHints":{"allow":["GET"]}}],"collection":[{"href":"https:\/\/umjetnostrijeci.ffzg.unizg.hr\/index.php?rest_route=\/wp\/v2\/pages"}],"about":[{"href":"https:\/\/umjetnostrijeci.ffzg.unizg.hr\/index.php?rest_route=\/wp\/v2\/types\/page"}],"author":[{"embeddable":true,"href":"https:\/\/umjetnostrijeci.ffzg.unizg.hr\/index.php?rest_route=\/wp\/v2\/users\/2"}],"replies":[{"embeddable":true,"href":"https:\/\/umjetnostrijeci.ffzg.unizg.hr\/index.php?rest_route=%2Fwp%2Fv2%2Fcomments&post=293"}],"version-history":[{"count":9,"href":"https:\/\/umjetnostrijeci.ffzg.unizg.hr\/index.php?rest_route=\/wp\/v2\/pages\/293\/revisions"}],"predecessor-version":[{"id":427,"href":"https:\/\/umjetnostrijeci.ffzg.unizg.hr\/index.php?rest_route=\/wp\/v2\/pages\/293\/revisions\/427"}],"up":[{"embeddable":true,"href":"https:\/\/umjetnostrijeci.ffzg.unizg.hr\/index.php?rest_route=\/wp\/v2\/pages\/228"}],"wp:attachment":[{"href":"https:\/\/umjetnostrijeci.ffzg.unizg.hr\/index.php?rest_route=%2Fwp%2Fv2%2Fmedia&parent=293"}],"curies":[{"name":"wp","href":"https:\/\/api.w.org\/{rel}","templated":true}]}}