{"id":3041,"date":"2025-07-16T12:45:16","date_gmt":"2025-07-16T11:45:16","guid":{"rendered":"https:\/\/umjetnostrijeci.ffzg.unizg.hr\/?page_id=3041"},"modified":"2025-07-16T20:39:30","modified_gmt":"2025-07-16T19:39:30","slug":"2025-lxix-1","status":"publish","type":"page","link":"https:\/\/umjetnostrijeci.ffzg.unizg.hr\/?page_id=3041","title":{"rendered":"2025. (LXIX) 1"},"content":{"rendered":"<table style=\"border-collapse: collapse; width: 100%; height: 408px;\">\n<tbody>\n<tr style=\"height: 24px;\">\n<td style=\"width: 88.08%; height: 24px;\"><a href=\"http:\/\/umjetnostrijeci.ffzg.unizg.hr\/wp-content\/uploads\/2025\/07\/UR-2025-01-01-Tomljenovic-za-web-1.pdf\" target=\"_blank\" rel=\"noopener\">Ispod suknje teksta: Grass, Marinkovi\u0107, Rabelais<\/a><br \/>\nAna Tomljenovi\u0107 (Sveu\u010dili\u0161te u Zagrebu)<\/td>\n<td style=\"width: 11.92%; height: 24px;\">1-18.<\/td>\n<\/tr>\n<tr style=\"height: 24px;\">\n<td style=\"width: 88.08%; height: 24px;\"><a href=\"http:\/\/umjetnostrijeci.ffzg.unizg.hr\/wp-content\/uploads\/2025\/07\/UR-2025-01-02-Novak-za-web-1.pdf\" target=\"_blank\" rel=\"noopener\">Disciplinarni po\u010deci feministi\u010dke naratologije<\/a><br \/>\nHrvoje Novak (Sveu\u010dili\u0161te u Zagrebu<\/td>\n<td style=\"width: 11.92%; height: 24px;\">19-35.<\/td>\n<\/tr>\n<tr style=\"height: 24px;\">\n<td style=\"width: 88.08%; height: 24px;\"><a href=\"http:\/\/umjetnostrijeci.ffzg.unizg.hr\/wp-content\/uploads\/2025\/07\/UR-2025-01-02a-Uvodnik.pdf\" target=\"_blank\" rel=\"noopener\">Uvod u tematski blok o Zoranu Kravaru<\/a><br \/>\nTomislav Bogdan (Sveu\u010dili\u0161te u Zagrebu) i Slaven Juri\u0107 (Sveu\u010dili\u0161te u Zagrebu)<\/td>\n<td style=\"width: 11.92%; height: 24px;\">37-38.<\/td>\n<\/tr>\n<tr style=\"height: 24px;\">\n<td style=\"width: 88.08%; height: 24px;\"><a href=\"http:\/\/umjetnostrijeci.ffzg.unizg.hr\/wp-content\/uploads\/2025\/07\/UR-2025-01-03-Tatarin.pdf\" target=\"_blank\" rel=\"noopener\">Ravnina od Farsalje. Bilje\u0161ke uz rad <em>Svjetovi Osmana<\/em><\/a><em><br \/>\n<\/em>Milovan Tatarin (Sveu\u010dili\u0161te Josipa Jurja Strossmayera u Osijeku)<\/td>\n<td style=\"width: 11.92%; height: 24px;\">39-58.<\/td>\n<\/tr>\n<tr style=\"height: 24px;\">\n<td style=\"width: 88.08%; height: 24px;\"><a href=\"http:\/\/umjetnostrijeci.ffzg.unizg.hr\/wp-content\/uploads\/2025\/07\/UR-2025-01-04-Dukic-za-web-1.pdf\" target=\"_blank\" rel=\"noopener\">Od barokne <em>pjesni\u010dke slike<\/em> do <em>baroknog opisa<\/em>: disertacija Zorana Kravara i njezina tiskana ina\u010dica<\/a><br \/>\nDavor Duki\u0107 (Sveu\u010dili\u0161te u Zagrebu)<\/td>\n<td style=\"width: 11.92%; height: 24px;\">59-82.<\/td>\n<\/tr>\n<tr style=\"height: 24px;\">\n<td style=\"width: 88.08%; height: 24px;\"><a href=\"http:\/\/umjetnostrijeci.ffzg.unizg.hr\/wp-content\/uploads\/2025\/07\/UR-2025-01-05-Sporer-za-web-1.pdf\" target=\"_blank\" rel=\"noopener\">Granice antimodernizma<\/a><br \/>\nDavid \u0160porer (Sveu\u010dili\u0161te u Zagrebu)<\/td>\n<td style=\"width: 11.92%; height: 24px;\">83-107.<\/td>\n<\/tr>\n<tr style=\"height: 24px;\">\n<td style=\"width: 88.08%; height: 24px;\"><a href=\"http:\/\/umjetnostrijeci.ffzg.unizg.hr\/wp-content\/uploads\/2025\/07\/UR-2025-01-06-Bekavac-za-web-1.pdf\" target=\"_blank\" rel=\"noopener\">Tvar i \u017eivot. Lovecraft, antimodernizam i novi vitalizmi<\/a><br \/>\nLuka Bekavac (Sveu\u010dili\u0161te u Zagrebu)<\/td>\n<td style=\"width: 11.92%; height: 24px;\">109-136.<\/td>\n<\/tr>\n<tr style=\"height: 24px;\">\n<td style=\"width: 88.08%; height: 24px;\"><a href=\"http:\/\/umjetnostrijeci.ffzg.unizg.hr\/wp-content\/uploads\/2025\/07\/UR-2025-01-07-Milanko-za-web-1.pdf\" target=\"_blank\" rel=\"noopener\">\u0160to je ostalo od lirike?<\/a><br \/>\nAndrea Milanko (Sveu\u010dili\u0161te u Zagrebu)<\/td>\n<td style=\"width: 11.92%; height: 24px;\">137-151.<\/td>\n<\/tr>\n<tr style=\"height: 24px;\">\n<td style=\"width: 88.08%; height: 24px;\"><a href=\"http:\/\/umjetnostrijeci.ffzg.unizg.hr\/wp-content\/uploads\/2025\/07\/UR-2025-01-08-Rogic-Musa-za-web-1.pdf\" target=\"_blank\" rel=\"noopener\">Enciklopedijski tekst Zorana Kravara<\/a><br \/>\nTea Rogi\u0107 Musa (Leksikografski zavod Miroslav Krle\u017ea)<\/td>\n<td style=\"width: 11.92%; height: 24px;\">153-168.<\/td>\n<\/tr>\n<tr style=\"height: 24px;\">\n<td style=\"width: 88.08%; height: 24px;\"><a href=\"http:\/\/umjetnostrijeci.ffzg.unizg.hr\/wp-content\/uploads\/2025\/07\/UR-2025-01-09-Durnenkov-za-web-1.pdf\" target=\"_blank\" rel=\"noopener\">We Haven\u2019t Lost Our Language, the Only Thing That United Us<\/a><br \/>\nIntervju Natalije Skorokhod s Mihailom Durnenkovim<\/td>\n<td style=\"width: 11.92%; height: 24px;\">169-191.<\/td>\n<\/tr>\n<tr style=\"height: 96px;\">\n<td style=\"width: 88.08%; height: 96px;\"><a href=\"http:\/\/umjetnostrijeci.ffzg.unizg.hr\/wp-content\/uploads\/2025\/07\/UR-2025-01-10-Prikaz-Lugaric-Vukas-za-web-1.pdf\" target=\"_blank\" rel=\"noopener\">(Ne)ostvarena utopija<\/a><br \/>\nPrikaz knjige: Ma\u0161a Kolanovi\u0107, <em>Metafora kapitalizma. Ekonomski imaginarij Sjedinjenih Ameri\u010dkih Dr\u017eava u hrvatskoj knji\u017eevnosti 20. stolje\u0107<\/em><em>a<\/em>, Stilus, 2024.<br \/>\nDanijela Lugari\u0107 Vukas (Sveu\u010dili\u0161te u Zagrebu)<\/td>\n<td style=\"width: 11.92%; height: 96px;\">193-195.<\/td>\n<\/tr>\n<tr style=\"height: 72px;\">\n<td style=\"width: 88.08%; height: 72px;\"><a href=\"http:\/\/umjetnostrijeci.ffzg.unizg.hr\/wp-content\/uploads\/2025\/07\/UR-2025-01-11-Prikaz-Sporer-za-web-1.pdf\" target=\"_blank\" rel=\"noopener\">O korisnosti ili \u0161tetnosti postmodernizma za historiju<\/a><br \/>\nPrikaz knjige: Jan Rehmann, <em>Deconstructing Postmodernist Nietzscheanism. Deleuze and Foucault<\/em>, prev. Kolja i Larry Swingle, Leiden\/Boston: Brill, 2022.<br \/>\nDavid \u0160porer (Sveu\u010dili\u0161te u Zagrebu)<\/td>\n<td style=\"width: 11.92%; height: 72px;\">195-202.<\/td>\n<\/tr>\n<\/tbody>\n<\/table>\n","protected":false},"excerpt":{"rendered":"<p>Ispod suknje teksta: Grass, Marinkovi\u0107, Rabelais Ana Tomljenovi\u0107 (Sveu\u010dili\u0161te u Zagrebu) 1-18. Disciplinarni po\u010deci feministi\u010dke naratologije Hrvoje Novak (Sveu\u010dili\u0161te u Zagrebu 19-35. Uvod u tematski blok o Zoranu Kravaru Tomislav Bogdan (Sveu\u010dili\u0161te u Zagrebu) i Slaven Juri\u0107 (Sveu\u010dili\u0161te u Zagrebu) 37-38. Ravnina od Farsalje. Bilje\u0161ke uz rad Svjetovi Osmana Milovan Tatarin (Sveu\u010dili\u0161te Josipa Jurja Strossmayera [&hellip;]<\/p>\n","protected":false},"author":2,"featured_media":0,"parent":228,"menu_order":0,"comment_status":"closed","ping_status":"closed","template":"","meta":{"footnotes":""},"class_list":["post-3041","page","type-page","status-publish","hentry"],"_links":{"self":[{"href":"https:\/\/umjetnostrijeci.ffzg.unizg.hr\/index.php?rest_route=\/wp\/v2\/pages\/3041","targetHints":{"allow":["GET"]}}],"collection":[{"href":"https:\/\/umjetnostrijeci.ffzg.unizg.hr\/index.php?rest_route=\/wp\/v2\/pages"}],"about":[{"href":"https:\/\/umjetnostrijeci.ffzg.unizg.hr\/index.php?rest_route=\/wp\/v2\/types\/page"}],"author":[{"embeddable":true,"href":"https:\/\/umjetnostrijeci.ffzg.unizg.hr\/index.php?rest_route=\/wp\/v2\/users\/2"}],"replies":[{"embeddable":true,"href":"https:\/\/umjetnostrijeci.ffzg.unizg.hr\/index.php?rest_route=%2Fwp%2Fv2%2Fcomments&post=3041"}],"version-history":[{"count":6,"href":"https:\/\/umjetnostrijeci.ffzg.unizg.hr\/index.php?rest_route=\/wp\/v2\/pages\/3041\/revisions"}],"predecessor-version":[{"id":3119,"href":"https:\/\/umjetnostrijeci.ffzg.unizg.hr\/index.php?rest_route=\/wp\/v2\/pages\/3041\/revisions\/3119"}],"up":[{"embeddable":true,"href":"https:\/\/umjetnostrijeci.ffzg.unizg.hr\/index.php?rest_route=\/wp\/v2\/pages\/228"}],"wp:attachment":[{"href":"https:\/\/umjetnostrijeci.ffzg.unizg.hr\/index.php?rest_route=%2Fwp%2Fv2%2Fmedia&parent=3041"}],"curies":[{"name":"wp","href":"https:\/\/api.w.org\/{rel}","templated":true}]}}