{"id":3052,"date":"2025-07-16T14:23:48","date_gmt":"2025-07-16T13:23:48","guid":{"rendered":"https:\/\/umjetnostrijeci.ffzg.unizg.hr\/?page_id=3052"},"modified":"2025-12-20T18:08:17","modified_gmt":"2025-12-20T17:08:17","slug":"2025-lxix-1","status":"publish","type":"page","link":"https:\/\/umjetnostrijeci.ffzg.unizg.hr\/?page_id=3052&lang=en","title":{"rendered":"2025 (LXIX) 1"},"content":{"rendered":"<table style=\"border-collapse: collapse; width: 100%; height: 408px;\">\n<tbody>\n<tr style=\"height: 24px;\">\n<td style=\"width: 88.08%; height: 24px;\"><a href=\"http:\/\/umjetnostrijeci.ffzg.unizg.hr\/wp-content\/uploads\/2025\/07\/UR-2025-01-01-Tomljenovic-za-web-1.pdf\" target=\"_blank\" rel=\"noopener\">Under the Skirt of the Text: Grass, Marinkovi\u0107, Rabelais<\/a><br \/>\n(Article in Croatian, abstract in Croatian and English)<br \/>\nAna Tomljenovi\u0107 (University of Zagreb)<\/td>\n<td style=\"width: 11.92%; height: 24px;\">1-18<\/td>\n<\/tr>\n<tr style=\"height: 24px;\">\n<td style=\"width: 88.08%; height: 24px;\"><a href=\"http:\/\/umjetnostrijeci.ffzg.unizg.hr\/wp-content\/uploads\/2025\/07\/UR-2025-01-02-Novak-za-web-1.pdf\" target=\"_blank\" rel=\"noopener\">Disciplinary Beginnings of Feminist Narratology<\/a><br \/>\n(Article in Croatian, abstract in Croatian and English)<br \/>\nHrvoje Novak (University of Zagreb)<\/td>\n<td style=\"width: 11.92%; height: 24px;\">19-35<\/td>\n<\/tr>\n<tr style=\"height: 24px;\">\n<td style=\"width: 88.08%; height: 24px;\"><a href=\"http:\/\/umjetnostrijeci.ffzg.unizg.hr\/wp-content\/uploads\/2025\/07\/UR-2025-01-02a-Uvodnik.pdf\" target=\"_blank\" rel=\"noopener\">Introduction to the Thematic Section on Zoran Kravar<\/a><br \/>\n(Introduction in Croatian)<br \/>\nTomislav Bogdan (University of Zagreb) i Slaven Juri\u0107 (University of Zagreb)<\/td>\n<td style=\"width: 11.92%; height: 24px;\">37-38<\/td>\n<\/tr>\n<tr style=\"height: 24px;\">\n<td style=\"width: 88.08%; height: 24px;\"><a href=\"http:\/\/umjetnostrijeci.ffzg.unizg.hr\/wp-content\/uploads\/2025\/07\/UR-2025-01-03-Tatarin.pdf\" target=\"_blank\" rel=\"noopener\">The Plain of Pharsalus: Notes on Kravar\u2019s <em>Svjetovi Osmana<\/em><\/a><em><br \/>\n<\/em>(Article in Croatian, abstract in Croatian and English)<br \/>\nMilovan Tatarin (Josip Juraj Strossmayer University of Osijek)<\/td>\n<td style=\"width: 11.92%; height: 24px;\">39-58<\/td>\n<\/tr>\n<tr style=\"height: 24px;\">\n<td style=\"width: 88.08%; height: 24px;\"><a href=\"http:\/\/umjetnostrijeci.ffzg.unizg.hr\/wp-content\/uploads\/2025\/07\/UR-2025-01-04-Dukic-za-web-1.pdf\" target=\"_blank\" rel=\"noopener\">From the Baroque <em>Poetic Image<\/em> to<em> Baroque Description<\/em>: Zoran Kravar\u2019s Dissertation and its Published Version<\/a><br \/>\n(Article in Croatian, abstract in Croatian and English)<br \/>\nDavor Duki\u0107 (University of Zagreb)<\/td>\n<td style=\"width: 11.92%; height: 24px;\">59-82<\/td>\n<\/tr>\n<tr style=\"height: 24px;\">\n<td style=\"width: 88.08%; height: 24px;\"><a href=\"http:\/\/umjetnostrijeci.ffzg.unizg.hr\/wp-content\/uploads\/2025\/07\/UR-2025-01-05-Sporer-za-web-1.pdf\" target=\"_blank\" rel=\"noopener\">The Limits of Antimodernism<\/a><br \/>\n(Article in Croatian, abstract in Croatian and English)<br \/>\nDavid \u0160porer (University of Zagreb)<\/td>\n<td style=\"width: 11.92%; height: 24px;\">83-107<\/td>\n<\/tr>\n<tr style=\"height: 24px;\">\n<td style=\"width: 88.08%; height: 24px;\"><a href=\"http:\/\/umjetnostrijeci.ffzg.unizg.hr\/wp-content\/uploads\/2025\/07\/UR-2025-01-06-Bekavac-za-web-1.pdf\" target=\"_blank\" rel=\"noopener\">Matter and Life. Lovecraft, Antimodernism and New Vitalisms<\/a><br \/>\n(Article in Croatian, abstract in Croatian and English)<br \/>\nLuka Bekavac (University of Zagreb)<\/td>\n<td style=\"width: 11.92%; height: 24px;\">109-136<\/td>\n<\/tr>\n<tr style=\"height: 24px;\">\n<td style=\"width: 88.08%; height: 24px;\"><a href=\"http:\/\/umjetnostrijeci.ffzg.unizg.hr\/wp-content\/uploads\/2025\/07\/UR-2025-01-07-Milanko-za-web-1.pdf\" target=\"_blank\" rel=\"noopener\">What is Left of the Lyric?<\/a><br \/>\n(Article in Croatian, abstract in Croatian and English)<br \/>\nAndrea Milanko (University of Zagreb)<\/td>\n<td style=\"width: 11.92%; height: 24px;\">137-151<\/td>\n<\/tr>\n<tr style=\"height: 24px;\">\n<td style=\"width: 88.08%; height: 24px;\"><a href=\"http:\/\/umjetnostrijeci.ffzg.unizg.hr\/wp-content\/uploads\/2025\/07\/UR-2025-01-08-Rogic-Musa-za-web-1.pdf\" target=\"_blank\" rel=\"noopener\">Zoran Kravar\u2019s Encyclopaedic Text<\/a><br \/>\n(Article in Croatian, abstract in Croatian and English)<br \/>\nTea Rogi\u0107 Musa (Miroslav Krle\u017ea Institute of Lexicography)<\/td>\n<td style=\"width: 11.92%; height: 24px;\">153-168<\/td>\n<\/tr>\n<tr style=\"height: 24px;\">\n<td style=\"width: 88.08%; height: 24px;\"><a href=\"http:\/\/umjetnostrijeci.ffzg.unizg.hr\/wp-content\/uploads\/2025\/07\/UR-2025-01-09-Durnenkov-za-web-1.pdf\" target=\"_blank\" rel=\"noopener\">We Haven\u2019t Lost Our Language, the Only Thing That United Us<\/a><br \/>\nInterview by Natalia Skorokhod with Mihail Durnenkov (in English)<\/td>\n<td style=\"width: 11.92%; height: 24px;\">169-191<\/td>\n<\/tr>\n<tr style=\"height: 96px;\">\n<td style=\"width: 88.08%; height: 96px;\"><a href=\"http:\/\/umjetnostrijeci.ffzg.unizg.hr\/wp-content\/uploads\/2025\/07\/UR-2025-01-10-Prikaz-Lugaric-Vukas-za-web-1.pdf\" target=\"_blank\" rel=\"noopener\">(Un)Realised Utopia<\/a><br \/>\nBook review in Croatian: Ma\u0161a Kolanovi\u0107,<em>Metafora kapitalizma. Ekonomski imaginarij Sjedinjenih Ameri\u010dkih Dr\u017eava u hrvatskoj knji\u017eevnosti 20. stolje\u0107<\/em><em>a<\/em>, Stilus, 2024.<br \/>\nDanijela Lugari\u0107 Vukas (University of Zagreb)<\/td>\n<td style=\"width: 11.92%; height: 96px;\">193-195<\/td>\n<\/tr>\n<tr style=\"height: 72px;\">\n<td style=\"width: 88.08%; height: 72px;\"><a href=\"http:\/\/umjetnostrijeci.ffzg.unizg.hr\/wp-content\/uploads\/2025\/07\/UR-2025-01-11-Prikaz-Sporer-za-web-1.pdf\" target=\"_blank\" rel=\"noopener\">On the Usefulness or Harmfulness of Postmodernism for History<\/a><br \/>\nBook review in Croatian: Jan Rehmann, <em>Deconstructing Postmodernist Nietzscheanism. Deleuze and Foucault<\/em>, prev. Kolja i Larry Swingle, Leiden\/Boston: Brill, 2022.<br \/>\nDavid \u0160porer (University of Zagreb)<\/td>\n<td style=\"width: 11.92%; height: 72px;\">195-202<\/td>\n<\/tr>\n<\/tbody>\n<\/table>\n","protected":false},"excerpt":{"rendered":"<p>Under the Skirt of the Text: Grass, Marinkovi\u0107, Rabelais (Article in Croatian, abstract in Croatian and English) Ana Tomljenovi\u0107 (University of Zagreb) 1-18 Disciplinary Beginnings of Feminist Narratology (Article in Croatian, abstract in Croatian and English) Hrvoje Novak (University of Zagreb) 19-35 Introduction to the Thematic Section on Zoran Kravar (Introduction in Croatian) Tomislav Bogdan [&hellip;]<\/p>\n","protected":false},"author":2,"featured_media":0,"parent":490,"menu_order":0,"comment_status":"closed","ping_status":"closed","template":"","meta":{"footnotes":""},"class_list":["post-3052","page","type-page","status-publish","hentry"],"_links":{"self":[{"href":"https:\/\/umjetnostrijeci.ffzg.unizg.hr\/index.php?rest_route=\/wp\/v2\/pages\/3052","targetHints":{"allow":["GET"]}}],"collection":[{"href":"https:\/\/umjetnostrijeci.ffzg.unizg.hr\/index.php?rest_route=\/wp\/v2\/pages"}],"about":[{"href":"https:\/\/umjetnostrijeci.ffzg.unizg.hr\/index.php?rest_route=\/wp\/v2\/types\/page"}],"author":[{"embeddable":true,"href":"https:\/\/umjetnostrijeci.ffzg.unizg.hr\/index.php?rest_route=\/wp\/v2\/users\/2"}],"replies":[{"embeddable":true,"href":"https:\/\/umjetnostrijeci.ffzg.unizg.hr\/index.php?rest_route=%2Fwp%2Fv2%2Fcomments&post=3052"}],"version-history":[{"count":6,"href":"https:\/\/umjetnostrijeci.ffzg.unizg.hr\/index.php?rest_route=\/wp\/v2\/pages\/3052\/revisions"}],"predecessor-version":[{"id":3189,"href":"https:\/\/umjetnostrijeci.ffzg.unizg.hr\/index.php?rest_route=\/wp\/v2\/pages\/3052\/revisions\/3189"}],"up":[{"embeddable":true,"href":"https:\/\/umjetnostrijeci.ffzg.unizg.hr\/index.php?rest_route=\/wp\/v2\/pages\/490"}],"wp:attachment":[{"href":"https:\/\/umjetnostrijeci.ffzg.unizg.hr\/index.php?rest_route=%2Fwp%2Fv2%2Fmedia&parent=3052"}],"curies":[{"name":"wp","href":"https:\/\/api.w.org\/{rel}","templated":true}]}}