{"id":3178,"date":"2025-12-20T17:48:58","date_gmt":"2025-12-20T16:48:58","guid":{"rendered":"https:\/\/umjetnostrijeci.ffzg.unizg.hr\/?page_id=3178"},"modified":"2025-12-20T18:07:01","modified_gmt":"2025-12-20T17:07:01","slug":"2025-lxix-2","status":"publish","type":"page","link":"https:\/\/umjetnostrijeci.ffzg.unizg.hr\/?page_id=3178","title":{"rendered":"2025. (LXIX) 2"},"content":{"rendered":"<table style=\"border-collapse: collapse; width: 100%; height: 648px;\">\n<tbody>\n<tr style=\"height: 24px;\">\n<td style=\"width: 89.36%; height: 24px;\"><a href=\"http:\/\/umjetnostrijeci.ffzg.unizg.hr\/wp-content\/uploads\/2025\/12\/01-UR-2025-02-Sijakovic-za-web.pdf\" target=\"_blank\" rel=\"noopener\">Distribucija kriti\u010dkog autoriteta \u2013 vrednovanje knji\u017eevnih djela na dru\u0161tvenim mre\u017eama<\/a><br \/>\nTerezija \u0160ijakovi\u0107 Bo\u0161kovi\u0107 (Sveu\u010dili\u0161te u Zagrebu)<\/td>\n<td style=\"width: 10.64%; height: 24px;\">203-225.<\/td>\n<\/tr>\n<tr style=\"height: 24px;\">\n<td style=\"width: 89.36%; height: 24px;\"><a href=\"http:\/\/umjetnostrijeci.ffzg.unizg.hr\/wp-content\/uploads\/2025\/12\/02-UR-2025-02-Diachuk-et-al-za-web.pdf\" target=\"_blank\" rel=\"noopener\">Marko Vovchok as a Cultural Mediator: A State-of-the-Art Review<\/a><br \/>\nLiudmyla Diachuk, Olga Gortchanina i Anne Delizee (University of Mons, Belgium)<\/td>\n<td style=\"width: 10.64%; height: 24px;\">227-256.<\/td>\n<\/tr>\n<tr style=\"height: 24px;\">\n<td style=\"width: 89.36%; height: 24px;\"><a href=\"http:\/\/umjetnostrijeci.ffzg.unizg.hr\/wp-content\/uploads\/2025\/12\/03-UR-2025-02-Kolanovic-et-al-web.pdf\" target=\"_blank\" rel=\"noopener\">Rezovi, \u0161avovi i tkanje teorije: predgovor tematu o Dubravki Ugre\u0161i\u0107<\/a><br \/>\nMa\u0161a Kolanovi\u0107, Danijela Vugari\u0107 Lukas i Anera Ryznar (Sveu\u010dili\u0161te u Zagrebu)<\/td>\n<td style=\"width: 10.64%; height: 24px;\">257-259.<\/td>\n<\/tr>\n<tr style=\"height: 24px;\">\n<td style=\"width: 89.36%; height: 24px;\"><a href=\"http:\/\/umjetnostrijeci.ffzg.unizg.hr\/wp-content\/uploads\/2025\/12\/04-UR-2025-02-Lukic-za-web.pdf\" target=\"_blank\" rel=\"noopener\">Between Zagreb, Berlin, and Amsterdam: Dubravka Ugre\u0161i\u0107 as a Translocal Writer<\/a><br \/>\nJasmina Luki\u0107 (Central European University, Vienna)<\/td>\n<td style=\"width: 10.64%; height: 24px;\">261-280.<\/td>\n<\/tr>\n<tr style=\"height: 24px;\">\n<td style=\"width: 89.36%; height: 24px;\"><a href=\"http:\/\/umjetnostrijeci.ffzg.unizg.hr\/wp-content\/uploads\/2025\/12\/05-UR-2025-02-Pusenjak-za-web.pdf\" target=\"_blank\" rel=\"noopener\">Amerika \u2013 Berlin \u2013 Amsterdam: prostorne dimenzije u djelima Dubravke Ugre\u0161i\u0107<\/a><br \/>\nLara Pu\u0161enjak (Sveu\u010dili\u0161te u Zagrebu)<\/td>\n<td style=\"width: 10.64%; height: 24px;\">281-296.<\/td>\n<\/tr>\n<tr style=\"height: 24px;\">\n<td style=\"width: 89.36%; height: 24px;\"><a href=\"http:\/\/umjetnostrijeci.ffzg.unizg.hr\/wp-content\/uploads\/2025\/12\/06-UR-2025-02-Ivic-za-web.pdf\" target=\"_blank\" rel=\"noopener\">Politika zmije. <em>Forsiranje romana reke<\/em> Dubravke Ugre\u0161i\u0107<\/a><br \/>\nNenad Ivi\u0107 (Sveu\u010dili\u0161te u Zagrebu)<\/td>\n<td style=\"width: 10.64%; height: 24px;\">297-306.<\/td>\n<\/tr>\n<tr style=\"height: 24px;\">\n<td style=\"width: 89.36%; height: 24px;\"><a href=\"http:\/\/umjetnostrijeci.ffzg.unizg.hr\/wp-content\/uploads\/2025\/12\/07-UR-2025-02-Dakic-za-web.pdf\" target=\"_blank\" rel=\"noopener\">Politika \u017eanra \u2013 na njezin na\u010din<\/a><br \/>\nMirela Daki\u0107 (Sveu\u010dili\u0161te u Zagrebu)<\/td>\n<td style=\"width: 10.64%; height: 24px;\">207-322.<\/td>\n<\/tr>\n<tr style=\"height: 24px;\">\n<td style=\"width: 89.36%; height: 24px;\"><a href=\"http:\/\/umjetnostrijeci.ffzg.unizg.hr\/wp-content\/uploads\/2025\/12\/08-UR-2025-02-Protrka-za-web.pdf\" target=\"_blank\" rel=\"noopener\">Avangardni <em>m\u00e9taterxies<\/em> Dubravke Ugre\u0161i\u0107<\/a><br \/>\nMarina Protrka \u0160timec (Sveu\u010dili\u0161te u Zagrebu)<\/td>\n<td style=\"width: 10.64%; height: 24px;\">323-336.<\/td>\n<\/tr>\n<tr style=\"height: 24px;\">\n<td style=\"width: 89.36%; height: 24px;\"><a href=\"http:\/\/umjetnostrijeci.ffzg.unizg.hr\/wp-content\/uploads\/2025\/12\/09-UR-2025-02-Kolanovic-za-web.pdf\" target=\"_blank\" rel=\"noopener\">\u0160to je bio jugoslavenski socijalizam i \u0161to dolazi poslije? Dubravka Ugre\u0161i\u0107 i dru\u0161tveno znanje knji\u017eevnosti<\/a><br \/>\nMa\u0161a Kolanovi\u0107 (Sveu\u010dili\u0161te u Zagrebu)<\/td>\n<td style=\"width: 10.64%; height: 24px;\">337-356.<\/td>\n<\/tr>\n<tr style=\"height: 24px;\">\n<td style=\"width: 89.36%; height: 24px;\"><a href=\"http:\/\/umjetnostrijeci.ffzg.unizg.hr\/wp-content\/uploads\/2025\/12\/10-UR-2025-02-Prikaz-Bencic-za-web.pdf\" target=\"_blank\" rel=\"noopener\">Platonov \u2013 \u201capsurdist\u201d protiv vlastite volje<\/a><br \/>\nPrikaz knjige: H. G\u00fcnther, <em>Andrej Platonov und das Absurde, <\/em>Frank&amp;Timme Verlag f\u00fcr wissenschaftliche Literatur, 2024.<br \/>\n\u017diva Ben\u010di\u0107 (Sveu\u010dili\u0161te u Zagrebu)<\/td>\n<td style=\"width: 10.64%; height: 24px;\">357-361.<\/td>\n<\/tr>\n<tr style=\"height: 192px;\">\n<td style=\"width: 89.36%; height: 168px;\"><a href=\"http:\/\/umjetnostrijeci.ffzg.unizg.hr\/wp-content\/uploads\/2025\/12\/11-UR-2025-02-Prikaz-Wawrzynczak-za-web.pdf\" target=\"_blank\" rel=\"noopener\">Viktor Astafyev through the Lens of Past and Present Research. Two Issues in Honour of the Centenary of the Writer\u2019s Birth<\/a><br \/>\nPrikaz knjiga: N. S. Tsvetova (ur.), <em>V. P. Astaf\u2019ev: Pro et contra. Lichnost\u2019 i ideinokhudozhestvennoe nasledie V. P. Astaf\u2019eva v otsenkakh otechestvennykh i zarubezhnykh issledovatelei. Antologiia, <\/em>Sankt-Peterburg: Iz-dvo RKhGA, 2024; i N. V. Kovtun (ur.), E<em>kho Astaf\u2019eva; aktual\u2019nost\u2019 tvorcheskogo naslediia. K 100-letiiu sodnia rozhdeniia pisatelia, <\/em>Sankt-Peterburg: Izd-vo RKhGA, 2024.<br \/>\nAleksander Wawrzy\u0144czak (Jagiellonian University in Krakow, Poland)<\/td>\n<td style=\"width: 10.64%; height: 168px;\">361-367.<\/td>\n<\/tr>\n<tr style=\"height: 24px;\">\n<td style=\"width: 89.36%; height: 24px;\"><a href=\"http:\/\/umjetnostrijeci.ffzg.unizg.hr\/wp-content\/uploads\/2025\/12\/12-UR-2025-02-Prikaz-Vojvodic-za-web.pdf\" target=\"_blank\" rel=\"noopener\">Proturje\u010dni junaci Dostoevskog<\/a><br \/>\nPrikaz knjige: Jovan Popov, <em>Gordi i ponizni. Paradoksalisti Fjodora Dostojevskog<\/em>, Beograd: Srpska knji\u017eevna zadruga, 2024.<br \/>\nJasmina Vojvodi\u0107 (Sveu\u010dili\u0161te u Zagrebu)<\/td>\n<td style=\"width: 10.64%; height: 24px;\">367-372.<\/td>\n<\/tr>\n<tr style=\"height: 72px;\">\n<td style=\"width: 89.36%; height: 72px;\"><a href=\"http:\/\/umjetnostrijeci.ffzg.unizg.hr\/wp-content\/uploads\/2025\/12\/13-UR-2025-02-Prikaz-Perusko-za-web.pdf\" target=\"_blank\" rel=\"noopener\">One Could Ignore Tarzan [\u2026] but It Would Be Stupid<\/a><br \/>\nPrikaz knjige: Riccardo Nicolosi i Brigitte Obarmayr (ur.), <em>Narratives in the Early Soviet Union<\/em>, Boston: Academic Studies Press, 2024.<br \/>\nIvana Peru\u0161ko (Sveu\u010dili\u0161te u Zagrebu)<\/td>\n<td style=\"width: 10.64%; height: 72px;\">372-376.<\/td>\n<\/tr>\n<tr style=\"height: 72px;\">\n<td style=\"width: 89.36%; height: 72px;\"><a href=\"http:\/\/umjetnostrijeci.ffzg.unizg.hr\/wp-content\/uploads\/2025\/12\/14-UR-2025-02-In-memoriam-Badurina-za-web.pdf\" target=\"_blank\" rel=\"noopener\">Milivoj Solar (1936\u20132025)<\/a><br \/>\nIn memoriam<br \/>\nNatka Badurina (Universit\u00e0 degli Studi di Udine)<\/td>\n<td style=\"width: 10.64%; height: 72px;\">377-382.<\/td>\n<\/tr>\n<tr style=\"height: 72px;\">\n<td style=\"width: 89.36%; height: 72px;\"><a href=\"http:\/\/umjetnostrijeci.ffzg.unizg.hr\/wp-content\/uploads\/2025\/12\/15-UR-2025-02-In-memoriam-Kovac-za-web.pdf\" target=\"_blank\" rel=\"noopener\">Reinhard Lauer (1936\u20132025)<\/a><br \/>\nIn memoriam<br \/>\nZvonko Kova\u010d (Sveu\u010dili\u0161te u Zagrebu)<\/td>\n<td style=\"width: 10.64%; height: 72px;\">383-386.<\/td>\n<\/tr>\n<\/tbody>\n<\/table>\n","protected":false},"excerpt":{"rendered":"<p>Distribucija kriti\u010dkog autoriteta \u2013 vrednovanje knji\u017eevnih djela na dru\u0161tvenim mre\u017eama Terezija \u0160ijakovi\u0107 Bo\u0161kovi\u0107 (Sveu\u010dili\u0161te u Zagrebu) 203-225. Marko Vovchok as a Cultural Mediator: A State-of-the-Art Review Liudmyla Diachuk, Olga Gortchanina i Anne Delizee (University of Mons, Belgium) 227-256. Rezovi, \u0161avovi i tkanje teorije: predgovor tematu o Dubravki Ugre\u0161i\u0107 Ma\u0161a Kolanovi\u0107, Danijela Vugari\u0107 Lukas i Anera [&hellip;]<\/p>\n","protected":false},"author":2,"featured_media":0,"parent":228,"menu_order":0,"comment_status":"closed","ping_status":"closed","template":"","meta":{"footnotes":""},"class_list":["post-3178","page","type-page","status-publish","hentry"],"_links":{"self":[{"href":"https:\/\/umjetnostrijeci.ffzg.unizg.hr\/index.php?rest_route=\/wp\/v2\/pages\/3178","targetHints":{"allow":["GET"]}}],"collection":[{"href":"https:\/\/umjetnostrijeci.ffzg.unizg.hr\/index.php?rest_route=\/wp\/v2\/pages"}],"about":[{"href":"https:\/\/umjetnostrijeci.ffzg.unizg.hr\/index.php?rest_route=\/wp\/v2\/types\/page"}],"author":[{"embeddable":true,"href":"https:\/\/umjetnostrijeci.ffzg.unizg.hr\/index.php?rest_route=\/wp\/v2\/users\/2"}],"replies":[{"embeddable":true,"href":"https:\/\/umjetnostrijeci.ffzg.unizg.hr\/index.php?rest_route=%2Fwp%2Fv2%2Fcomments&post=3178"}],"version-history":[{"count":6,"href":"https:\/\/umjetnostrijeci.ffzg.unizg.hr\/index.php?rest_route=\/wp\/v2\/pages\/3178\/revisions"}],"predecessor-version":[{"id":3188,"href":"https:\/\/umjetnostrijeci.ffzg.unizg.hr\/index.php?rest_route=\/wp\/v2\/pages\/3178\/revisions\/3188"}],"up":[{"embeddable":true,"href":"https:\/\/umjetnostrijeci.ffzg.unizg.hr\/index.php?rest_route=\/wp\/v2\/pages\/228"}],"wp:attachment":[{"href":"https:\/\/umjetnostrijeci.ffzg.unizg.hr\/index.php?rest_route=%2Fwp%2Fv2%2Fmedia&parent=3178"}],"curies":[{"name":"wp","href":"https:\/\/api.w.org\/{rel}","templated":true}]}}