{"id":369,"date":"2013-06-02T16:52:38","date_gmt":"2013-06-02T15:52:38","guid":{"rendered":"http:\/\/www.ffzg.unizg.hr\/umjetnostrijeci\/?page_id=369"},"modified":"2013-06-02T19:23:43","modified_gmt":"2013-06-02T18:23:43","slug":"2010-liv-br-1-2","status":"publish","type":"page","link":"https:\/\/umjetnostrijeci.ffzg.unizg.hr\/?page_id=369","title":{"rendered":"2010. (LIV) Br. 1&#8211;2"},"content":{"rendered":"<table border=\"0\">\n<tbody>\n<tr>\n<td><a href=\"http:\/\/www.ffzg.unizg.hr\/umjetnostrijeci\/wp-content\/uploads\/2013\/06\/001-Durrigl.pdf\" target=\"_blank\">(De)kompozicija srednjovjekovnih nabo\u017enih tekstova. <em>Sermones morales<\/em> u &#8220;Ljubljanskom zborniku&#8221;<\/a><br \/>Marija-Ana D\u00fcrrigl (Staroslavenski institut, Zagreb)<\/td>\n<td>1&#8211;22.<\/td>\n<\/tr>\n<tr>\n<td><a href=\"http:\/\/www.ffzg.unizg.hr\/umjetnostrijeci\/wp-content\/uploads\/2013\/06\/002-Lugaric.pdf\" target=\"_blank\">&#8220;Ja sam sama sebi i Bog i sudba&#8221;. Elementi antimodernizma u stvarala\u0161tvu Josipa Kosora<\/a><br \/>Danijela Lugari\u0107 (Filozofski fakultet, Zagreb)<\/td>\n<td>23&#8211;40.<\/td>\n<\/tr>\n<tr>\n<td><a href=\"http:\/\/www.ffzg.unizg.hr\/umjetnostrijeci\/wp-content\/uploads\/2013\/06\/003-Tutek.pdf\" target=\"_blank\">Dijalo\u0161ki proces kao spoznajna praksa. O knji\u017eevnim postupcima Petra \u0160egedina<\/a><br \/>Hrvoje Tutek (Zagreb)<\/td>\n<td>41&#8211;58.<\/td>\n<\/tr>\n<tr>\n<td><a href=\"http:\/\/www.ffzg.unizg.hr\/umjetnostrijeci\/wp-content\/uploads\/2013\/06\/004-Sabljic.pdf\" target=\"_blank\">Kulturno (re)konstruiranje Europe u romanu <em>Christkind<\/em> Borisa De\u017eulovi\u0107a<\/a><br \/>Jakov Sablji\u0107 (Filozofski fakultet, Osijek)<\/td>\n<td>59&#8211;82.<\/td>\n<\/tr>\n<tr>\n<td><a href=\"http:\/\/www.ffzg.unizg.hr\/umjetnostrijeci\/wp-content\/uploads\/2013\/06\/005-Mijatovic.pdf\" target=\"_blank\">Vizualna kultura i kraj tuma\u010denja slike. Ili: Kako predsubjektivna fascinacija postaje teorijom bez subjekta<\/a><br \/>Aleksandar Mijatovi\u0107 (Filozofski fakultet, Rijeka)<\/td>\n<td>83&#8211;104.<\/td>\n<\/tr>\n<tr>\n<td><a href=\"http:\/\/www.ffzg.unizg.hr\/umjetnostrijeci\/wp-content\/uploads\/2013\/06\/006-Lauer.pdf\" target=\"_blank\"><em>Povijest ruske knji\u017eevnost<\/em>i Reinharda Lauera u hrvatskom prijevodu.<\/a><br \/>Osvrti s predstavljanja knjige u Zagrebu 21. travnja 2009. Diskusija<\/td>\n<td>105&#8211;125.<\/td>\n<\/tr>\n<\/tbody>\n<\/table>\n","protected":false},"excerpt":{"rendered":"<p>(De)kompozicija srednjovjekovnih nabo\u017enih tekstova. Sermones morales u &#8220;Ljubljanskom zborniku&#8221;Marija-Ana D\u00fcrrigl (Staroslavenski institut, Zagreb) 1&#8211;22. &#8220;Ja sam sama sebi i Bog i sudba&#8221;. Elementi antimodernizma u stvarala\u0161tvu Josipa KosoraDanijela Lugari\u0107 (Filozofski fakultet, Zagreb) 23&#8211;40. Dijalo\u0161ki proces kao spoznajna praksa. O knji\u017eevnim postupcima Petra \u0160egedinaHrvoje Tutek (Zagreb) 41&#8211;58. Kulturno (re)konstruiranje Europe u romanu Christkind Borisa De\u017eulovi\u0107aJakov Sablji\u0107 [&hellip;]<\/p>\n","protected":false},"author":2,"featured_media":0,"parent":228,"menu_order":0,"comment_status":"closed","ping_status":"open","template":"","meta":{"footnotes":""},"class_list":["post-369","page","type-page","status-publish","hentry"],"_links":{"self":[{"href":"https:\/\/umjetnostrijeci.ffzg.unizg.hr\/index.php?rest_route=\/wp\/v2\/pages\/369","targetHints":{"allow":["GET"]}}],"collection":[{"href":"https:\/\/umjetnostrijeci.ffzg.unizg.hr\/index.php?rest_route=\/wp\/v2\/pages"}],"about":[{"href":"https:\/\/umjetnostrijeci.ffzg.unizg.hr\/index.php?rest_route=\/wp\/v2\/types\/page"}],"author":[{"embeddable":true,"href":"https:\/\/umjetnostrijeci.ffzg.unizg.hr\/index.php?rest_route=\/wp\/v2\/users\/2"}],"replies":[{"embeddable":true,"href":"https:\/\/umjetnostrijeci.ffzg.unizg.hr\/index.php?rest_route=%2Fwp%2Fv2%2Fcomments&post=369"}],"version-history":[{"count":11,"href":"https:\/\/umjetnostrijeci.ffzg.unizg.hr\/index.php?rest_route=\/wp\/v2\/pages\/369\/revisions"}],"predecessor-version":[{"id":422,"href":"https:\/\/umjetnostrijeci.ffzg.unizg.hr\/index.php?rest_route=\/wp\/v2\/pages\/369\/revisions\/422"}],"up":[{"embeddable":true,"href":"https:\/\/umjetnostrijeci.ffzg.unizg.hr\/index.php?rest_route=\/wp\/v2\/pages\/228"}],"wp:attachment":[{"href":"https:\/\/umjetnostrijeci.ffzg.unizg.hr\/index.php?rest_route=%2Fwp%2Fv2%2Fmedia&parent=369"}],"curies":[{"name":"wp","href":"https:\/\/api.w.org\/{rel}","templated":true}]}}