{"id":535,"date":"2013-07-14T14:41:09","date_gmt":"2013-07-14T13:41:09","guid":{"rendered":"http:\/\/www.ffzg.unizg.hr\/umjetnostrijeci\/?page_id=535"},"modified":"2025-09-23T20:33:25","modified_gmt":"2025-09-23T19:33:25","slug":"advisory-board","status":"publish","type":"page","link":"https:\/\/umjetnostrijeci.ffzg.unizg.hr\/?page_id=535&lang=en","title":{"rendered":"Advisory Board"},"content":{"rendered":"<p><span style=\"font-size: small;\"><span style=\"color: #808080;\"><strong>Tomislav Bogdan, <\/strong><span style=\"color: #333333;\">University of Zagreb<\/span><strong><br \/>\n<\/strong><\/span><\/span><span style=\"font-size: small;\"><span style=\"color: #808080;\"><strong>Vladimir Biti,<\/strong> <\/span>University of Vienna<\/span><br \/>\n<span style=\"font-size: small;\"><span style=\"color: #808080;\"><strong>Morana \u010cale,<\/strong><\/span> University of Zagreb<\/span><br \/>\n<span style=\"font-size: small;\"><span style=\"color: #808080;\"><strong>Davor Duki\u0107, <\/strong><span style=\"color: #333333;\">University of Zagreb<\/span><strong><br \/>\nDunja Fali\u0161evac,<\/strong> <\/span>University of Zagreb<\/span><br \/>\n<span style=\"font-size: small;\"><span style=\"color: #808080;\"><strong>Renate Lachmann,<\/strong><\/span> University of Konstanz<\/span><br \/>\n<span style=\"font-size: small;\"><span style=\"color: #808080;\"><strong>Josip U\u017earevi\u0107,<\/strong> <\/span>University of Zagreb<\/span><br \/>\n<span style=\"font-size: small;\"><span style=\"color: #808080;\"><strong>Willem G. Weststeijn,<\/strong><\/span> University of Amsterdam<br \/>\n<\/span><\/p>\n<table style=\"border-collapse: collapse; width: 43.68%; height: 26px;\">\n<tbody>\n<tr style=\"height: 26px;\">\n<td style=\"width: 100%; height: 26px; border-color: #000000; border-style: solid;\"><span style=\"font-size: 10pt;\"><strong>Reinhard Lauer,<\/strong> <span style=\"color: #333333;\">University of G\u00f6ttingen<\/span><\/span><\/td>\n<\/tr>\n<\/tbody>\n<\/table>\n<p>&nbsp;<\/p>\n","protected":false},"excerpt":{"rendered":"<p>Tomislav Bogdan, University of Zagreb Vladimir Biti, University of Vienna Morana \u010cale, University of Zagreb Davor Duki\u0107, University of Zagreb Dunja Fali\u0161evac, University of Zagreb Renate Lachmann, University of Konstanz Josip U\u017earevi\u0107, University of Zagreb Willem G. Weststeijn, University of Amsterdam Reinhard Lauer, University of G\u00f6ttingen &nbsp;<\/p>\n","protected":false},"author":2,"featured_media":0,"parent":0,"menu_order":0,"comment_status":"closed","ping_status":"open","template":"","meta":{"footnotes":""},"class_list":["post-535","page","type-page","status-publish","hentry"],"_links":{"self":[{"href":"https:\/\/umjetnostrijeci.ffzg.unizg.hr\/index.php?rest_route=\/wp\/v2\/pages\/535","targetHints":{"allow":["GET"]}}],"collection":[{"href":"https:\/\/umjetnostrijeci.ffzg.unizg.hr\/index.php?rest_route=\/wp\/v2\/pages"}],"about":[{"href":"https:\/\/umjetnostrijeci.ffzg.unizg.hr\/index.php?rest_route=\/wp\/v2\/types\/page"}],"author":[{"embeddable":true,"href":"https:\/\/umjetnostrijeci.ffzg.unizg.hr\/index.php?rest_route=\/wp\/v2\/users\/2"}],"replies":[{"embeddable":true,"href":"https:\/\/umjetnostrijeci.ffzg.unizg.hr\/index.php?rest_route=%2Fwp%2Fv2%2Fcomments&post=535"}],"version-history":[{"count":14,"href":"https:\/\/umjetnostrijeci.ffzg.unizg.hr\/index.php?rest_route=\/wp\/v2\/pages\/535\/revisions"}],"predecessor-version":[{"id":3133,"href":"https:\/\/umjetnostrijeci.ffzg.unizg.hr\/index.php?rest_route=\/wp\/v2\/pages\/535\/revisions\/3133"}],"wp:attachment":[{"href":"https:\/\/umjetnostrijeci.ffzg.unizg.hr\/index.php?rest_route=%2Fwp%2Fv2%2Fmedia&parent=535"}],"curies":[{"name":"wp","href":"https:\/\/api.w.org\/{rel}","templated":true}]}}