{"id":62,"date":"2013-03-01T20:40:17","date_gmt":"2013-03-01T19:40:17","guid":{"rendered":"http:\/\/www.ffzg.unizg.hr\/umjetnostrijeci\/?page_id=62"},"modified":"2025-12-20T18:20:14","modified_gmt":"2025-12-20T17:20:14","slug":"najave","status":"publish","type":"page","link":"https:\/\/umjetnostrijeci.ffzg.unizg.hr\/?page_id=62","title":{"rendered":"Najave uredni\u0161tva"},"content":{"rendered":"<p><span style=\"font-size: 10pt; font-family: helvetica, arial, sans-serif;\"><span style=\"font-family: trebuchet ms, geneva, sans-serif;\">Poziv za slanje rukopisa za prvi broj za 2026. godinu traje do 31. o\u017eujka 2026.<br \/>\nPoziv za slanje rukopisa za drugi broj za 2026. traje do 1. rujna 2026.<br \/>\nPrimamo radove na hrvatskom, engleskom, bosanskom, srpskom i crnogorskom standardnom jeziku.<br \/>\nSvi brojevi <em>Umjetnosti rije\u010di<\/em> su vi\u0161ejezi\u010dni.<\/span><br \/>\n<\/span><\/p>\n<hr \/>\n<p><span style=\"font-size: 10pt; font-family: trebuchet ms, geneva, sans-serif;\">Za priloge na drugim stranim jezicima, po\u0161aljite upit na adresu uredni\u0161tva. <br \/>\nPrije slanja priloga, molimo Vas da pogledate <a href=\"http:\/\/www.ffzg.unizg.hr\/umjetnostrijeci\/?page_id=18\" target=\"_blank\" rel=\"noopener noreferrer\">upute autorima<\/a>. Prilozi se \u0161alju elektroni\u010dkom po\u0161tom na <a href=\"mailto:umjetnost.rijeci@ffzg.hr\" target=\"_blank\" rel=\"noopener noreferrer\">adresu uredni\u0161tva. <\/a>Za sve dodatne upite obratite se uredni\u0161tvu.<\/span><\/p>\n<p>&nbsp;<\/p>\n<p>&nbsp;<\/p>\n","protected":false},"excerpt":{"rendered":"<p>Poziv za slanje rukopisa za prvi broj za 2026. godinu traje do 31. o\u017eujka 2026. Poziv za slanje rukopisa za drugi broj za 2026. traje do 1. rujna 2026. Primamo radove na hrvatskom, engleskom, bosanskom, srpskom i crnogorskom standardnom jeziku. Svi brojevi Umjetnosti rije\u010di su vi\u0161ejezi\u010dni. Za priloge na drugim stranim jezicima, po\u0161aljite upit na [&hellip;]<\/p>\n","protected":false},"author":2,"featured_media":0,"parent":0,"menu_order":0,"comment_status":"closed","ping_status":"open","template":"","meta":{"footnotes":""},"class_list":["post-62","page","type-page","status-publish","hentry"],"_links":{"self":[{"href":"https:\/\/umjetnostrijeci.ffzg.unizg.hr\/index.php?rest_route=\/wp\/v2\/pages\/62","targetHints":{"allow":["GET"]}}],"collection":[{"href":"https:\/\/umjetnostrijeci.ffzg.unizg.hr\/index.php?rest_route=\/wp\/v2\/pages"}],"about":[{"href":"https:\/\/umjetnostrijeci.ffzg.unizg.hr\/index.php?rest_route=\/wp\/v2\/types\/page"}],"author":[{"embeddable":true,"href":"https:\/\/umjetnostrijeci.ffzg.unizg.hr\/index.php?rest_route=\/wp\/v2\/users\/2"}],"replies":[{"embeddable":true,"href":"https:\/\/umjetnostrijeci.ffzg.unizg.hr\/index.php?rest_route=%2Fwp%2Fv2%2Fcomments&post=62"}],"version-history":[{"count":82,"href":"https:\/\/umjetnostrijeci.ffzg.unizg.hr\/index.php?rest_route=\/wp\/v2\/pages\/62\/revisions"}],"predecessor-version":[{"id":3195,"href":"https:\/\/umjetnostrijeci.ffzg.unizg.hr\/index.php?rest_route=\/wp\/v2\/pages\/62\/revisions\/3195"}],"wp:attachment":[{"href":"https:\/\/umjetnostrijeci.ffzg.unizg.hr\/index.php?rest_route=%2Fwp%2Fv2%2Fmedia&parent=62"}],"curies":[{"name":"wp","href":"https:\/\/api.w.org\/{rel}","templated":true}]}}