{"id":64,"date":"2013-03-01T20:41:33","date_gmt":"2013-03-01T19:41:33","guid":{"rendered":"http:\/\/www.ffzg.unizg.hr\/umjetnostrijeci\/?page_id=64"},"modified":"2024-09-10T14:37:42","modified_gmt":"2024-09-10T13:37:42","slug":"kontakti","status":"publish","type":"page","link":"https:\/\/umjetnostrijeci.ffzg.unizg.hr\/?page_id=64","title":{"rendered":"Kontakti"},"content":{"rendered":"<p style=\"text-align: left;\" align=\"center\"><span style=\"font-family: trebuchet ms,geneva;\"><span style=\"color: #888888;\">_____________________________________________________________________________________<\/span><br \/>\nUmjetnost rije\u010di<\/span><br \/>\n<span style=\"font-family: trebuchet ms,geneva;\">Filozofski fakultet<\/span><br \/>\n<span style=\"font-family: trebuchet ms,geneva;\">Sveu\u010dili\u0161te u Zagrebu<\/span><br \/>\n<span style=\"font-family: trebuchet ms,geneva;\">Ivana Lu\u010di\u0107a 3<\/span><br \/>\n<span style=\"font-family: trebuchet ms,geneva;\">10 000 Zagreb<\/span><\/p>\n<p><span style=\"font-family: trebuchet ms,geneva;\">Soba uredni\u0161tva: B-224<br \/>\nTel.+385-1-4092-122<\/span><br \/>\n<span style=\"font-family: trebuchet ms,geneva;\">E-adresa: <a href=\"mailto:umjetnost.rijeci@ffzg.hr\">umjetnost.rijeci@ffzg.hr<\/a><br \/>\n<span style=\"color: #888888;\">_____________________________________________________________________________________<\/span><br \/>\n<\/span><\/p>\n<p>&nbsp;<\/p>\n","protected":false},"excerpt":{"rendered":"<p>_____________________________________________________________________________________ Umjetnost rije\u010di Filozofski fakultet Sveu\u010dili\u0161te u Zagrebu Ivana Lu\u010di\u0107a 3 10 000 Zagreb Soba uredni\u0161tva: B-224 Tel.+385-1-4092-122 E-adresa: umjetnost.rijeci@ffzg.hr _____________________________________________________________________________________ &nbsp;<\/p>\n","protected":false},"author":2,"featured_media":0,"parent":0,"menu_order":0,"comment_status":"closed","ping_status":"open","template":"","meta":{"footnotes":""},"class_list":["post-64","page","type-page","status-publish","hentry"],"_links":{"self":[{"href":"https:\/\/umjetnostrijeci.ffzg.unizg.hr\/index.php?rest_route=\/wp\/v2\/pages\/64","targetHints":{"allow":["GET"]}}],"collection":[{"href":"https:\/\/umjetnostrijeci.ffzg.unizg.hr\/index.php?rest_route=\/wp\/v2\/pages"}],"about":[{"href":"https:\/\/umjetnostrijeci.ffzg.unizg.hr\/index.php?rest_route=\/wp\/v2\/types\/page"}],"author":[{"embeddable":true,"href":"https:\/\/umjetnostrijeci.ffzg.unizg.hr\/index.php?rest_route=\/wp\/v2\/users\/2"}],"replies":[{"embeddable":true,"href":"https:\/\/umjetnostrijeci.ffzg.unizg.hr\/index.php?rest_route=%2Fwp%2Fv2%2Fcomments&post=64"}],"version-history":[{"count":12,"href":"https:\/\/umjetnostrijeci.ffzg.unizg.hr\/index.php?rest_route=\/wp\/v2\/pages\/64\/revisions"}],"predecessor-version":[{"id":2865,"href":"https:\/\/umjetnostrijeci.ffzg.unizg.hr\/index.php?rest_route=\/wp\/v2\/pages\/64\/revisions\/2865"}],"wp:attachment":[{"href":"https:\/\/umjetnostrijeci.ffzg.unizg.hr\/index.php?rest_route=%2Fwp%2Fv2%2Fmedia&parent=64"}],"curies":[{"name":"wp","href":"https:\/\/api.w.org\/{rel}","templated":true}]}}