{"id":81,"date":"2013-03-01T21:17:03","date_gmt":"2013-03-01T20:17:03","guid":{"rendered":"http:\/\/www.ffzg.unizg.hr\/umjetnostrijeci\/?page_id=81"},"modified":"2025-12-21T09:24:51","modified_gmt":"2025-12-21T08:24:51","slug":"pretplata","status":"publish","type":"page","link":"https:\/\/umjetnostrijeci.ffzg.unizg.hr\/?page_id=81","title":{"rendered":"Pretplata"},"content":{"rendered":"<p><span style=\"font-size: small; font-family: tahoma,arial,helvetica,sans-serif;\">HRVATSKO FILOLO\u0160KO DRU\u0160TVO<\/span><br \/>\n<span style=\"font-size: small; font-family: tahoma,arial,helvetica,sans-serif;\">OIB: 77853441718 <br \/>\nSWIFT: ZABAHR2X<br \/>\nIBAN HR7423600001101551990 <\/span><br \/>\n<span style=\"font-size: small; font-family: tahoma,arial,helvetica,sans-serif;\"><br \/>\nCijena pojedina\u010dnog broja za Hrvatsku: 10,00 EUR<br \/>\nGodi\u0161nja pretplata za Hrvatsku: 18,00 EUR<br \/>\n<\/span><span style=\"font-family: tahoma, arial, helvetica, sans-serif;\">Cijena pojedina\u010dnog broja za inozemstvo (po\u0161tarina uklju\u010dena): 26,00 EUR<\/span><br \/>\n<span style=\"font-size: small; font-family: tahoma,arial,helvetica,sans-serif;\">Godi\u0161nja pretplata za inozemstvo (po\u0161tarina uklju\u010dena): 50,00 EUR<\/p>\n<p>Za dodatne upite obratite se elektroni\u010dkom po\u0161tom <a href=\"mailto:izivkovic@ffzg.hr\">Ivanu \u017divkovi\u0107u<\/a>.<\/span><\/p>\n","protected":false},"excerpt":{"rendered":"<p>HRVATSKO FILOLO\u0160KO DRU\u0160TVO OIB: 77853441718 SWIFT: ZABAHR2X IBAN HR7423600001101551990 Cijena pojedina\u010dnog broja za Hrvatsku: 10,00 EUR Godi\u0161nja pretplata za Hrvatsku: 18,00 EUR Cijena pojedina\u010dnog broja za inozemstvo (po\u0161tarina uklju\u010dena): 26,00 EUR Godi\u0161nja pretplata za inozemstvo (po\u0161tarina uklju\u010dena): 50,00 EUR Za dodatne upite obratite se elektroni\u010dkom po\u0161tom Ivanu \u017divkovi\u0107u.<\/p>\n","protected":false},"author":2,"featured_media":0,"parent":0,"menu_order":0,"comment_status":"closed","ping_status":"open","template":"","meta":{"footnotes":""},"class_list":["post-81","page","type-page","status-publish","hentry"],"_links":{"self":[{"href":"https:\/\/umjetnostrijeci.ffzg.unizg.hr\/index.php?rest_route=\/wp\/v2\/pages\/81","targetHints":{"allow":["GET"]}}],"collection":[{"href":"https:\/\/umjetnostrijeci.ffzg.unizg.hr\/index.php?rest_route=\/wp\/v2\/pages"}],"about":[{"href":"https:\/\/umjetnostrijeci.ffzg.unizg.hr\/index.php?rest_route=\/wp\/v2\/types\/page"}],"author":[{"embeddable":true,"href":"https:\/\/umjetnostrijeci.ffzg.unizg.hr\/index.php?rest_route=\/wp\/v2\/users\/2"}],"replies":[{"embeddable":true,"href":"https:\/\/umjetnostrijeci.ffzg.unizg.hr\/index.php?rest_route=%2Fwp%2Fv2%2Fcomments&post=81"}],"version-history":[{"count":13,"href":"https:\/\/umjetnostrijeci.ffzg.unizg.hr\/index.php?rest_route=\/wp\/v2\/pages\/81\/revisions"}],"predecessor-version":[{"id":3208,"href":"https:\/\/umjetnostrijeci.ffzg.unizg.hr\/index.php?rest_route=\/wp\/v2\/pages\/81\/revisions\/3208"}],"wp:attachment":[{"href":"https:\/\/umjetnostrijeci.ffzg.unizg.hr\/index.php?rest_route=%2Fwp%2Fv2%2Fmedia&parent=81"}],"curies":[{"name":"wp","href":"https:\/\/api.w.org\/{rel}","templated":true}]}}