{"id":82,"date":"2013-03-01T21:17:31","date_gmt":"2013-03-01T20:17:31","guid":{"rendered":"http:\/\/www.ffzg.unizg.hr\/umjetnostrijeci\/?page_id=82"},"modified":"2026-02-16T08:59:44","modified_gmt":"2026-02-16T07:59:44","slug":"medunarodni-recenzenti","status":"publish","type":"page","link":"https:\/\/umjetnostrijeci.ffzg.unizg.hr\/?page_id=82","title":{"rendered":"Recenzenti"},"content":{"rendered":"<p><span style=\"font-size: 10pt; color: #000000;\">Od o\u017eujka 2013.<\/span><\/p>\n<p><span style=\"font-size: 10pt; color: #000000;\"><strong>Mi\u0161a Aleksi\u0107, <\/strong>Univerzitet u Beogradu, Srbija<strong><br \/>\nNatka Badurina, <\/strong>Universit\u00e0 degli Studi di Udine, Italija<i><br \/>\n<\/i><strong>Ema Bakran,<\/strong> Leksikografski zavod Miroslav Krle\u017ea, Zagreb, Hrvatska<i><br \/>\n<\/i><strong>Milica Banjanin<\/strong>, Washington University in St. Louis, SAD<br \/>\n<strong>Una Bauer<\/strong>, Sveu\u010dili\u0161te u Zagrebu, Hrvatska<strong><br \/>\nDavor Beganovi\u0107<\/strong>, Universit\u00e4t T\u00fcbingen, Njema\u010dka<strong><br \/>\nLuka Bekavac, <\/strong>Sveu\u010dili\u0161te u Zagrebu, Hrvatska<strong><br \/>\n\u017diva Ben\u010di\u0107-Primc<\/strong>, Sveu\u010dili\u0161te u Zagrebu, Hrvatska<br \/>\n<strong>Borislav, Beri\u0107<\/strong>, Sveu\u010dili\u0161te J. J. Strossmayera u Osijeku, Hrvatska<br \/>\n<strong>Mislava Berto\u0161a<\/strong>, Sveu\u010dili\u0161te u Zagrebu, Hrvatska<br \/>\n<strong>Ozren Biti<\/strong>, Sveu\u010dili\u0161te u Zagrebu, Hrvatska<\/span><br \/>\n<span style=\"font-size: 10pt; color: #000000;\"> <strong>Jason Blake<\/strong>, Univerza v Ljubljani, Slovenija<\/span><br \/>\n<span style=\"font-size: 10pt; color: #000000;\"><strong> Neboj\u0161a Blanu\u0161a<\/strong>, Sveu\u010dili\u0161te u Zagrebu, Hrvatska<br \/>\n<strong>Marin Bla\u017eevi\u0107<\/strong>, Sveu\u010dili\u0161te u Zagrebu, Hrvatska<br \/>\n<strong>Zrinka Bla\u017eevi\u0107<\/strong>, Sveu\u010dili\u0161te u Zagrebu, Hrvatska<\/span><br \/>\n<span style=\"font-size: 10pt; color: #000000;\"> <strong>Marijan Bobinac<\/strong>, Sveu\u010dili\u0161te u Zagrebu, Hrvatska<\/span><br \/>\n<span style=\"font-size: 10pt; color: #000000;\"> <strong>Etami Borjan<\/strong>, Sveu\u010dili\u0161te u Zagrebu, Hrvatska<\/span><br \/>\n<span style=\"font-size: 10pt; color: #000000;\"> <strong>Tihomir Brajovi\u0107<\/strong>,Univerzitet u Beogradu<strong>, <\/strong>Srbija<strong><br \/>\nPredrag Brebanovi\u0107<\/strong>, Univerzitet u Beogradu, Srbija<strong><br \/>\nVinko Bre\u0161i\u0107<\/strong>,Sveu\u010dili\u0161te u Zagrebu, Hrvatska<br \/>\n<strong>Angela Brintlinger<\/strong>, Ohio State University, Columbus, Ohio, SAD<br \/>\n<strong>Ivana Brkovi\u0107<\/strong>, Sveu\u010dili\u0161te u Zagrebu, Hrvatska<\/span><br \/>\n<span style=\"font-size: 10pt; color: #000000;\"> <strong>Tomislav Brlek<\/strong>, Sveu\u010dili\u0161te u Zagrebu, Hrvatska<br \/>\n<\/span><span style=\"font-size: 10pt;\"><span style=\"color: #000000;\"><strong>Silvana Carotenuto<\/strong>, Universit\u00e0 degli Studi di Napoli &#8220;L&#8217;Orientale&#8221;, Italija<\/span><\/span><br \/>\n<span style=\"font-size: 10pt; color: #000000;\"> <strong>Maciej Czerwinski<\/strong>, Universytet Jagiellonski w Krakowie, Poljska<br \/>\n<\/span><span style=\"font-size: 10pt; color: #000000;\"><strong>Tihomir Cipek,<\/strong> Sveu\u010dili\u0161te u Zagrebu, Hrvatska<br \/>\n<strong>Suzana Coha<\/strong>, Sveu\u010dili\u0161te u Zagrebu, Hrvatska<br \/>\n<strong>Sven Cvek<\/strong>, Sveu\u010dili\u0161te u Zagrebu, Hrvatska<br \/>\n<strong>Nade\u017eda \u010ca\u010dinovi\u010d<\/strong>, Sveu\u010dili\u0161te u Zagrebu, Hrvatska<\/span><br \/>\n<span style=\"font-size: 10pt; color: #000000;\"> <strong>Morana \u010cale<\/strong>, Sveu\u010dili\u0161te u Zagrebu, Hrvatska<br \/>\n<strong>Kotel Dadon<\/strong>, Sveu\u010dili\u0161te u Zagrebu, Hrvatska<br \/>\n<strong>Mirela Daki\u0107<\/strong>, Sveu\u010dili\u0161te u Zagrebu, Hrvatska<br \/>\n<strong>Nevena Dakovi\u0107<\/strong>, Akademija dramskih umetnosti, Beograd, Srbija<strong><br \/>\nAdrian Danks<\/strong>, RMIT University, Melbourne, Australija<i><\/i><strong><br \/>\nAmanda Dillon<\/strong>, Trinity College Dublin, Irska<strong><br \/>\nBiljana Doj\u010dinovi\u0107<\/strong>, Univerzitet u Beogradu, Srbija<br \/>\n<strong>Christopher Donaldson<\/strong>, Lancaster University, UK<br \/>\n<\/span><span style=\"font-size: 10pt;\"><strong><span style=\"color: #000000;\">Anita Dremel,<\/span> <\/strong>Sveu\u010dili\u0161te u Zagrebu, Hrvatska<\/span><br \/>\n<span style=\"font-size: 10pt; color: #000000;\"> <strong>Dean Duda<\/strong>, Sveu\u010dili\u0161te u Zagrebu, Hrvatska<br \/>\n<strong>Dejan Duri\u0107, <\/strong>Sveu\u0161ili\u0161te u Rijeci, Hrvatska<strong><br \/>\nGoran \u0110ur\u0111evi\u0107<\/strong>, Bewai College, Peking, NR Kina<strong><br \/>\nDubravka \u0110uri\u0107<\/strong>, Univerzitet Singidunum, Srbija<br \/>\n<strong>Dunja Fali\u0161evac<\/strong>, Sveu\u010dili\u0161te u Zagrebu, Hrvatska<\/span><br \/>\n<span style=\"font-size: 10pt; color: #000000;\"><strong> Johannes Feichtinger<\/strong>, \u00d6sterreichische Akademie der Wissenschaften, Austrija<br \/>\n<strong>\u017deljka Fleger<\/strong>, Sveu\u010dili\u0161te J. J. Strossmayera u Osijeku, Hrvatska<br \/>\n<strong>Maria Mariola Glavan<\/strong>, Sveu\u010dili\u0161te u Zadru<br \/>\n<strong>Jason Goldsmith<\/strong>, Butler University, In, SAD<br \/>\n<strong>Igor Grbi\u0107<\/strong>, Sveu\u010dili\u0161te Jurja Dobrile u Puli, Hrvatska<br \/>\n<\/span><span style=\"font-size: 10pt;\"><strong><span style=\"color: #000000;\">Ma\u0161a Grde\u0161i\u0107<\/span><\/strong><span style=\"color: #000000;\">, <\/span><span style=\"color: #000000;\">Sveu\u010dili\u0161te u Zagrebu, Hrvatska<br \/>\n<strong>Stipe Grgas<\/strong>, Sveu\u010dili\u0161te u Zagrebu, Hrvatska<br \/>\n<strong>Kristina Grgi\u0107<\/strong>, Sveu\u010dili\u0161te u Zagrebu, Hrvatska<\/span><\/span><br \/>\n<span style=\"font-size: 10pt; color: #000000;\"><strong> Mario, Grizelj<\/strong>, Ludwig-Maximilians-Universit\u00e4t M\u00fcnchen, Njema\u010dka<br \/>\n<strong>Lovorka Grui\u0107-Grmu\u0161a<\/strong>, Sveu\u010dili\u0161te u Rijeci, Hrvatska<strong><br \/>\nHans G\u00fcnther<\/strong>, Universit\u00e4t Bielefeld, Njema\u010dka<\/span><br \/>\n<span style=\"font-size: 10pt; color: #000000;\"> <strong>Renate Hansen-Kokoru\u0161<\/strong>, Karl-Franzens-Universit\u00e4t Graz, Austrija<br \/>\n<strong>Erga Heller<\/strong>, Kaye Academic College of Education, Izrael<br \/>\n<strong>Martina Hor\u00e1kov\u00e1<\/strong>, Masarykova Univerzita, Republika \u010ce\u0161ka<\/span><br \/>\n<span style=\"font-size: 10pt; color: #000000;\"> <strong>Kornelija I\u010din<\/strong>, Univerzitet u Beogradu, Srbija<\/span><br \/>\n<span style=\"font-size: 10pt; color: #000000;\"> <strong>Nenad Ivi\u0107<\/strong>, Sveu\u010dili\u0161te u Zagrebu, Hrvatska<\/span><br \/>\n<span style=\"font-size: 10pt; color: #000000;\"> <strong>Renata Jambre\u0161i\u0107-Kirin<\/strong>, Sveu\u010dili\u0161te u Zagrebu, Hrvatska<\/span><br \/>\n<span style=\"font-size: 10pt; color: #000000;\"><strong> Zdenka Janekovi\u0107 R\u00f6mer<\/strong>, Zavod za povijesne znanosti HAZU u Dubrovniku, Hrvatska<br \/>\n<strong>Miha Javornik<\/strong>, Univerza v Ljubljani, Slovenija<br \/>\n<strong>Matija Jela\u010da<\/strong>, Sveu\u010dili\u0161te Jurja Dobrile u Puli, Hrvatska<br \/>\n<strong>Tatjana Jovovi\u0107<\/strong>, Universitet Crne Gore, Crna Gora<\/span><br \/>\n<span style=\"font-size: 10pt; color: #000000;\"> <strong>Tatjana Juki\u0107<\/strong>, Sveu\u010dili\u0161te u Zagrebu, Hrvatska<\/span><br \/>\n<span style=\"font-size: 10pt; color: #000000;\"> <strong>Slaven Juri\u0107<\/strong>, Sveu\u010dili\u0161te u Zagrebu, Hrvatska<\/span><br \/>\n<span style=\"font-size: 10pt; color: #000000;\"><strong> Vjeran Katurani\u0107<\/strong>, Sveu\u010dili\u0161te u Zadru, Hrvatska<br \/>\n<strong>Ivana Keser Battista<\/strong>, Sveu\u010dili\u0161te u Zagrebu, Hrvatska<br \/>\n<strong>Tihana Klepa\u010d<\/strong>, Sveu\u010dili\u0161te u Zagrebu, Hrvatska<br \/>\n<strong>Dalibor Kli\u010dkovi\u0107<\/strong>, Univerzitet u Beogradu, Srbija<br \/>\n<strong>Ma\u0161a Kolanovi\u0107<\/strong>, Sveu\u010dili\u0161te u Zagrebu, Hrvatska<\/span><br \/>\n<span style=\"font-size: 10pt; color: #000000;\"> <strong>Ksenija Kondali<\/strong>, Univerzitet u Sarajevu, BIH<\/span><br \/>\n<span style=\"font-size: 10pt; color: #000000;\"> <strong>Zvonko Kova\u010d<\/strong>, Sveu\u010dili\u0161te u Zagrebu, Hrvatska<br \/>\n<\/span><span style=\"font-size: 10pt; color: #000000;\"><strong>Bruno Kragi\u0107<\/strong>, Leksikografski zavod Miroslav Krle\u017ea, Zagreb, Hrvatska<br \/>\n<strong>Mojca Krevel<\/strong>, Univerza v Ljubljani, Slovenija<br \/>\n<strong>Lovro Kun\u010devi\u0107<\/strong>, HAZU, Zavod za povijesne znanosti u Dubrovniku, Hrvatska<br \/>\n<strong>Kornelija Kuva\u010d-Leva\u010di\u0107<\/strong>, Sveu\u010dili\u0161te u Zadru, Hrvatska<br \/>\n<strong>Svetlan Lacko Viduli\u0107<\/strong>, Sveu\u010dili\u0161te u Zagrebu, Hrvatska<strong><br \/>\nKlemen Lah<\/strong>, Waldorfska \u0161ola Ljubljana, Slovenija<br \/>\n<strong>Ivana Latkovi\u0107<\/strong>, Sveu\u010dil\u0161te u Zagrebu, Hrvatska<br \/>\n<strong>Andrea Le\u0161i\u0107-Thomas<\/strong>, Univerzitet u Sarajevu, BIH<br \/>\n<strong>Miranda Levanat-Peri\u010di\u0107<\/strong>, Sveu\u010dili\u0161te u Zadru, Hrvatska<br \/>\n<strong>Danijela Lugari\u0107 Vukas<\/strong>, Sveu\u010dili\u0161te u Zagrebu, Hrvatska<\/span><br \/>\n<span style=\"font-size: 10pt; color: #000000;\"> <strong>Darko Luki\u0107<\/strong>, Sveu\u010dili\u0161te u Zagrebu, Hrvatska<br \/>\n<strong>Jasmina Luki\u0107,<\/strong> Central European University, Ma\u0111arska<br \/>\n<strong>Marko Luki\u0107<\/strong>, Sveu\u010dil\u0161te u Splitu, Hrvatska<br \/>\n<strong>Lucija Ljubi\u0107<\/strong>, Hrvatska akademija znanosti i umjetnosti<br \/>\n<strong>Leszek Ma\u0142czak<\/strong>, Uniwersytet \u015al\u0105ski w Katowicach, Poljska<br \/>\n<strong>Camille Manfredi<\/strong>, Universit\u00e9 de Bretagne Occidentale, Brest, Francuska<\/span><br \/>\n<span style=\"font-size: 10pt; color: #000000;\"> <strong>Du\u0161an Marinkovi\u0107<\/strong>, Sveu\u010dili\u0161te u Zagrebu, Hrvatska<br \/>\n<strong>Suzana Marjani\u0107<\/strong>, Sveu\u010dili\u0161te u Zagrebu, Hrvatska<br \/>\n<strong>Danijela Marot Ki\u0161<\/strong>, Sveu\u010dili\u0161te u Rijeci, Hrvatska<br \/>\n<strong>Bojan Marotti<\/strong>, HAZU, Hrvatska<br \/>\n<strong>Ljubica Matek<\/strong>, Sveu\u010dili\u0161te J. J. Strossmayera u Osijeku, Hrvatska<br \/>\n<strong>Zdenka Matek \u0160mit<\/strong>, Sveu\u010dili\u0161te u Zadru, Hrvatska<\/span><br \/>\n<span style=\"font-size: 10pt; color: #000000;\"> <strong>\u017deljka Matija\u0161evi\u0107,<\/strong> Sveu\u010dili\u0161te u Zagrebu, Hrvatska<br \/>\n<strong>Tijana Matijevi\u0107<\/strong>, Univerzitet u Beogradu, Srbija<br \/>\n<strong>Mark Metzler Sawin<\/strong>, Eastern Mennonite University, Harrisonburg, VA, SAD<\/span><br \/>\n<span style=\"font-size: 10pt; color: #000000;\"> <strong>Andrea Meyer-Fraatz<\/strong>, Friedrich-Schiller-Universit\u00e4t, Jena, Njema\u010dka<br \/>\n<strong>Aleksandar Mijatovi\u0107<\/strong>, Sveu\u010dili\u0161te u Rijeci, Hrvatska<br \/>\n<strong>Andrea Milanko<\/strong>, Sveu\u010dili\u0161te u Zagrebu, Hrvatska<br \/>\n<strong>Brigita Milo\u0161<\/strong>, Sveu\u010dili\u0161te u Rijeci, Hrvatska<\/span><br \/>\n<span style=\"font-size: 10pt; color: #000000;\"> <strong>Zoran Milutinovi\u0107<\/strong>, University College London, UK<br \/>\n<strong>Lana Molvarec<\/strong>, Sveu\u010dili\u0161te u Zagrebu, Hrvatska<br \/>\n<strong>Violeta Moretti<\/strong>, Sveu\u010dili\u0161te Jurja Dobrile u Puli, Hrvatska<br \/>\n<strong>Peter Morgan<\/strong>, University of Sydney, NSW, Australija<br \/>\n<strong>Eliana Moscarda Mirkovi\u0107<\/strong>, Sveu\u010dili\u0161te Jurja Dobrile u Puli, Hrvatska<br \/>\n<strong>Christine Nicholls<\/strong>, Australian National University (ANU), Canberra, Australija<br \/>\n<strong>Krunoslav Nikodem<\/strong>, Sveu\u010dili\u0161te u Zagrebu, Hrvatska<br \/>\n<strong>Davor Nikoli\u0107<\/strong>, Sveu\u010dili\u0161te u Zagrebu, Hrvatska<\/span><br \/>\n<span style=\"font-size: 10pt; color: #000000;\"> <strong>Brigitte Obermayr<\/strong>, Freie Universit\u00e4t Berlin, Njema\u010dka<br \/>\n<strong>Branislav Oblu\u010dar<\/strong>, Sveu\u010dili\u0161te u Zagrebu, Hrvatska<\/span><br \/>\n<span style=\"font-size: 10pt; color: #000000;\"> <strong>Biljana Oklop\u010di\u0107<\/strong>, Sveu\u010dili\u0161te Josipa Jurja Strossmayera u Osijeku, Hrvatska<br \/>\n<strong>Merima Omeragi\u0107<\/strong>, Univerzitet u Sarajevu, BIH<\/span><br \/>\n<span style=\"font-size: 10pt; color: #000000;\"> <strong>Dubravka Orai\u0107 Toli\u0107<\/strong>, Sveu\u010dili\u0161te u Zagrebu, Hrvatska<br \/>\n<strong>\u017darko Pai\u0107<\/strong>, Sveu\u010dili\u0161te u Zagrebu, Hrvatska<br \/>\n<strong>Dariya Pavle\u0161en<\/strong>, Sveu\u010dili\u0161te u Zagrebu, Hrvatska<br \/>\n<strong>Goran, Pavli\u0107<\/strong>, Sveu\u010dili\u0161te u Zagrebu, Hrvatska<br \/>\n<strong>Cvijeta Pavlovi\u0107<\/strong>, Sveu\u010dili\u0161te u Zagrebu, Hrvatska<br \/>\n<strong>Katarina Peovi\u0107<\/strong>, Sveu\u010dili\u0161te u Rijeci, Hrvatska<br \/>\n<\/span><span style=\"font-size: 10pt; color: #000000;\"><strong>Kristina Peternai Andri\u0107<\/strong>, Sveu\u010dili\u0161te Josipa Jurja Strossmayera u Osijeku, Hrvatska<br \/>\n<strong>Rajko Petkovi\u0107<\/strong>, Sveu\u010dili\u0161te u Zadru, Hrvatska<br \/>\n<strong>Sibila Petlevski<\/strong>, Sveu\u010dili\u0161te u Zagrebu, Hrvatska<\/span><br \/>\n<span style=\"font-size: 10pt; color: #000000;\"> <strong>Krystyna Pieniazek-Markovic<\/strong>, Uniwersytet im. Adama Mickiewicza w Poznaniu, Poljska<br \/>\n<strong>Gordana Pokrajac<\/strong>, Univerzitet u Novom Sadu, Srbija<br \/>\n<strong>Vanja Poli\u0107<\/strong>, Sveu\u010dili\u0161te u Zagrebu, Hrvatska<br \/>\n<strong>Tanja Popovi\u0107<\/strong>, Univerzitet u Beogradu, Srbija<\/span><br \/>\n<span style=\"font-size: 10pt; color: #000000;\"> <strong>Marina Protrka \u0160timec<\/strong>, Sveu\u010dili\u0161te u Zagrebu, Hrvatska<\/span><br \/>\n<span style=\"font-size: 10pt; color: #000000;\"> <strong>Zvjezdana Rados<\/strong>, Sveu\u010dili\u0161te u Zadru, Hrvatska<br \/>\n<strong>Candida Rifkin<\/strong>, Sveu\u010dili\u0161te u Winnipegu, Manitoba, Kanada<br \/>\n<strong>Sanja Roi\u0107<\/strong>, Sveu\u010dili\u0161te u Zagrebu, Hrvatska<\/span><br \/>\n<span style=\"font-size: 10pt; color: #000000;\"> <strong>Branko Rom\u010devi\u0107<\/strong>, Univerzitet u Beogradu, Srbija<br \/>\n<\/span><span style=\"color: #000000;\"><strong>Evelina Rudan Kapec<\/strong>,Sveu\u010dili\u0161te u Zagrebu, Hrvatska<\/span><br \/>\n<span style=\"font-size: 10pt; color: #000000;\"> <strong>Sanja Runti\u0107<\/strong>, Sveu\u010dili\u0161te Josipa Jurja Strossmayera u Osijeku, Hrvatska<br \/>\n<strong>Boris Ru\u017ei\u0107<\/strong>, Sveu\u010dili\u0161te u Rijeci, Hrvatska<br \/>\n<strong>Anera Ryznar<\/strong>, Sveu\u010dili\u0161te u Zagrebu, Hrvatska<\/span><br \/>\n<span style=\"font-size: 10pt; color: #000000;\"> <strong>Pavle Sekeru\u0161<\/strong>, Univerzitet u Novom Sadu, Srbija<br \/>\n<strong>Peter Seyfert<\/strong>, FernUniversit\u00e4t in Hagen, Njema\u010dka<br \/>\n<strong>Svetana Slap\u0161ak<\/strong>, IBAMESC, Ljubljana, Slovenija<br \/>\n<strong>Heidi Snow<\/strong>, Principia College, IL, SAD<br \/>\n<strong>Natalia Stagl \u0160karo<\/strong>, Sveu\u010dili\u0161te u Dubrovniku, Hrvatska<\/span><br \/>\n<span style=\"font-size: 10pt; color: #000000;\"> <strong>Petr Stehl\u00edk,<\/strong> Vysok\u00e9 u\u010den\u00ed technick\u00e9 v Brne, \u010ce\u0161ka<br \/>\n<strong>\u0110ur\u0111a Strsoglavec<\/strong>, Univerza v Ljubljani, Slovenija<br \/>\n<strong>Benjamin M. Sutcliffe<\/strong>, Miami University, Oxford, Ohio, SAD<br \/>\n<\/span><span style=\"color: #000000;\"><strong><span style=\"font-size: 10pt;\">T\u00fcnde Szab\u00f3, <\/span><\/strong><span style=\"font-size: 10pt;\">P\u00e9csi Tudom\u00e1nyegyetem, Ma\u0111arska <\/span><\/span><br \/>\n<span style=\"font-size: 10pt; color: #000000;\"><strong>Tomislav \u0160aki\u0107<\/strong>, Sveu\u010dili\u0161te u Zagrebu, Hrvatska<br \/>\n<\/span><span style=\"font-size: 10pt; color: #000000;\"><strong>Jelena \u0160esni\u0107<\/strong>, Sveu\u010dili\u0161te u Zagrebu, Hrvatska<br \/>\n<strong>Alen Albin \u0160irca<\/strong>, Univerza v Ljubljani, Slovenija<\/span><br \/>\n<span style=\"font-size: 10pt; color: #000000;\"> <strong>Boris \u0160kvorc<\/strong>, Sveu\u0161ili\u0161te u Splitu, Hrvatska<br \/>\n<strong>Zlata \u0160undali\u0107<\/strong>, Sveu\u010dili\u0161te Josipa Jurja Strossmayera u Osijeku, Hrvatska<\/span><br \/>\n<span style=\"font-size: 10pt; color: #000000;\"><strong> Janica Tomi\u0107<\/strong>, Sveu\u010dili\u0161te u Zagrebu, Hrvatska<br \/>\n<strong>Marijana Tomi\u0107<\/strong>, Sveu\u010dili\u0161te u Zadru, Hrvatska<br \/>\n<strong>Branko To\u0161ovi\u0107<\/strong>, <span class=\"aCOpRe\">Karl-Franzens-Universit\u00e4t Graz<\/span>, Austrija<br \/>\n<strong>Natalia S. Tsvetova<\/strong>, Sankt-Peterburgskij Gosudarstvennyj Universitet, Rusija<br \/>\n<strong>Hrvoje Tutek<\/strong>, Sveu\u010dili\u0161te u Zagrebu, Hrvatska<br \/>\n<strong>Josip U\u017earevi\u0107<\/strong>, Sveu\u010dili\u0161te u Zagrebu, Hrvatska<br \/>\n<strong>Zoran Velagi\u0107<\/strong>, Sveu\u010dili\u0161te Josipa Jurja Strossmayera u Osijeku, Hrvatska<\/span><br \/>\n<span style=\"font-size: 10pt; color: #000000;\"> <strong>Mirna Vel\u010di\u0107-Canivez<\/strong>, Universit\u00e9 de Lille 3, Francuska<br \/>\n<strong>Stijn Vervaet<\/strong>, Universitetet i Oslo, Norve\u0161ka<\/span><br \/>\n<span style=\"font-size: 10pt; color: #000000;\"><strong>Aida Vidan<\/strong>, Harvard University, Cambridge, MA, SAD<br \/>\n<strong>Adriana Vidi\u0107<\/strong>, Sveu\u010dili\u0161te u Zadru, Hrvatska<br \/>\n<strong>Inga Vidugiryte-Pakeriene<\/strong>, Vilniaus Universitetas, Litva<br \/>\n<strong>Doj\u010dilo Vojvodi\u0107<\/strong>, Univerzitet u Novom Sadu<br \/>\n<\/span><span style=\"font-size: 10pt; color: #000000;\"><strong>Tvrtko Vukovi\u0107<\/strong>, Sveu\u010dili\u0161te u Zagrebu, Hrvatska<br \/>\n<strong>Linda Warley<\/strong>, University of Waterloo, Ontario, Kanada<br \/>\n<strong>Erica Weitzman<\/strong>, Northwestern University, Evanston, IL, SAD<br \/>\n<strong>Mirna Zeman<\/strong>, Universit\u00e4t Paderborn, Njema\u010dka<br \/>\n<strong>Andrea Zlatar,<\/strong> Sveu\u010dili\u0161te u Zagrebu, Hrvatska<br \/>\n<strong>Natalija Zlydneva<\/strong>, PAH (Ruska akademija znanosti), Rusija<br \/>\n<strong>Leo Zonn<\/strong>, University of Texas at Austin, TX, SAD<strong><br \/>\nBojan \u017diki\u0107<\/strong>, Univerzitet u Beogradu, Srbija<br \/>\n<strong>Olivera \u017di\u017eovi\u0107<\/strong>, Univerzitet u Beogradu, Srbija<strong><br \/>\n<\/strong><\/span><\/p>\n","protected":false},"excerpt":{"rendered":"<p>Od o\u017eujka 2013. Mi\u0161a Aleksi\u0107, Univerzitet u Beogradu, Srbija Natka Badurina, Universit\u00e0 degli Studi di Udine, Italija Ema Bakran, Leksikografski zavod Miroslav Krle\u017ea, Zagreb, Hrvatska Milica Banjanin, Washington University in St. Louis, SAD Una Bauer, Sveu\u010dili\u0161te u Zagrebu, Hrvatska Davor Beganovi\u0107, Universit\u00e4t T\u00fcbingen, Njema\u010dka Luka Bekavac, Sveu\u010dili\u0161te u Zagrebu, Hrvatska \u017diva Ben\u010di\u0107-Primc, Sveu\u010dili\u0161te u Zagrebu, [&hellip;]<\/p>\n","protected":false},"author":2,"featured_media":0,"parent":0,"menu_order":0,"comment_status":"closed","ping_status":"open","template":"","meta":{"footnotes":""},"class_list":["post-82","page","type-page","status-publish","hentry"],"_links":{"self":[{"href":"https:\/\/umjetnostrijeci.ffzg.unizg.hr\/index.php?rest_route=\/wp\/v2\/pages\/82","targetHints":{"allow":["GET"]}}],"collection":[{"href":"https:\/\/umjetnostrijeci.ffzg.unizg.hr\/index.php?rest_route=\/wp\/v2\/pages"}],"about":[{"href":"https:\/\/umjetnostrijeci.ffzg.unizg.hr\/index.php?rest_route=\/wp\/v2\/types\/page"}],"author":[{"embeddable":true,"href":"https:\/\/umjetnostrijeci.ffzg.unizg.hr\/index.php?rest_route=\/wp\/v2\/users\/2"}],"replies":[{"embeddable":true,"href":"https:\/\/umjetnostrijeci.ffzg.unizg.hr\/index.php?rest_route=%2Fwp%2Fv2%2Fcomments&post=82"}],"version-history":[{"count":87,"href":"https:\/\/umjetnostrijeci.ffzg.unizg.hr\/index.php?rest_route=\/wp\/v2\/pages\/82\/revisions"}],"predecessor-version":[{"id":3219,"href":"https:\/\/umjetnostrijeci.ffzg.unizg.hr\/index.php?rest_route=\/wp\/v2\/pages\/82\/revisions\/3219"}],"wp:attachment":[{"href":"https:\/\/umjetnostrijeci.ffzg.unizg.hr\/index.php?rest_route=%2Fwp%2Fv2%2Fmedia&parent=82"}],"curies":[{"name":"wp","href":"https:\/\/api.w.org\/{rel}","templated":true}]}}