{"id":9,"date":"2013-02-27T17:20:09","date_gmt":"2013-02-27T16:20:09","guid":{"rendered":"http:\/\/www.ffzg.unizg.hr\/umjetnostrijeci\/?page_id=9"},"modified":"2025-11-03T16:11:34","modified_gmt":"2025-11-03T15:11:34","slug":"umjetnost-rijeci","status":"publish","type":"page","link":"https:\/\/umjetnostrijeci.ffzg.unizg.hr\/","title":{"rendered":"Dobrodo\u0161li na stranice \u010dasopisa"},"content":{"rendered":"<p style=\"text-align: justify;\"><span style=\"font-size: small; font-family: tahoma,arial,helvetica,sans-serif;\"><span style=\"font-size: 10pt;\">\u010casopis <em>Umjetnost rije\u010di<\/em> kontinuirano izlazi od 1957. godine i predstavlja najstariji \u010dasopis za znanost o knji\u017eevnosti u Hrvatskoj. Iako nam je sjedi\u0161te na Filozofskom fakultetu u Zagrebu, na\u0161 me\u0111unarodni uredni\u010dki i savjetodavni odbor povezuje nas sa znanstvenicima u Europi, Zapadnome Balkanu, SAD-u i Aziji. Objavljujemo radove koji se bave inovativnim \u010ditanjima i novim pristupma tekstu u naj\u0161irem smislu, iz podru\u010dja znanosti o knji\u017eevnosti, teatrologije i filmologije. Rado prihva\u0107amo i inter- i transdisciplinarne radove koji se oslanjaju i na druga podru\u010dja unutar humanistike i dru\u0161tvenih znanosti, odnosno, ovisno o potrebi, i na druga znanstvena i umjetni\u010dka podru\u010dja. Osim izvornih znanstvenih i preglednih radova, <em>Umjetnost rije\u010di<\/em> objavljuje prikaze recentnih znanstvenih knjiga, kao i transkripte okruglih stolova i <\/span><span style=\"font-size: 10pt;\">intervjua s vode\u0107im znanstvenicima u organizaciji uredni\u0161tva \u010dasopisa. \u010casopis povremeno objavljuje tematske blokove i brojeve, te pozivamo autore da nam se obrate sa svojim idejama za temate.<\/span><br \/>\n<span style=\"font-size: 10pt;\">\u010casopis u svakom broju objavljuje priloge na hrvatskom, engleskom, bosanskom, crnogorskom i srpskom standardnom jeziku. <\/span><br \/>\nSvi objavljeni radovi u potpunosti su dostupni u elektroni\u010dkome obliku preko na\u0161e stranice i znanstvenog portala Hr\u010dak. \u010casopis tako\u0111er izlazi i u tiskanome izdanju.<br \/>\nVeselimo se suradnji s autorima!<\/p>\n<p><\/span><\/p>\n<table style=\"border-collapse: collapse; width: 100%;\">\n<tbody>\n<tr>\n<td style=\"width: 25%;\"><img loading=\"lazy\" decoding=\"async\" class=\"alignnone size-medium wp-image-3083\" src=\"http:\/\/umjetnostrijeci.ffzg.unizg.hr\/wp-content\/uploads\/2025\/07\/scopus-300x96.png\" alt=\"\" width=\"300\" height=\"96\" srcset=\"https:\/\/umjetnostrijeci.ffzg.unizg.hr\/wp-content\/uploads\/2025\/07\/scopus-300x96.png 300w, https:\/\/umjetnostrijeci.ffzg.unizg.hr\/wp-content\/uploads\/2025\/07\/scopus-768x246.png 768w, https:\/\/umjetnostrijeci.ffzg.unizg.hr\/wp-content\/uploads\/2025\/07\/scopus-624x200.png 624w, https:\/\/umjetnostrijeci.ffzg.unizg.hr\/wp-content\/uploads\/2025\/07\/scopus.png 1024w\" sizes=\"auto, (max-width: 300px) 100vw, 300px\" \/><\/td>\n<td style=\"width: 25%;\"><img loading=\"lazy\" decoding=\"async\" class=\"alignnone size-medium wp-image-3079\" src=\"http:\/\/umjetnostrijeci.ffzg.unizg.hr\/wp-content\/uploads\/2025\/07\/hrcak-logo2-300x100.png\" alt=\"\" width=\"300\" height=\"100\" srcset=\"https:\/\/umjetnostrijeci.ffzg.unizg.hr\/wp-content\/uploads\/2025\/07\/hrcak-logo2-300x100.png 300w, https:\/\/umjetnostrijeci.ffzg.unizg.hr\/wp-content\/uploads\/2025\/07\/hrcak-logo2-624x209.png 624w, https:\/\/umjetnostrijeci.ffzg.unizg.hr\/wp-content\/uploads\/2025\/07\/hrcak-logo2.png 697w\" sizes=\"auto, (max-width: 300px) 100vw, 300px\" \/><\/td>\n<td style=\"width: 25%;\"><img loading=\"lazy\" decoding=\"async\" class=\"alignnone size-medium wp-image-3093\" src=\"http:\/\/umjetnostrijeci.ffzg.unizg.hr\/wp-content\/uploads\/2025\/07\/erichplus2-300x104.png\" alt=\"\" width=\"300\" height=\"104\" srcset=\"https:\/\/umjetnostrijeci.ffzg.unizg.hr\/wp-content\/uploads\/2025\/07\/erichplus2-300x104.png 300w, https:\/\/umjetnostrijeci.ffzg.unizg.hr\/wp-content\/uploads\/2025\/07\/erichplus2.png 333w\" sizes=\"auto, (max-width: 300px) 100vw, 300px\" \/><\/td>\n<td style=\"width: 25%;\"><img loading=\"lazy\" decoding=\"async\" class=\"alignnone size-medium wp-image-3097\" src=\"http:\/\/umjetnostrijeci.ffzg.unizg.hr\/wp-content\/uploads\/2025\/07\/NSK-pozitiv-300x171.png\" alt=\"\" width=\"300\" height=\"171\" srcset=\"https:\/\/umjetnostrijeci.ffzg.unizg.hr\/wp-content\/uploads\/2025\/07\/NSK-pozitiv-300x171.png 300w, https:\/\/umjetnostrijeci.ffzg.unizg.hr\/wp-content\/uploads\/2025\/07\/NSK-pozitiv-1024x583.png 1024w, https:\/\/umjetnostrijeci.ffzg.unizg.hr\/wp-content\/uploads\/2025\/07\/NSK-pozitiv-768x437.png 768w, https:\/\/umjetnostrijeci.ffzg.unizg.hr\/wp-content\/uploads\/2025\/07\/NSK-pozitiv-1536x874.png 1536w, https:\/\/umjetnostrijeci.ffzg.unizg.hr\/wp-content\/uploads\/2025\/07\/NSK-pozitiv-624x355.png 624w, https:\/\/umjetnostrijeci.ffzg.unizg.hr\/wp-content\/uploads\/2025\/07\/NSK-pozitiv.png 1630w\" sizes=\"auto, (max-width: 300px) 100vw, 300px\" \/><\/td>\n<\/tr>\n<tr>\n<td style=\"width: 25%;\"><img loading=\"lazy\" decoding=\"async\" class=\"alignnone size-medium wp-image-3073\" src=\"http:\/\/umjetnostrijeci.ffzg.unizg.hr\/wp-content\/uploads\/2025\/07\/doas-300x144.png\" alt=\"\" width=\"300\" height=\"144\" srcset=\"https:\/\/umjetnostrijeci.ffzg.unizg.hr\/wp-content\/uploads\/2025\/07\/doas-300x144.png 300w, https:\/\/umjetnostrijeci.ffzg.unizg.hr\/wp-content\/uploads\/2025\/07\/doas.png 324w\" sizes=\"auto, (max-width: 300px) 100vw, 300px\" \/><\/td>\n<td style=\"width: 25%;\"><img loading=\"lazy\" decoding=\"async\" class=\"alignnone size-medium wp-image-3063\" src=\"http:\/\/umjetnostrijeci.ffzg.unizg.hr\/wp-content\/uploads\/2025\/07\/ceeol-300x95.png\" alt=\"\" width=\"300\" height=\"95\" srcset=\"https:\/\/umjetnostrijeci.ffzg.unizg.hr\/wp-content\/uploads\/2025\/07\/ceeol-300x95.png 300w, https:\/\/umjetnostrijeci.ffzg.unizg.hr\/wp-content\/uploads\/2025\/07\/ceeol.png 399w\" sizes=\"auto, (max-width: 300px) 100vw, 300px\" \/><\/td>\n<td style=\"width: 25%;\"><img loading=\"lazy\" decoding=\"async\" class=\"alignnone size-full wp-image-3081\" src=\"http:\/\/umjetnostrijeci.ffzg.unizg.hr\/wp-content\/uploads\/2025\/07\/jisc.png\" alt=\"\" width=\"300\" height=\"168\" \/><\/td>\n<td style=\"width: 25%;\"><img loading=\"lazy\" decoding=\"async\" class=\"alignnone size-medium wp-image-3071\" src=\"http:\/\/umjetnostrijeci.ffzg.unizg.hr\/wp-content\/uploads\/2025\/07\/DOAJ_logo-colour-1024x577-1-300x169.png\" alt=\"\" width=\"300\" height=\"169\" srcset=\"https:\/\/umjetnostrijeci.ffzg.unizg.hr\/wp-content\/uploads\/2025\/07\/DOAJ_logo-colour-1024x577-1-300x169.png 300w, https:\/\/umjetnostrijeci.ffzg.unizg.hr\/wp-content\/uploads\/2025\/07\/DOAJ_logo-colour-1024x577-1-768x433.png 768w, https:\/\/umjetnostrijeci.ffzg.unizg.hr\/wp-content\/uploads\/2025\/07\/DOAJ_logo-colour-1024x577-1-624x352.png 624w, https:\/\/umjetnostrijeci.ffzg.unizg.hr\/wp-content\/uploads\/2025\/07\/DOAJ_logo-colour-1024x577-1.png 1024w\" sizes=\"auto, (max-width: 300px) 100vw, 300px\" \/><\/td>\n<\/tr>\n<tr>\n<td style=\"width: 25%;\"><img loading=\"lazy\" decoding=\"async\" class=\"alignnone  wp-image-3075\" src=\"http:\/\/umjetnostrijeci.ffzg.unizg.hr\/wp-content\/uploads\/2025\/07\/DOI_logo.svg_-300x300.png\" alt=\"\" width=\"100\" height=\"100\" srcset=\"https:\/\/umjetnostrijeci.ffzg.unizg.hr\/wp-content\/uploads\/2025\/07\/DOI_logo.svg_-300x300.png 300w, https:\/\/umjetnostrijeci.ffzg.unizg.hr\/wp-content\/uploads\/2025\/07\/DOI_logo.svg_-150x150.png 150w, https:\/\/umjetnostrijeci.ffzg.unizg.hr\/wp-content\/uploads\/2025\/07\/DOI_logo.svg_-624x624.png 624w, https:\/\/umjetnostrijeci.ffzg.unizg.hr\/wp-content\/uploads\/2025\/07\/DOI_logo.svg_.png 768w\" sizes=\"auto, (max-width: 100px) 100vw, 100px\" \/><\/td>\n<td style=\"width: 25%;\"><img loading=\"lazy\" decoding=\"async\" class=\"alignnone size-medium wp-image-3113\" src=\"http:\/\/umjetnostrijeci.ffzg.unizg.hr\/wp-content\/uploads\/2025\/07\/ROAD_Directory_of_Open_Access_Scholarly_Resources_logo-300x92.png\" alt=\"\" width=\"300\" height=\"92\" srcset=\"https:\/\/umjetnostrijeci.ffzg.unizg.hr\/wp-content\/uploads\/2025\/07\/ROAD_Directory_of_Open_Access_Scholarly_Resources_logo-300x92.png 300w, https:\/\/umjetnostrijeci.ffzg.unizg.hr\/wp-content\/uploads\/2025\/07\/ROAD_Directory_of_Open_Access_Scholarly_Resources_logo.png 302w\" sizes=\"auto, (max-width: 300px) 100vw, 300px\" \/><\/td>\n<td style=\"width: 25%;\"><img loading=\"lazy\" decoding=\"async\" class=\"alignnone size-medium wp-image-3103\" src=\"http:\/\/umjetnostrijeci.ffzg.unizg.hr\/wp-content\/uploads\/2025\/07\/EBSCO_Logo_0-300x106.png\" alt=\"\" width=\"300\" height=\"106\" srcset=\"https:\/\/umjetnostrijeci.ffzg.unizg.hr\/wp-content\/uploads\/2025\/07\/EBSCO_Logo_0-300x106.png 300w, https:\/\/umjetnostrijeci.ffzg.unizg.hr\/wp-content\/uploads\/2025\/07\/EBSCO_Logo_0-1024x361.png 1024w, https:\/\/umjetnostrijeci.ffzg.unizg.hr\/wp-content\/uploads\/2025\/07\/EBSCO_Logo_0-768x271.png 768w, https:\/\/umjetnostrijeci.ffzg.unizg.hr\/wp-content\/uploads\/2025\/07\/EBSCO_Logo_0-1536x541.png 1536w, https:\/\/umjetnostrijeci.ffzg.unizg.hr\/wp-content\/uploads\/2025\/07\/EBSCO_Logo_0-2048x722.png 2048w, https:\/\/umjetnostrijeci.ffzg.unizg.hr\/wp-content\/uploads\/2025\/07\/EBSCO_Logo_0-624x220.png 624w\" sizes=\"auto, (max-width: 300px) 100vw, 300px\" \/><\/td>\n<td style=\"width: 25%;\"><img loading=\"lazy\" decoding=\"async\" class=\"alignnone size-medium wp-image-3107\" src=\"http:\/\/umjetnostrijeci.ffzg.unizg.hr\/wp-content\/uploads\/2025\/07\/Anvur_logo-300x169.png\" alt=\"\" width=\"300\" height=\"169\" srcset=\"https:\/\/umjetnostrijeci.ffzg.unizg.hr\/wp-content\/uploads\/2025\/07\/Anvur_logo-300x169.png 300w, https:\/\/umjetnostrijeci.ffzg.unizg.hr\/wp-content\/uploads\/2025\/07\/Anvur_logo.png 613w\" sizes=\"auto, (max-width: 300px) 100vw, 300px\" \/><\/td>\n<\/tr>\n<tr>\n<td style=\"width: 25%;\"><img loading=\"lazy\" decoding=\"async\" class=\"alignnone  wp-image-3099\" src=\"http:\/\/umjetnostrijeci.ffzg.unizg.hr\/wp-content\/uploads\/2025\/07\/images.png\" alt=\"\" width=\"110\" height=\"71\" \/><\/td>\n<td style=\"width: 25%;\"><img loading=\"lazy\" decoding=\"async\" class=\"alignnone size-medium wp-image-3140\" src=\"http:\/\/umjetnostrijeci.ffzg.unizg.hr\/wp-content\/uploads\/2025\/11\/AskBisht-300x300.png\" alt=\"\" width=\"300\" height=\"300\" srcset=\"https:\/\/umjetnostrijeci.ffzg.unizg.hr\/wp-content\/uploads\/2025\/11\/AskBisht-300x300.png 300w, https:\/\/umjetnostrijeci.ffzg.unizg.hr\/wp-content\/uploads\/2025\/11\/AskBisht-1024x1024.png 1024w, https:\/\/umjetnostrijeci.ffzg.unizg.hr\/wp-content\/uploads\/2025\/11\/AskBisht-150x150.png 150w, https:\/\/umjetnostrijeci.ffzg.unizg.hr\/wp-content\/uploads\/2025\/11\/AskBisht-768x768.png 768w, https:\/\/umjetnostrijeci.ffzg.unizg.hr\/wp-content\/uploads\/2025\/11\/AskBisht-624x624.png 624w, https:\/\/umjetnostrijeci.ffzg.unizg.hr\/wp-content\/uploads\/2025\/11\/AskBisht.png 1080w\" sizes=\"auto, (max-width: 300px) 100vw, 300px\" \/><\/td>\n<td style=\"width: 25%;\">\u00a0<\/td>\n<td style=\"width: 25%;\">\u00a0<\/td>\n<\/tr>\n<\/tbody>\n<\/table>\n<p style=\"text-align: justify;\"><span style=\"font-size: small; font-family: tahoma,arial,helvetica,sans-serif;\">\u00a0<\/span><\/p>\n<p>&nbsp;<\/p>\n<p style=\"line-height: normal;\"><span style=\"font-size: small;\">\u00a0<\/span><\/p>\n<p style=\"line-height: normal;\"><span style=\"font-size: small;\">\u00a0<\/span><\/p>\n","protected":false},"excerpt":{"rendered":"<p>\u010casopis Umjetnost rije\u010di kontinuirano izlazi od 1957. godine i predstavlja najstariji \u010dasopis za znanost o knji\u017eevnosti u Hrvatskoj. Iako nam je sjedi\u0161te na Filozofskom fakultetu u Zagrebu, na\u0161 me\u0111unarodni uredni\u010dki i savjetodavni odbor povezuje nas sa znanstvenicima u Europi, Zapadnome Balkanu, SAD-u i Aziji. Objavljujemo radove koji se bave inovativnim \u010ditanjima i novim pristupma tekstu [&hellip;]<\/p>\n","protected":false},"author":2,"featured_media":0,"parent":0,"menu_order":0,"comment_status":"closed","ping_status":"open","template":"","meta":{"footnotes":""},"class_list":["post-9","page","type-page","status-publish","hentry"],"_links":{"self":[{"href":"https:\/\/umjetnostrijeci.ffzg.unizg.hr\/index.php?rest_route=\/wp\/v2\/pages\/9","targetHints":{"allow":["GET"]}}],"collection":[{"href":"https:\/\/umjetnostrijeci.ffzg.unizg.hr\/index.php?rest_route=\/wp\/v2\/pages"}],"about":[{"href":"https:\/\/umjetnostrijeci.ffzg.unizg.hr\/index.php?rest_route=\/wp\/v2\/types\/page"}],"author":[{"embeddable":true,"href":"https:\/\/umjetnostrijeci.ffzg.unizg.hr\/index.php?rest_route=\/wp\/v2\/users\/2"}],"replies":[{"embeddable":true,"href":"https:\/\/umjetnostrijeci.ffzg.unizg.hr\/index.php?rest_route=%2Fwp%2Fv2%2Fcomments&post=9"}],"version-history":[{"count":66,"href":"https:\/\/umjetnostrijeci.ffzg.unizg.hr\/index.php?rest_route=\/wp\/v2\/pages\/9\/revisions"}],"predecessor-version":[{"id":3142,"href":"https:\/\/umjetnostrijeci.ffzg.unizg.hr\/index.php?rest_route=\/wp\/v2\/pages\/9\/revisions\/3142"}],"wp:attachment":[{"href":"https:\/\/umjetnostrijeci.ffzg.unizg.hr\/index.php?rest_route=%2Fwp%2Fv2%2Fmedia&parent=9"}],"curies":[{"name":"wp","href":"https:\/\/api.w.org\/{rel}","templated":true}]}}